{"id":132498,"date":"2024-05-23T16:08:43","date_gmt":"2024-05-23T15:08:43","guid":{"rendered":"https:\/\/osta.be\/our-values\/"},"modified":"2024-12-08T16:56:20","modified_gmt":"2024-12-08T16:56:20","slug":"nos-valeurs","status":"publish","type":"page","link":"https:\/\/osta.be\/fr\/nos-valeurs\/","title":{"rendered":"Nos Valeurs"},"content":{"rendered":"<div class=\"wpb-content-wrapper\"><p>[vc_row unlock_row_content=\u00a0\u00bbyes\u00a0\u00bb row_height_percent=\u00a0\u00bb0&Prime; overlay_alpha=\u00a0\u00bb50&Prime; gutter_size=\u00a0\u00bb3&Prime; column_width_percent=\u00a0\u00bb100&Prime; shift_y=\u00a0\u00bb0&Prime; z_index=\u00a0\u00bb0&Prime; content_parallax=\u00a0\u00bb0&Prime; uncode_shortcode_id=\u00a0\u00bb122477&Prime;][vc_column width=\u00a0\u00bb1\/1&Prime;][vc_gallery el_id=\u00a0\u00bbgallery-636697&Prime; type=\u00a0\u00bbcarousel\u00a0\u00bb medias=\u00a0\u00bb131764,131743,131749,131748,131771,131772&Prime; carousel_lg=\u00a0\u00bb4&Prime; carousel_md=\u00a0\u00bb4&Prime; carousel_sm=\u00a0\u00bb1&Prime; thumb_size=\u00a0\u00bbone-one\u00a0\u00bb gutter_size=\u00a0\u00bb2&Prime; media_items=\u00a0\u00bbmedia|nolink|original,icon\u00a0\u00bb carousel_interval=\u00a0\u00bb3000&Prime; carousel_navspeed=\u00a0\u00bb400&Prime; carousel_loop=\u00a0\u00bbyes\u00a0\u00bb stage_padding=\u00a0\u00bb0&Prime; single_shape=\u00a0\u00bbround\u00a0\u00bb radius=\u00a0\u00bblg\u00a0\u00bb single_overlay_opacity=\u00a0\u00bb50&Prime; single_overlay_anim=\u00a0\u00bbno\u00a0\u00bb single_text_anim=\u00a0\u00bbno\u00a0\u00bb single_image_anim=\u00a0\u00bbno\u00a0\u00bb single_padding=\u00a0\u00bb2&Prime; uncode_shortcode_id=\u00a0\u00bb989860&Prime;][\/vc_column][\/vc_row][vc_row unlock_row_content=\u00a0\u00bbyes\u00a0\u00bb row_height_percent=\u00a0\u00bb0&Prime; override_padding=\u00a0\u00bbyes\u00a0\u00bb h_padding=\u00a0\u00bb2&Prime; top_padding=\u00a0\u00bb4&Prime; bottom_padding=\u00a0\u00bb4&Prime; overlay_alpha=\u00a0\u00bb50&Prime; gutter_size=\u00a0\u00bb3&Prime; column_width_percent=\u00a0\u00bb100&Prime; shift_y=\u00a0\u00bb0&Prime; z_index=\u00a0\u00bb0&Prime; content_parallax=\u00a0\u00bb0&Prime; uncode_shortcode_id=\u00a0\u00bb117541&Prime;][vc_column column_width_use_pixel=\u00a0\u00bbyes\u00a0\u00bb position_vertical=\u00a0\u00bbmiddle\u00a0\u00bb gutter_size=\u00a0\u00bb3&Prime; overlay_alpha=\u00a0\u00bb50&Prime; shift_x=\u00a0\u00bb0&Prime; shift_y=\u00a0\u00bb0&Prime; shift_y_down=\u00a0\u00bb0&Prime; z_index=\u00a0\u00bb0&Prime; medium_width=\u00a0\u00bb0&Prime; mobile_width=\u00a0\u00bb0&Prime; width=\u00a0\u00bb1\/1&Prime; column_width_pixel=\u00a0\u00bb1200&Prime; uncode_shortcode_id=\u00a0\u00bb289799&Prime;][vc_custom_heading text_color=\u00a0\u00bbaccent\u00a0\u00bb heading_semantic=\u00a0\u00bbh5&Prime; text_size=\u00a0\u00bbh5&Prime; text_transform=\u00a0\u00bbuppercase\u00a0\u00bb uncode_shortcode_id=\u00a0\u00bb122416&Prime; text_color_type=\u00a0\u00bbuncode-palette\u00a0\u00bb]vue d&rsquo;ensemble d&rsquo;osta[\/vc_custom_heading][vc_custom_heading uncode_shortcode_id=\u00a0\u00bb129159&Prime;]<span style=\"text-decoration: underline;\">Nos Valeurs<\/span>[\/vc_custom_heading][vc_custom_heading heading_semantic=\u00a0\u00bbh3&Prime; text_size=\u00a0\u00bbh3&Prime; uncode_shortcode_id=\u00a0\u00bb182339&Prime;]<span style=\"text-decoration: underline;\">Amour, respect et int\u00e9grit\u00e9\u00a0<\/span>[\/vc_custom_heading][vc_column_text text_lead=\u00a0\u00bbyes\u00a0\u00bb uncode_shortcode_id=\u00a0\u00bb102980&Prime;]<strong>L&rsquo;amour, le respect et l&rsquo;int\u00e9grit\u00e9 forment le c\u0153ur de notre organisation, tant en interne qu&rsquo;en externe.<\/strong>\u00a0Ces valeurs sont le fondement de relations durables avec les animaux et les humains. En mettant ces valeurs au premier plan, nous construisons des liens solides au sein de la communaut\u00e9 et poursuivons nos objectifs selon les plus hauts standards \u00e9thiques et spirituels[\/vc_column_text][vc_custom_heading heading_semantic=\u00a0\u00bbh3&Prime; text_size=\u00a0\u00bbh3&Prime; uncode_shortcode_id=\u00a0\u00bb950963&Prime;]<span style=\"text-decoration: underline;\">Int\u00e9grit\u00e9 financi\u00e8re et autosuffisance<\/span>[\/vc_custom_heading][vc_column_text text_lead=\u00a0\u00bbyes\u00a0\u00bb uncode_shortcode_id=\u00a0\u00bb467557&Prime;]<strong>Nous visons la transparence financi\u00e8re<\/strong> et menons des discussions ouvertes sur nos finances. <strong>Nous croyons aux collaborations gagnant-gagnant<\/strong> o\u00f9 toutes les parties grandissent et se d\u00e9veloppent. Qu&rsquo;il s&rsquo;agisse de partenariats, de projets, de partage de connaissances ou d&rsquo;adh\u00e9sion &#8211; chaque forme de participation contribue \u00e0 une croissance mutuelle.<br \/>\n<strong>Nous aspirons \u00e0 l&rsquo;autosuffisance en combinant notre id\u00e9alisme centr\u00e9 sur les animaux avec des strat\u00e9gies pragmatiques et une bonne planification financi\u00e8re.<\/strong> Nous aspirons \u00e0 l&rsquo;autosuffisance en combinant notre id\u00e9alisme centr\u00e9 sur les animaux avec des strat\u00e9gies pragmatiques et une bonne planification financi\u00e8re. Nous y parvenons gr\u00e2ce \u00e0 : la fourniture de produits et services, des partenariats, des dons, des subventions et la facilitation d&rsquo;une plateforme pour des initiatives animales de haute qualit\u00e9.[\/vc_column_text][\/vc_column][\/vc_row][vc_row unlock_row_content=\u00a0\u00bbyes\u00a0\u00bb row_height_percent=\u00a0\u00bb0&Prime; override_padding=\u00a0\u00bbyes\u00a0\u00bb h_padding=\u00a0\u00bb2&Prime; top_padding=\u00a0\u00bb4&Prime; bottom_padding=\u00a0\u00bb4&Prime; back_color=\u00a0\u00bbcolor-109268&Prime; overlay_alpha=\u00a0\u00bb50&Prime; gutter_size=\u00a0\u00bb3&Prime; column_width_percent=\u00a0\u00bb100&Prime; shift_y=\u00a0\u00bb0&Prime; z_index=\u00a0\u00bb0&Prime; content_parallax=\u00a0\u00bb0&Prime; uncode_shortcode_id=\u00a0\u00bb176663&Prime; back_color_type=\u00a0\u00bbuncode-palette\u00a0\u00bb][vc_column column_width_use_pixel=\u00a0\u00bbyes\u00a0\u00bb gutter_size=\u00a0\u00bb3&Prime; overlay_alpha=\u00a0\u00bb50&Prime; shift_x=\u00a0\u00bb0&Prime; shift_y=\u00a0\u00bb0&Prime; shift_y_down=\u00a0\u00bb0&Prime; z_index=\u00a0\u00bb0&Prime; medium_width=\u00a0\u00bb0&Prime; mobile_width=\u00a0\u00bb0&Prime; width=\u00a0\u00bb1\/1&Prime; uncode_shortcode_id=\u00a0\u00bb851751&Prime; column_width_pixel=\u00a0\u00bb1200&Prime;][vc_row_inner limit_content=\u00a0\u00bb\u00a0\u00bb][vc_column_inner column_width_percent=\u00a0\u00bb100&Prime; gutter_size=\u00a0\u00bb2&Prime; overlay_alpha=\u00a0\u00bb50&Prime; shift_x=\u00a0\u00bb0&Prime; shift_y=\u00a0\u00bb0&Prime; shift_y_down=\u00a0\u00bb0&Prime; z_index=\u00a0\u00bb0&Prime; medium_width=\u00a0\u00bb0&Prime; mobile_width=\u00a0\u00bb0&Prime; width=\u00a0\u00bb2\/3&Prime; uncode_shortcode_id=\u00a0\u00bb149633&Prime;][vc_custom_heading uncode_shortcode_id=\u00a0\u00bb880124&Prime;]<span style=\"text-decoration: underline;\">Le B\u00e9luga, notre animal spirituel<\/span>[\/vc_custom_heading][vc_column_text text_lead=\u00a0\u00bbyes\u00a0\u00bb uncode_shortcode_id=\u00a0\u00bb222692&Prime;]Le B\u00e9luga est un c\u00e9tac\u00e9 \u00e0 dents, nous l&rsquo;avons choisi comme animal totem pour ces 3 points communs avec OSTA:[\/vc_column_text][vc_custom_heading heading_semantic=\u00a0\u00bbh3&Prime; text_size=\u00a0\u00bbh3&Prime; subheading=\u00a0\u00bbComme le B\u00e9luga, OSTA communique son message dans un environnement complexe, transmettant clairement et avec nuance la perspective des animaux.\u00a0\u00bb uncode_shortcode_id=\u00a0\u00bb656766&Prime;]<u>Communication nuanc\u00e9e<\/u>[\/vc_custom_heading][vc_custom_heading heading_semantic=\u00a0\u00bbh3&Prime; text_size=\u00a0\u00bbh3&Prime; subheading=\u00a0\u00bb\u00c0 l&rsquo;instar des B\u00e9lugas, OSTA s&rsquo;adapte facilement aux conditions changeantes, nous permettant de poursuivre efficacement notre mission.\u00a0\u00bb uncode_shortcode_id=\u00a0\u00bb161230&Prime;]<span style=\"text-decoration: underline;\">Flexibilit\u00e9 et adaptabilit\u00e9<\/span>[\/vc_custom_heading][vc_custom_heading heading_semantic=\u00a0\u00bbh3&Prime; text_size=\u00a0\u00bbh3&Prime; subheading=\u00a0\u00bbComme les B\u00e9lugas qui vivent ensemble sont \u00e9troitement unis, OSTA aspire \u00e0 une communaut\u00e9 forte o\u00f9 la collaboration et le soutien mutuel sont au c\u0153ur de nos actions.\u00a0\u00bb uncode_shortcode_id=\u00a0\u00bb727927&Prime;]<span style=\"text-decoration: underline;\">Connexion sociale<\/span>[\/vc_custom_heading][\/vc_column_inner][vc_column_inner column_width_percent=\u00a0\u00bb100&Prime; gutter_size=\u00a0\u00bb3&Prime; back_color=\u00a0\u00bbcolor-xsdn\u00a0\u00bb overlay_alpha=\u00a0\u00bb50&Prime; shift_x=\u00a0\u00bb0&Prime; shift_y=\u00a0\u00bb0&Prime; shift_y_down=\u00a0\u00bb0&Prime; z_index=\u00a0\u00bb0&Prime; medium_width=\u00a0\u00bb0&Prime; mobile_width=\u00a0\u00bb0&Prime; width=\u00a0\u00bb1\/3&Prime; uncode_shortcode_id=\u00a0\u00bb125503&Prime; back_color_type=\u00a0\u00bbuncode-palette\u00a0\u00bb][vc_single_image media=\u00a0\u00bb131633&Prime; media_width_percent=\u00a0\u00bb100&Prime; uncode_shortcode_id=\u00a0\u00bb204169&Prime;][\/vc_column_inner][\/vc_row_inner][\/vc_column][\/vc_row][vc_row unlock_row_content=\u00a0\u00bbyes\u00a0\u00bb row_height_percent=\u00a0\u00bb0&Prime; override_padding=\u00a0\u00bbyes\u00a0\u00bb h_padding=\u00a0\u00bb2&Prime; top_padding=\u00a0\u00bb4&Prime; bottom_padding=\u00a0\u00bb7&Prime; overlay_alpha=\u00a0\u00bb50&Prime; gutter_size=\u00a0\u00bb3&Prime; column_width_percent=\u00a0\u00bb100&Prime; shift_y=\u00a0\u00bb0&Prime; z_index=\u00a0\u00bb0&Prime; content_parallax=\u00a0\u00bb0&Prime; uncode_shortcode_id=\u00a0\u00bb185040&Prime;][vc_column column_width_use_pixel=\u00a0\u00bbyes\u00a0\u00bb gutter_size=\u00a0\u00bb3&Prime; overlay_alpha=\u00a0\u00bb50&Prime; shift_x=\u00a0\u00bb0&Prime; shift_y=\u00a0\u00bb0&Prime; shift_y_down=\u00a0\u00bb0&Prime; z_index=\u00a0\u00bb0&Prime; medium_width=\u00a0\u00bb0&Prime; mobile_width=\u00a0\u00bb0&Prime; width=\u00a0\u00bb1\/1&Prime; uncode_shortcode_id=\u00a0\u00bb851751&Prime; column_width_pixel=\u00a0\u00bb1200&Prime;][vc_custom_heading uncode_shortcode_id=\u00a0\u00bb464242&Prime;]<span style=\"text-decoration: underline;\">Les symboles d&rsquo;OSTA<\/span>[\/vc_custom_heading][vc_row_inner row_inner_height_percent=\u00a0\u00bb0&Prime; overlay_alpha=\u00a0\u00bb50&Prime; equal_height=\u00a0\u00bbyes\u00a0\u00bb gutter_size=\u00a0\u00bb4&Prime; shift_y=\u00a0\u00bb0&Prime; limit_content=\u00a0\u00bb\u00a0\u00bb][vc_column_inner column_width_percent=\u00a0\u00bb100&Prime; gutter_size=\u00a0\u00bb3&Prime; expand_height=\u00a0\u00bbyes\u00a0\u00bb back_color=\u00a0\u00bbcolor-109268&Prime; overlay_alpha=\u00a0\u00bb50&Prime; shift_x=\u00a0\u00bb0&Prime; shift_y=\u00a0\u00bb0&Prime; shift_y_down=\u00a0\u00bb0&Prime; z_index=\u00a0\u00bb0&Prime; medium_width=\u00a0\u00bb2&Prime; mobile_width=\u00a0\u00bb0&Prime; width=\u00a0\u00bb1\/4&Prime; uncode_shortcode_id=\u00a0\u00bb607982&Prime; back_color_type=\u00a0\u00bbuncode-palette\u00a0\u00bb][vc_single_image media=\u00a0\u00bb131622&Prime; media_width_use_pixel=\u00a0\u00bbyes\u00a0\u00bb uncode_shortcode_id=\u00a0\u00bb132486&Prime; media_width_pixel=\u00a0\u00bb70&Prime;][vc_custom_heading heading_semantic=\u00a0\u00bbh3&Prime; text_size=\u00a0\u00bbh3&Prime; subheading=\u00a0\u00bbLe passage de l&rsquo;obscurit\u00e9 \u00e0 la lumi\u00e8re.\u00a0\u00bb uncode_shortcode_id=\u00a0\u00bb151627&Prime;]La Fleur de Lotus[\/vc_custom_heading][\/vc_column_inner][vc_column_inner column_width_percent=\u00a0\u00bb100&Prime; gutter_size=\u00a0\u00bb3&Prime; expand_height=\u00a0\u00bbyes\u00a0\u00bb back_color=\u00a0\u00bbcolor-109268&Prime; overlay_alpha=\u00a0\u00bb50&Prime; shift_x=\u00a0\u00bb0&Prime; shift_y=\u00a0\u00bb0&Prime; shift_y_down=\u00a0\u00bb0&Prime; z_index=\u00a0\u00bb0&Prime; medium_width=\u00a0\u00bb2&Prime; mobile_width=\u00a0\u00bb0&Prime; width=\u00a0\u00bb1\/4&Prime; uncode_shortcode_id=\u00a0\u00bb125690&Prime; back_color_type=\u00a0\u00bbuncode-palette\u00a0\u00bb][vc_single_image media=\u00a0\u00bb131626&Prime; media_width_use_pixel=\u00a0\u00bbyes\u00a0\u00bb uncode_shortcode_id=\u00a0\u00bb172668&Prime; media_width_pixel=\u00a0\u00bb70&Prime;][vc_custom_heading heading_semantic=\u00a0\u00bbh3&Prime; text_size=\u00a0\u00bbh3&Prime; subheading=\u00a0\u00bbLe pouvoir unificateur de la communication.\u00a0\u00bb uncode_shortcode_id=\u00a0\u00bb148189&Prime;]Le Caduc\u00e9e[\/vc_custom_heading][\/vc_column_inner][vc_column_inner column_width_percent=\u00a0\u00bb100&Prime; gutter_size=\u00a0\u00bb3&Prime; expand_height=\u00a0\u00bbyes\u00a0\u00bb back_color=\u00a0\u00bbcolor-109268&Prime; overlay_alpha=\u00a0\u00bb50&Prime; shift_x=\u00a0\u00bb0&Prime; shift_y=\u00a0\u00bb0&Prime; shift_y_down=\u00a0\u00bb0&Prime; z_index=\u00a0\u00bb0&Prime; medium_width=\u00a0\u00bb2&Prime; mobile_width=\u00a0\u00bb0&Prime; width=\u00a0\u00bb1\/4&Prime; uncode_shortcode_id=\u00a0\u00bb133603&Prime; back_color_type=\u00a0\u00bbuncode-palette\u00a0\u00bb][vc_single_image media=\u00a0\u00bb131632&Prime; media_width_use_pixel=\u00a0\u00bbyes\u00a0\u00bb uncode_shortcode_id=\u00a0\u00bb553097&Prime; media_width_pixel=\u00a0\u00bb70&Prime;][vc_custom_heading heading_semantic=\u00a0\u00bbh3&Prime; text_size=\u00a0\u00bbh3&Prime; subheading=\u00a0\u00bbL&rsquo;amour spirituel, donc inconditionnel\u00a0\u00bb uncode_shortcode_id=\u00a0\u00bb111899&Prime;]Le C\u0153ur[\/vc_custom_heading][\/vc_column_inner][vc_column_inner column_width_percent=\u00a0\u00bb100&Prime; gutter_size=\u00a0\u00bb3&Prime; expand_height=\u00a0\u00bbyes\u00a0\u00bb back_color=\u00a0\u00bbcolor-109268&Prime; overlay_alpha=\u00a0\u00bb50&Prime; shift_x=\u00a0\u00bb0&Prime; shift_y=\u00a0\u00bb0&Prime; shift_y_down=\u00a0\u00bb0&Prime; z_index=\u00a0\u00bb0&Prime; medium_width=\u00a0\u00bb2&Prime; mobile_width=\u00a0\u00bb0&Prime; width=\u00a0\u00bb1\/4&Prime; uncode_shortcode_id=\u00a0\u00bb818776&Prime; back_color_type=\u00a0\u00bbuncode-palette\u00a0\u00bb][vc_single_image media=\u00a0\u00bb131628&Prime; media_width_use_pixel=\u00a0\u00bbyes\u00a0\u00bb uncode_shortcode_id=\u00a0\u00bb638692&Prime; media_width_pixel=\u00a0\u00bb70&Prime;][vc_custom_heading heading_semantic=\u00a0\u00bbh3&Prime; text_size=\u00a0\u00bbh3&Prime; subheading=\u00a0\u00bbLa responsabilit\u00e9 de d\u00e9fendre les animaux.\u00a0\u00bb uncode_shortcode_id=\u00a0\u00bb171504&Prime;]La Fl\u00e8che[\/vc_custom_heading][\/vc_column_inner][\/vc_row_inner][\/vc_column][\/vc_row][vc_row unlock_row_content=\u00a0\u00bbyes\u00a0\u00bb row_height_percent=\u00a0\u00bb0&Prime; override_padding=\u00a0\u00bbyes\u00a0\u00bb h_padding=\u00a0\u00bb2&Prime; top_padding=\u00a0\u00bb5&Prime; bottom_padding=\u00a0\u00bb5&Prime; back_color=\u00a0\u00bbcolor-725701&Prime; overlay_alpha=\u00a0\u00bb50&Prime; gutter_size=\u00a0\u00bb3&Prime; column_width_percent=\u00a0\u00bb100&Prime; shift_y=\u00a0\u00bb0&Prime; z_index=\u00a0\u00bb0&Prime; enable_top_divider=\u00a0\u00bbdefault\u00a0\u00bb shape_top_invert=\u00a0\u00bbyes\u00a0\u00bb shape_top_h_use_pixel=\u00a0\u00bb\u00a0\u00bb shape_top_height=\u00a0\u00bb50&Prime; shape_top_opacity=\u00a0\u00bb100&Prime; shape_top_index=\u00a0\u00bb0&Prime; content_parallax=\u00a0\u00bb0&Prime; uncode_shortcode_id=\u00a0\u00bb758249&Prime; back_color_type=\u00a0\u00bbuncode-palette\u00a0\u00bb][vc_column column_width_use_pixel=\u00a0\u00bbyes\u00a0\u00bb gutter_size=\u00a0\u00bb3&Prime; style=\u00a0\u00bbdark\u00a0\u00bb overlay_alpha=\u00a0\u00bb50&Prime; shift_x=\u00a0\u00bb0&Prime; shift_y=\u00a0\u00bb0&Prime; shift_y_down=\u00a0\u00bb0&Prime; z_index=\u00a0\u00bb0&Prime; medium_width=\u00a0\u00bb0&Prime; mobile_width=\u00a0\u00bb0&Prime; width=\u00a0\u00bb1\/1&Prime; column_width_pixel=\u00a0\u00bb1200&Prime; uncode_shortcode_id=\u00a0\u00bb177290&Prime;][vc_custom_heading text_color=\u00a0\u00bbcolor-wvjs\u00a0\u00bb heading_semantic=\u00a0\u00bbh3&Prime; uncode_shortcode_id=\u00a0\u00bb845608&Prime; text_color_type=\u00a0\u00bbuncode-palette\u00a0\u00bb]\u00abOSTA incarne le sens du service envers les animaux. Nous nous effor\u00e7ons d&rsquo;am\u00e9liorer leur vie par le biais d&rsquo;une s\u00e9rie d&rsquo;initiatives qui associent des composantes mat\u00e9rielles et spirituelles\u00bb[\/vc_custom_heading][\/vc_column][\/vc_row]<\/p>\n<\/div>","protected":false},"excerpt":{"rendered":"<p>[vc_row unlock_row_content=\u00a0\u00bbyes\u00a0\u00bb row_height_percent=\u00a0\u00bb0&Prime; overlay_alpha=\u00a0\u00bb50&Prime; gutter_size=\u00a0\u00bb3&Prime; column_width_percent=\u00a0\u00bb100&Prime; shift_y=\u00a0\u00bb0&Prime; z_index=\u00a0\u00bb0&Prime; content_parallax=\u00a0\u00bb0&Prime; uncode_shortcode_id=\u00a0\u00bb122477&Prime;][vc_column width=\u00a0\u00bb1\/1&Prime;][vc_gallery el_id=\u00a0\u00bbgallery-636697&Prime; type=\u00a0\u00bbcarousel\u00a0\u00bb medias=\u00a0\u00bb131764,131743,131749,131748,131771,131772&Prime; carousel_lg=\u00a0\u00bb4&Prime; carousel_md=\u00a0\u00bb4&Prime; carousel_sm=\u00a0\u00bb1&Prime; thumb_size=\u00a0\u00bbone-one\u00a0\u00bb gutter_size=\u00a0\u00bb2&Prime; media_items=\u00a0\u00bbmedia|nolink|original,icon\u00a0\u00bb [&hellip;]<\/p>\n","protected":false},"author":1,"featured_media":0,"parent":0,"menu_order":0,"comment_status":"closed","ping_status":"closed","template":"","meta":{"give_campaign_id":0,"footnotes":""},"class_list":["post-132498","page","type-page","status-publish","hentry"],"yoast_head":"<!-- This site is optimized with the Yoast SEO plugin v27.2 - https:\/\/yoast.com\/product\/yoast-seo-wordpress\/ -->\n<title>OSTA &#8212; Nos Valeurs<\/title>\n<meta name=\"description\" content=\"OSTA\u2019s mission is to serve the interests of animals, cultivate a sustainable community, and enhance the bond between humans and animals.\" \/>\n<meta name=\"robots\" content=\"index, follow, max-snippet:-1, max-image-preview:large, max-video-preview:-1\" \/>\n<link rel=\"canonical\" href=\"https:\/\/osta.be\/fr\/nos-valeurs\/\" \/>\n<meta property=\"og:locale\" content=\"fr_FR\" \/>\n<meta property=\"og:type\" content=\"article\" \/>\n<meta property=\"og:title\" content=\"OSTA &#8212; Nos Valeurs\" \/>\n<meta property=\"og:description\" content=\"OSTA\u2019s mission is to serve the interests of animals, cultivate a sustainable community, and enhance the bond between humans and animals.\" \/>\n<meta property=\"og:url\" content=\"https:\/\/osta.be\/fr\/nos-valeurs\/\" \/>\n<meta property=\"og:site_name\" content=\"OSTA\" \/>\n<meta property=\"article:modified_time\" content=\"2024-12-08T16:56:20+00:00\" \/>\n<meta property=\"og:image\" content=\"https:\/\/osta.be\/wp-content\/uploads\/2024\/06\/osta-activities-seo-01.jpg\" \/>\n\t<meta property=\"og:image:width\" content=\"1200\" \/>\n\t<meta property=\"og:image:height\" content=\"675\" \/>\n\t<meta property=\"og:image:type\" content=\"image\/jpeg\" \/>\n<meta name=\"twitter:card\" content=\"summary_large_image\" \/>\n<meta name=\"twitter:label1\" content=\"Dur\u00e9e de lecture estim\u00e9e\" \/>\n\t<meta name=\"twitter:data1\" content=\"3 minutes\" \/>\n<script type=\"application\/ld+json\" class=\"yoast-schema-graph\">{\"@context\":\"https:\/\/schema.org\",\"@graph\":[{\"@type\":\"WebPage\",\"@id\":\"https:\/\/osta.be\/fr\/nos-valeurs\/\",\"url\":\"https:\/\/osta.be\/fr\/nos-valeurs\/\",\"name\":\"OSTA &#8212; Nos Valeurs\",\"isPartOf\":{\"@id\":\"https:\/\/osta.be\/fr\/#website\"},\"datePublished\":\"2024-05-23T15:08:43+00:00\",\"dateModified\":\"2024-12-08T16:56:20+00:00\",\"description\":\"OSTA\u2019s mission is to serve the interests of animals, cultivate a sustainable community, and enhance the bond between humans and animals.\",\"breadcrumb\":{\"@id\":\"https:\/\/osta.be\/fr\/nos-valeurs\/#breadcrumb\"},\"inLanguage\":\"fr-FR\",\"potentialAction\":[{\"@type\":\"ReadAction\",\"target\":[\"https:\/\/osta.be\/fr\/nos-valeurs\/\"]}]},{\"@type\":\"BreadcrumbList\",\"@id\":\"https:\/\/osta.be\/fr\/nos-valeurs\/#breadcrumb\",\"itemListElement\":[{\"@type\":\"ListItem\",\"position\":1,\"name\":\"Home\",\"item\":\"https:\/\/osta.be\/fr\/\"},{\"@type\":\"ListItem\",\"position\":2,\"name\":\"Nos Valeurs\"}]},{\"@type\":\"WebSite\",\"@id\":\"https:\/\/osta.be\/fr\/#website\",\"url\":\"https:\/\/osta.be\/fr\/\",\"name\":\"OSTA\",\"description\":\"\",\"publisher\":{\"@id\":\"https:\/\/osta.be\/fr\/#organization\"},\"potentialAction\":[{\"@type\":\"SearchAction\",\"target\":{\"@type\":\"EntryPoint\",\"urlTemplate\":\"https:\/\/osta.be\/fr\/?s={search_term_string}\"},\"query-input\":{\"@type\":\"PropertyValueSpecification\",\"valueRequired\":true,\"valueName\":\"search_term_string\"}}],\"inLanguage\":\"fr-FR\"},{\"@type\":\"Organization\",\"@id\":\"https:\/\/osta.be\/fr\/#organization\",\"name\":\"OSTA\",\"url\":\"https:\/\/osta.be\/fr\/\",\"logo\":{\"@type\":\"ImageObject\",\"inLanguage\":\"fr-FR\",\"@id\":\"https:\/\/osta.be\/fr\/#\/schema\/logo\/image\/\",\"url\":\"https:\/\/osta.be\/wp-content\/uploads\/2024\/06\/osta-logo.jpg\",\"contentUrl\":\"https:\/\/osta.be\/wp-content\/uploads\/2024\/06\/osta-logo.jpg\",\"width\":1000,\"height\":1000,\"caption\":\"OSTA\"},\"image\":{\"@id\":\"https:\/\/osta.be\/fr\/#\/schema\/logo\/image\/\"}}]}<\/script>\n<!-- \/ Yoast SEO plugin. -->","yoast_head_json":{"title":"OSTA &#8212; Nos Valeurs","description":"OSTA\u2019s mission is to serve the interests of animals, cultivate a sustainable community, and enhance the bond between humans and animals.","robots":{"index":"index","follow":"follow","max-snippet":"max-snippet:-1","max-image-preview":"max-image-preview:large","max-video-preview":"max-video-preview:-1"},"canonical":"https:\/\/osta.be\/fr\/nos-valeurs\/","og_locale":"fr_FR","og_type":"article","og_title":"OSTA &#8212; Nos Valeurs","og_description":"OSTA\u2019s mission is to serve the interests of animals, cultivate a sustainable community, and enhance the bond between humans and animals.","og_url":"https:\/\/osta.be\/fr\/nos-valeurs\/","og_site_name":"OSTA","article_modified_time":"2024-12-08T16:56:20+00:00","og_image":[{"width":1200,"height":675,"url":"https:\/\/osta.be\/wp-content\/uploads\/2024\/06\/osta-activities-seo-01.jpg","type":"image\/jpeg"}],"twitter_card":"summary_large_image","twitter_misc":{"Dur\u00e9e de lecture estim\u00e9e":"3 minutes"},"schema":{"@context":"https:\/\/schema.org","@graph":[{"@type":"WebPage","@id":"https:\/\/osta.be\/fr\/nos-valeurs\/","url":"https:\/\/osta.be\/fr\/nos-valeurs\/","name":"OSTA &#8212; Nos Valeurs","isPartOf":{"@id":"https:\/\/osta.be\/fr\/#website"},"datePublished":"2024-05-23T15:08:43+00:00","dateModified":"2024-12-08T16:56:20+00:00","description":"OSTA\u2019s mission is to serve the interests of animals, cultivate a sustainable community, and enhance the bond between humans and animals.","breadcrumb":{"@id":"https:\/\/osta.be\/fr\/nos-valeurs\/#breadcrumb"},"inLanguage":"fr-FR","potentialAction":[{"@type":"ReadAction","target":["https:\/\/osta.be\/fr\/nos-valeurs\/"]}]},{"@type":"BreadcrumbList","@id":"https:\/\/osta.be\/fr\/nos-valeurs\/#breadcrumb","itemListElement":[{"@type":"ListItem","position":1,"name":"Home","item":"https:\/\/osta.be\/fr\/"},{"@type":"ListItem","position":2,"name":"Nos Valeurs"}]},{"@type":"WebSite","@id":"https:\/\/osta.be\/fr\/#website","url":"https:\/\/osta.be\/fr\/","name":"OSTA","description":"","publisher":{"@id":"https:\/\/osta.be\/fr\/#organization"},"potentialAction":[{"@type":"SearchAction","target":{"@type":"EntryPoint","urlTemplate":"https:\/\/osta.be\/fr\/?s={search_term_string}"},"query-input":{"@type":"PropertyValueSpecification","valueRequired":true,"valueName":"search_term_string"}}],"inLanguage":"fr-FR"},{"@type":"Organization","@id":"https:\/\/osta.be\/fr\/#organization","name":"OSTA","url":"https:\/\/osta.be\/fr\/","logo":{"@type":"ImageObject","inLanguage":"fr-FR","@id":"https:\/\/osta.be\/fr\/#\/schema\/logo\/image\/","url":"https:\/\/osta.be\/wp-content\/uploads\/2024\/06\/osta-logo.jpg","contentUrl":"https:\/\/osta.be\/wp-content\/uploads\/2024\/06\/osta-logo.jpg","width":1000,"height":1000,"caption":"OSTA"},"image":{"@id":"https:\/\/osta.be\/fr\/#\/schema\/logo\/image\/"}}]}},"campaignId":"","_links":{"self":[{"href":"https:\/\/osta.be\/fr\/wp-json\/wp\/v2\/pages\/132498","targetHints":{"allow":["GET"]}}],"collection":[{"href":"https:\/\/osta.be\/fr\/wp-json\/wp\/v2\/pages"}],"about":[{"href":"https:\/\/osta.be\/fr\/wp-json\/wp\/v2\/types\/page"}],"author":[{"embeddable":true,"href":"https:\/\/osta.be\/fr\/wp-json\/wp\/v2\/users\/1"}],"replies":[{"embeddable":true,"href":"https:\/\/osta.be\/fr\/wp-json\/wp\/v2\/comments?post=132498"}],"version-history":[{"count":21,"href":"https:\/\/osta.be\/fr\/wp-json\/wp\/v2\/pages\/132498\/revisions"}],"predecessor-version":[{"id":134323,"href":"https:\/\/osta.be\/fr\/wp-json\/wp\/v2\/pages\/132498\/revisions\/134323"}],"wp:attachment":[{"href":"https:\/\/osta.be\/fr\/wp-json\/wp\/v2\/media?parent=132498"}],"curies":[{"name":"wp","href":"https:\/\/api.w.org\/{rel}","templated":true}]}}