{"id":133021,"date":"2024-03-19T14:32:31","date_gmt":"2024-03-19T14:32:31","guid":{"rendered":"https:\/\/osta.be\/animal-landscape\/"},"modified":"2024-12-08T16:41:11","modified_gmt":"2024-12-08T16:41:11","slug":"paysages-animaliers","status":"publish","type":"page","link":"https:\/\/osta.be\/fr\/paysages-animaliers\/","title":{"rendered":"Paysages Animaliers"},"content":{"rendered":"<div class=\"wpb-content-wrapper\"><p>[vc_row unlock_row_content=\u00a0\u00bbyes\u00a0\u00bb row_height_percent=\u00a0\u00bb0&Prime; overlay_alpha=\u00a0\u00bb50&Prime; gutter_size=\u00a0\u00bb3&Prime; column_width_percent=\u00a0\u00bb100&Prime; shift_y=\u00a0\u00bb0&Prime; z_index=\u00a0\u00bb0&Prime; content_parallax=\u00a0\u00bb0&Prime; uncode_shortcode_id=\u00a0\u00bb960078&Prime;][vc_column width=\u00a0\u00bb1\/1&Prime;][vc_gallery el_id=\u00a0\u00bbgallery-636697&Prime; type=\u00a0\u00bbcarousel\u00a0\u00bb medias=\u00a0\u00bb131768,131779,131772,131762,131774,131773&Prime; carousel_lg=\u00a0\u00bb4&Prime; carousel_md=\u00a0\u00bb4&Prime; carousel_sm=\u00a0\u00bb1&Prime; thumb_size=\u00a0\u00bbone-one\u00a0\u00bb gutter_size=\u00a0\u00bb2&Prime; media_items=\u00a0\u00bbmedia|nolink|original,icon\u00a0\u00bb carousel_interval=\u00a0\u00bb3000&Prime; carousel_navspeed=\u00a0\u00bb400&Prime; carousel_loop=\u00a0\u00bbyes\u00a0\u00bb carousel_dots=\u00a0\u00bbyes\u00a0\u00bb carousel_dots_mobile=\u00a0\u00bbyes\u00a0\u00bb stage_padding=\u00a0\u00bb0&Prime; single_shape=\u00a0\u00bbround\u00a0\u00bb radius=\u00a0\u00bblg\u00a0\u00bb single_overlay_opacity=\u00a0\u00bb50&Prime; single_overlay_anim=\u00a0\u00bbno\u00a0\u00bb single_text_anim=\u00a0\u00bbno\u00a0\u00bb single_image_anim=\u00a0\u00bbno\u00a0\u00bb single_padding=\u00a0\u00bb2&Prime; uncode_shortcode_id=\u00a0\u00bb789073&Prime;][\/vc_column][\/vc_row][vc_row unlock_row_content=\u00a0\u00bbyes\u00a0\u00bb row_height_percent=\u00a0\u00bb0&Prime; override_padding=\u00a0\u00bbyes\u00a0\u00bb h_padding=\u00a0\u00bb2&Prime; top_padding=\u00a0\u00bb3&Prime; bottom_padding=\u00a0\u00bb1&Prime; overlay_alpha=\u00a0\u00bb50&Prime; gutter_size=\u00a0\u00bb3&Prime; column_width_percent=\u00a0\u00bb100&Prime; shift_y=\u00a0\u00bb0&Prime; z_index=\u00a0\u00bb0&Prime; uncode_shortcode_id=\u00a0\u00bb350875&Prime;][vc_column column_width_use_pixel=\u00a0\u00bbyes\u00a0\u00bb position_vertical=\u00a0\u00bbmiddle\u00a0\u00bb gutter_size=\u00a0\u00bb3&Prime; overlay_alpha=\u00a0\u00bb50&Prime; shift_x=\u00a0\u00bb0&Prime; shift_y=\u00a0\u00bb0&Prime; shift_y_down=\u00a0\u00bb0&Prime; z_index=\u00a0\u00bb0&Prime; medium_width=\u00a0\u00bb0&Prime; mobile_width=\u00a0\u00bb0&Prime; width=\u00a0\u00bb1\/1&Prime; column_width_pixel=\u00a0\u00bb1200&Prime; uncode_shortcode_id=\u00a0\u00bb207532&Prime;][vc_custom_heading text_color=\u00a0\u00bbaccent\u00a0\u00bb heading_semantic=\u00a0\u00bbh5&Prime; text_size=\u00a0\u00bbh5&Prime; text_transform=\u00a0\u00bbuppercase\u00a0\u00bb uncode_shortcode_id=\u00a0\u00bb206427&Prime; text_color_type=\u00a0\u00bbuncode-palette\u00a0\u00bb]les activit\u00e9s d&rsquo;osta[\/vc_custom_heading][vc_custom_heading uncode_shortcode_id=\u00a0\u00bb159089&Prime;]<span style=\"text-decoration: underline;\">Animal Landscapes<\/span>[\/vc_custom_heading][vc_column_text uncode_shortcode_id=\u00a0\u00bb120824&Prime;]Animal Landscapes est notre principale plateforme d&rsquo;exploration, o\u00f9 nous canalisons nos efforts pour comprendre et incarner les perspectives des animaux. Paysages animaux repose sur quatre piliers : Aspirations animales, Horizons animaux, Atlas animal et Exp\u00e9ditions animales.<br \/>\nTout comme les populations humaines sont repr\u00e9sent\u00e9es par leurs figures politiques, notre objectif est de repr\u00e9senter des populations animales sp\u00e9cifiques, telles que les populations animales flamandes, bruxelloises, wallonnes ou belges. En comprenant les d\u00e9fis et les contextes qui leur sont propres, nous pouvons mieux exprimer leurs points de vue. Bien que nous nous concentrions actuellement sur ces r\u00e9gions, nous avons l&rsquo;intention d&rsquo;\u00e9largir notre champ d&rsquo;action et d&rsquo;\u00e9tendre notre influence au-del\u00e0 de ces territoires lorsque le moment sera venu.[\/vc_column_text][\/vc_column][\/vc_row][vc_row unlock_row_content=\u00a0\u00bbyes\u00a0\u00bb row_height_percent=\u00a0\u00bb0&Prime; override_padding=\u00a0\u00bbyes\u00a0\u00bb h_padding=\u00a0\u00bb2&Prime; top_padding=\u00a0\u00bb3&Prime; bottom_padding=\u00a0\u00bb3&Prime; overlay_alpha=\u00a0\u00bb50&Prime; gutter_size=\u00a0\u00bb3&Prime; column_width_percent=\u00a0\u00bb100&Prime; shift_y=\u00a0\u00bb0&Prime; z_index=\u00a0\u00bb0&Prime; uncode_shortcode_id=\u00a0\u00bb210471&Prime;][vc_column column_width_percent=\u00a0\u00bb100&Prime; gutter_size=\u00a0\u00bb3&Prime; expand_height=\u00a0\u00bbyes\u00a0\u00bb back_color=\u00a0\u00bbcolor-109268&Prime; overlay_alpha=\u00a0\u00bb50&Prime; radius=\u00a0\u00bblg\u00a0\u00bb shift_x=\u00a0\u00bb0&Prime; shift_y=\u00a0\u00bb0&Prime; shift_y_down=\u00a0\u00bb0&Prime; z_index=\u00a0\u00bb0&Prime; medium_width=\u00a0\u00bb0&Prime; mobile_width=\u00a0\u00bb0&Prime; width=\u00a0\u00bb1\/4&Prime; uncode_shortcode_id=\u00a0\u00bb174532&Prime; back_color_type=\u00a0\u00bbuncode-palette\u00a0\u00bb][vc_icon icon_image=\u00a0\u00bb130996&Prime; media_size=\u00a0\u00bb65&Prime; align=\u00a0\u00bbleft\u00a0\u00bb title=\u00a0\u00bbAnimal Aspirations\u00a0\u00bb uncode_shortcode_id=\u00a0\u00bb696910&Prime;]La charte de l&rsquo;OSTA d\u00e9crit ce que les animaux attendent des humains. Ces dix points constituent la pierre angulaire de nos efforts de plaidoyer.[\/vc_icon][vc_button size=\u00a0\u00bblink\u00a0\u00bb uncode_shortcode_id=\u00a0\u00bb435770&Prime; icon=\u00a0\u00bbfa fa-arrow-right2&Prime; link=\u00a0\u00bburl:https%3A%2F%2Fosta.be%2Ffr%2Fanimal-aspirations%2F|title:Animal%20Aspirations\u00a0\u00bb]En savoir plus[\/vc_button][\/vc_column][vc_column column_width_percent=\u00a0\u00bb100&Prime; gutter_size=\u00a0\u00bb3&Prime; expand_height=\u00a0\u00bbyes\u00a0\u00bb back_color=\u00a0\u00bbcolor-109268&Prime; overlay_alpha=\u00a0\u00bb50&Prime; radius=\u00a0\u00bblg\u00a0\u00bb shift_x=\u00a0\u00bb0&Prime; shift_y=\u00a0\u00bb0&Prime; shift_y_down=\u00a0\u00bb0&Prime; z_index=\u00a0\u00bb0&Prime; medium_width=\u00a0\u00bb0&Prime; mobile_width=\u00a0\u00bb0&Prime; width=\u00a0\u00bb1\/4&Prime; uncode_shortcode_id=\u00a0\u00bb440652&Prime; back_color_type=\u00a0\u00bbuncode-palette\u00a0\u00bb][vc_icon icon_image=\u00a0\u00bb130976&Prime; media_size=\u00a0\u00bb60&Prime; align=\u00a0\u00bbleft\u00a0\u00bb title=\u00a0\u00bbAnimal Horizons\u00a0\u00bb uncode_shortcode_id=\u00a0\u00bb200207&Prime;]Dans le cadre de notre initiative Animal Horizons, nous visons \u00e0 quantifier la population animale dans des r\u00e9gions distinctes et \u00e0 identifier les \u00e9l\u00e9ments qui am\u00e9liorent leur bien-\u00eatre ou qui contribuent \u00e0 leur donner un sentiment de d\u00e9tresse.[\/vc_icon][vc_button size=\u00a0\u00bblink\u00a0\u00bb uncode_shortcode_id=\u00a0\u00bb209416&Prime; icon=\u00a0\u00bbfa fa-arrow-right2&Prime; link=\u00a0\u00bburl:https%3A%2F%2Fosta.be%2Ffr%2Fanimal-horizons%2F|title:Animal%20Horizons\u00a0\u00bb]En savoir plus[\/vc_button][\/vc_column][vc_column column_width_percent=\u00a0\u00bb100&Prime; gutter_size=\u00a0\u00bb3&Prime; expand_height=\u00a0\u00bbyes\u00a0\u00bb back_color=\u00a0\u00bbcolor-109268&Prime; overlay_alpha=\u00a0\u00bb50&Prime; radius=\u00a0\u00bblg\u00a0\u00bb shift_x=\u00a0\u00bb0&Prime; shift_y=\u00a0\u00bb0&Prime; shift_y_down=\u00a0\u00bb0&Prime; z_index=\u00a0\u00bb0&Prime; medium_width=\u00a0\u00bb0&Prime; mobile_width=\u00a0\u00bb0&Prime; width=\u00a0\u00bb1\/4&Prime; uncode_shortcode_id=\u00a0\u00bb154609&Prime; back_color_type=\u00a0\u00bbuncode-palette\u00a0\u00bb][vc_icon icon_image=\u00a0\u00bb130973&Prime; media_size=\u00a0\u00bb60&Prime; align=\u00a0\u00bbleft\u00a0\u00bb title=\u00a0\u00bbAnimal Atlas\u00a0\u00bb uncode_shortcode_id=\u00a0\u00bb170927&Prime;]Notre initiative Animal Atlas est un guide complet qui offre un aper\u00e7u scientifique, juridique et spirituel du monde animal.[\/vc_icon][vc_button size=\u00a0\u00bblink\u00a0\u00bb uncode_shortcode_id=\u00a0\u00bb474847&Prime; icon=\u00a0\u00bbfa fa-arrow-right2&Prime; link=\u00a0\u00bburl:https%3A%2F%2Fosta.be%2Ffr%2Fanimal-atlas%2F|title:Animal%20Atlas\u00a0\u00bb]En savoir plus[\/vc_button][\/vc_column][vc_column column_width_percent=\u00a0\u00bb100&Prime; gutter_size=\u00a0\u00bb3&Prime; expand_height=\u00a0\u00bbyes\u00a0\u00bb back_color=\u00a0\u00bbcolor-109268&Prime; overlay_alpha=\u00a0\u00bb50&Prime; radius=\u00a0\u00bblg\u00a0\u00bb shift_x=\u00a0\u00bb0&Prime; shift_y=\u00a0\u00bb0&Prime; shift_y_down=\u00a0\u00bb0&Prime; z_index=\u00a0\u00bb0&Prime; medium_width=\u00a0\u00bb0&Prime; mobile_width=\u00a0\u00bb0&Prime; width=\u00a0\u00bb1\/4&Prime; uncode_shortcode_id=\u00a0\u00bb651330&Prime; back_color_type=\u00a0\u00bbuncode-palette\u00a0\u00bb][vc_icon icon_image=\u00a0\u00bb130972&Prime; media_size=\u00a0\u00bb60&Prime; align=\u00a0\u00bbleft\u00a0\u00bb title=\u00a0\u00bbAnimal Expeditions\u00a0\u00bb uncode_shortcode_id=\u00a0\u00bb177631&Prime;]Notre initiative Animal Expeditions comportent deux aspects distincts. Nous mettons en lumi\u00e8re des initiatives et des projets men\u00e9s par des individus et des communaut\u00e9s au service des animaux et nous d\u00e9veloppons des histoires d&rsquo;animaux.[\/vc_icon][vc_button size=\u00a0\u00bblink\u00a0\u00bb uncode_shortcode_id=\u00a0\u00bb205574&Prime; icon=\u00a0\u00bbfa fa-arrow-right2&Prime; link=\u00a0\u00bburl:https%3A%2F%2Fosta.be%2Ffr%2Fanimal-expeditions%2F|title:Animal%20Expeditions\u00a0\u00bb]En savoir plus[\/vc_button][\/vc_column][\/vc_row][vc_row unlock_row_content=\u00a0\u00bbyes\u00a0\u00bb row_height_percent=\u00a0\u00bb0&Prime; override_padding=\u00a0\u00bbyes\u00a0\u00bb h_padding=\u00a0\u00bb2&Prime; top_padding=\u00a0\u00bb5&Prime; bottom_padding=\u00a0\u00bb5&Prime; back_color=\u00a0\u00bbcolor-725701&Prime; overlay_alpha=\u00a0\u00bb50&Prime; gutter_size=\u00a0\u00bb3&Prime; column_width_percent=\u00a0\u00bb100&Prime; shift_y=\u00a0\u00bb0&Prime; z_index=\u00a0\u00bb0&Prime; enable_top_divider=\u00a0\u00bbdefault\u00a0\u00bb shape_top_invert=\u00a0\u00bbyes\u00a0\u00bb shape_top_h_use_pixel=\u00a0\u00bb\u00a0\u00bb shape_top_height=\u00a0\u00bb50&Prime; shape_top_opacity=\u00a0\u00bb100&Prime; shape_top_index=\u00a0\u00bb0&Prime; content_parallax=\u00a0\u00bb0&Prime; uncode_shortcode_id=\u00a0\u00bb193696&Prime; back_color_type=\u00a0\u00bbuncode-palette\u00a0\u00bb][vc_column column_width_use_pixel=\u00a0\u00bbyes\u00a0\u00bb gutter_size=\u00a0\u00bb3&Prime; style=\u00a0\u00bbdark\u00a0\u00bb overlay_alpha=\u00a0\u00bb50&Prime; shift_x=\u00a0\u00bb0&Prime; shift_y=\u00a0\u00bb0&Prime; shift_y_down=\u00a0\u00bb0&Prime; z_index=\u00a0\u00bb0&Prime; medium_width=\u00a0\u00bb0&Prime; mobile_width=\u00a0\u00bb0&Prime; width=\u00a0\u00bb1\/1&Prime; column_width_pixel=\u00a0\u00bb1200&Prime; uncode_shortcode_id=\u00a0\u00bb913991&Prime;][vc_custom_heading text_color=\u00a0\u00bbcolor-jevc\u00a0\u00bb heading_semantic=\u00a0\u00bbh3&Prime; uncode_shortcode_id=\u00a0\u00bb511146&Prime; text_color_type=\u00a0\u00bbuncode-palette\u00a0\u00bb]\u00a0\u00bb Animal Landscapes constituent notre centre d&rsquo;exploration principal et guident nos tentatives de compr\u00e9hension et de repr\u00e9sentation du point de vue de l&rsquo;animal.[\/vc_custom_heading][\/vc_column][\/vc_row]<\/p>\n<\/div>","protected":false},"excerpt":{"rendered":"<p>[vc_row unlock_row_content=\u00a0\u00bbyes\u00a0\u00bb row_height_percent=\u00a0\u00bb0&Prime; overlay_alpha=\u00a0\u00bb50&Prime; gutter_size=\u00a0\u00bb3&Prime; column_width_percent=\u00a0\u00bb100&Prime; shift_y=\u00a0\u00bb0&Prime; z_index=\u00a0\u00bb0&Prime; content_parallax=\u00a0\u00bb0&Prime; uncode_shortcode_id=\u00a0\u00bb960078&Prime;][vc_column width=\u00a0\u00bb1\/1&Prime;][vc_gallery el_id=\u00a0\u00bbgallery-636697&Prime; type=\u00a0\u00bbcarousel\u00a0\u00bb medias=\u00a0\u00bb131768,131779,131772,131762,131774,131773&Prime; carousel_lg=\u00a0\u00bb4&Prime; carousel_md=\u00a0\u00bb4&Prime; carousel_sm=\u00a0\u00bb1&Prime; thumb_size=\u00a0\u00bbone-one\u00a0\u00bb gutter_size=\u00a0\u00bb2&Prime; media_items=\u00a0\u00bbmedia|nolink|original,icon\u00a0\u00bb [&hellip;]<\/p>\n","protected":false},"author":1,"featured_media":0,"parent":0,"menu_order":0,"comment_status":"closed","ping_status":"closed","template":"","meta":{"give_campaign_id":0,"footnotes":""},"class_list":["post-133021","page","type-page","status-publish","hentry"],"yoast_head":"<!-- This site is optimized with the Yoast SEO plugin v27.2 - https:\/\/yoast.com\/product\/yoast-seo-wordpress\/ -->\n<title>OSTA &#8212; Paysages Animaliers<\/title>\n<meta name=\"description\" content=\"OSTA\u2019s mission is to serve the interests of animals, cultivate a sustainable community, and enhance the bond between humans and animals.\" \/>\n<meta name=\"robots\" content=\"index, follow, max-snippet:-1, max-image-preview:large, max-video-preview:-1\" \/>\n<link rel=\"canonical\" href=\"https:\/\/osta.be\/fr\/paysages-animaliers\/\" \/>\n<meta property=\"og:locale\" content=\"fr_FR\" \/>\n<meta property=\"og:type\" content=\"article\" \/>\n<meta property=\"og:title\" content=\"OSTA &#8212; Paysages Animaliers\" \/>\n<meta property=\"og:description\" content=\"OSTA\u2019s mission is to serve the interests of animals, cultivate a sustainable community, and enhance the bond between humans and animals.\" \/>\n<meta property=\"og:url\" content=\"https:\/\/osta.be\/fr\/paysages-animaliers\/\" \/>\n<meta property=\"og:site_name\" content=\"OSTA\" \/>\n<meta property=\"article:modified_time\" content=\"2024-12-08T16:41:11+00:00\" \/>\n<meta property=\"og:image\" content=\"https:\/\/osta.be\/wp-content\/uploads\/2024\/06\/osta-activities-seo-01.jpg\" \/>\n\t<meta property=\"og:image:width\" content=\"1200\" \/>\n\t<meta property=\"og:image:height\" content=\"675\" \/>\n\t<meta property=\"og:image:type\" content=\"image\/jpeg\" \/>\n<meta name=\"twitter:card\" content=\"summary_large_image\" \/>\n<meta name=\"twitter:label1\" content=\"Dur\u00e9e de lecture estim\u00e9e\" \/>\n\t<meta name=\"twitter:data1\" content=\"3 minutes\" \/>\n<script type=\"application\/ld+json\" class=\"yoast-schema-graph\">{\"@context\":\"https:\/\/schema.org\",\"@graph\":[{\"@type\":\"WebPage\",\"@id\":\"https:\/\/osta.be\/fr\/paysages-animaliers\/\",\"url\":\"https:\/\/osta.be\/fr\/paysages-animaliers\/\",\"name\":\"OSTA &#8212; Paysages Animaliers\",\"isPartOf\":{\"@id\":\"https:\/\/osta.be\/fr\/#website\"},\"datePublished\":\"2024-03-19T14:32:31+00:00\",\"dateModified\":\"2024-12-08T16:41:11+00:00\",\"description\":\"OSTA\u2019s mission is to serve the interests of animals, cultivate a sustainable community, and enhance the bond between humans and animals.\",\"breadcrumb\":{\"@id\":\"https:\/\/osta.be\/fr\/paysages-animaliers\/#breadcrumb\"},\"inLanguage\":\"fr-FR\",\"potentialAction\":[{\"@type\":\"ReadAction\",\"target\":[\"https:\/\/osta.be\/fr\/paysages-animaliers\/\"]}]},{\"@type\":\"BreadcrumbList\",\"@id\":\"https:\/\/osta.be\/fr\/paysages-animaliers\/#breadcrumb\",\"itemListElement\":[{\"@type\":\"ListItem\",\"position\":1,\"name\":\"Home\",\"item\":\"https:\/\/osta.be\/fr\/\"},{\"@type\":\"ListItem\",\"position\":2,\"name\":\"Paysages Animaliers\"}]},{\"@type\":\"WebSite\",\"@id\":\"https:\/\/osta.be\/fr\/#website\",\"url\":\"https:\/\/osta.be\/fr\/\",\"name\":\"OSTA\",\"description\":\"\",\"publisher\":{\"@id\":\"https:\/\/osta.be\/fr\/#organization\"},\"potentialAction\":[{\"@type\":\"SearchAction\",\"target\":{\"@type\":\"EntryPoint\",\"urlTemplate\":\"https:\/\/osta.be\/fr\/?s={search_term_string}\"},\"query-input\":{\"@type\":\"PropertyValueSpecification\",\"valueRequired\":true,\"valueName\":\"search_term_string\"}}],\"inLanguage\":\"fr-FR\"},{\"@type\":\"Organization\",\"@id\":\"https:\/\/osta.be\/fr\/#organization\",\"name\":\"OSTA\",\"url\":\"https:\/\/osta.be\/fr\/\",\"logo\":{\"@type\":\"ImageObject\",\"inLanguage\":\"fr-FR\",\"@id\":\"https:\/\/osta.be\/fr\/#\/schema\/logo\/image\/\",\"url\":\"https:\/\/osta.be\/wp-content\/uploads\/2024\/06\/osta-logo.jpg\",\"contentUrl\":\"https:\/\/osta.be\/wp-content\/uploads\/2024\/06\/osta-logo.jpg\",\"width\":1000,\"height\":1000,\"caption\":\"OSTA\"},\"image\":{\"@id\":\"https:\/\/osta.be\/fr\/#\/schema\/logo\/image\/\"}}]}<\/script>\n<!-- \/ Yoast SEO plugin. -->","yoast_head_json":{"title":"OSTA &#8212; Paysages Animaliers","description":"OSTA\u2019s mission is to serve the interests of animals, cultivate a sustainable community, and enhance the bond between humans and animals.","robots":{"index":"index","follow":"follow","max-snippet":"max-snippet:-1","max-image-preview":"max-image-preview:large","max-video-preview":"max-video-preview:-1"},"canonical":"https:\/\/osta.be\/fr\/paysages-animaliers\/","og_locale":"fr_FR","og_type":"article","og_title":"OSTA &#8212; Paysages Animaliers","og_description":"OSTA\u2019s mission is to serve the interests of animals, cultivate a sustainable community, and enhance the bond between humans and animals.","og_url":"https:\/\/osta.be\/fr\/paysages-animaliers\/","og_site_name":"OSTA","article_modified_time":"2024-12-08T16:41:11+00:00","og_image":[{"width":1200,"height":675,"url":"https:\/\/osta.be\/wp-content\/uploads\/2024\/06\/osta-activities-seo-01.jpg","type":"image\/jpeg"}],"twitter_card":"summary_large_image","twitter_misc":{"Dur\u00e9e de lecture estim\u00e9e":"3 minutes"},"schema":{"@context":"https:\/\/schema.org","@graph":[{"@type":"WebPage","@id":"https:\/\/osta.be\/fr\/paysages-animaliers\/","url":"https:\/\/osta.be\/fr\/paysages-animaliers\/","name":"OSTA &#8212; Paysages Animaliers","isPartOf":{"@id":"https:\/\/osta.be\/fr\/#website"},"datePublished":"2024-03-19T14:32:31+00:00","dateModified":"2024-12-08T16:41:11+00:00","description":"OSTA\u2019s mission is to serve the interests of animals, cultivate a sustainable community, and enhance the bond between humans and animals.","breadcrumb":{"@id":"https:\/\/osta.be\/fr\/paysages-animaliers\/#breadcrumb"},"inLanguage":"fr-FR","potentialAction":[{"@type":"ReadAction","target":["https:\/\/osta.be\/fr\/paysages-animaliers\/"]}]},{"@type":"BreadcrumbList","@id":"https:\/\/osta.be\/fr\/paysages-animaliers\/#breadcrumb","itemListElement":[{"@type":"ListItem","position":1,"name":"Home","item":"https:\/\/osta.be\/fr\/"},{"@type":"ListItem","position":2,"name":"Paysages Animaliers"}]},{"@type":"WebSite","@id":"https:\/\/osta.be\/fr\/#website","url":"https:\/\/osta.be\/fr\/","name":"OSTA","description":"","publisher":{"@id":"https:\/\/osta.be\/fr\/#organization"},"potentialAction":[{"@type":"SearchAction","target":{"@type":"EntryPoint","urlTemplate":"https:\/\/osta.be\/fr\/?s={search_term_string}"},"query-input":{"@type":"PropertyValueSpecification","valueRequired":true,"valueName":"search_term_string"}}],"inLanguage":"fr-FR"},{"@type":"Organization","@id":"https:\/\/osta.be\/fr\/#organization","name":"OSTA","url":"https:\/\/osta.be\/fr\/","logo":{"@type":"ImageObject","inLanguage":"fr-FR","@id":"https:\/\/osta.be\/fr\/#\/schema\/logo\/image\/","url":"https:\/\/osta.be\/wp-content\/uploads\/2024\/06\/osta-logo.jpg","contentUrl":"https:\/\/osta.be\/wp-content\/uploads\/2024\/06\/osta-logo.jpg","width":1000,"height":1000,"caption":"OSTA"},"image":{"@id":"https:\/\/osta.be\/fr\/#\/schema\/logo\/image\/"}}]}},"campaignId":"","_links":{"self":[{"href":"https:\/\/osta.be\/fr\/wp-json\/wp\/v2\/pages\/133021","targetHints":{"allow":["GET"]}}],"collection":[{"href":"https:\/\/osta.be\/fr\/wp-json\/wp\/v2\/pages"}],"about":[{"href":"https:\/\/osta.be\/fr\/wp-json\/wp\/v2\/types\/page"}],"author":[{"embeddable":true,"href":"https:\/\/osta.be\/fr\/wp-json\/wp\/v2\/users\/1"}],"replies":[{"embeddable":true,"href":"https:\/\/osta.be\/fr\/wp-json\/wp\/v2\/comments?post=133021"}],"version-history":[{"count":16,"href":"https:\/\/osta.be\/fr\/wp-json\/wp\/v2\/pages\/133021\/revisions"}],"predecessor-version":[{"id":133776,"href":"https:\/\/osta.be\/fr\/wp-json\/wp\/v2\/pages\/133021\/revisions\/133776"}],"wp:attachment":[{"href":"https:\/\/osta.be\/fr\/wp-json\/wp\/v2\/media?parent=133021"}],"curies":[{"name":"wp","href":"https:\/\/api.w.org\/{rel}","templated":true}]}}