{"id":133095,"date":"2024-05-27T10:36:09","date_gmt":"2024-05-27T09:36:09","guid":{"rendered":"https:\/\/osta.be\/our-services\/"},"modified":"2024-12-07T15:38:52","modified_gmt":"2024-12-07T15:38:52","slug":"our-services","status":"publish","type":"page","link":"https:\/\/osta.be\/fr\/our-services\/","title":{"rendered":"Nos Services"},"content":{"rendered":"<div class=\"wpb-content-wrapper\"><p>[vc_row unlock_row_content=\u00a0\u00bbyes\u00a0\u00bb row_height_percent=\u00a0\u00bb60&Prime; override_padding=\u00a0\u00bbyes\u00a0\u00bb h_padding=\u00a0\u00bb2&Prime; top_padding=\u00a0\u00bb4&Prime; bottom_padding=\u00a0\u00bb3&Prime; back_image=\u00a0\u00bb132995&Prime; parallax=\u00a0\u00bbyes\u00a0\u00bb overlay_color=\u00a0\u00bbcolor-jevc\u00a0\u00bb overlay_alpha=\u00a0\u00bb40&Prime; gutter_size=\u00a0\u00bb3&Prime; column_width_percent=\u00a0\u00bb100&Prime; shift_y=\u00a0\u00bb0&Prime; z_index=\u00a0\u00bb0&Prime; enable_bottom_divider=\u00a0\u00bbdefault\u00a0\u00bb shape_bottom_invert=\u00a0\u00bbyes\u00a0\u00bb shape_bottom_h_use_pixel=\u00a0\u00bb\u00a0\u00bb shape_bottom_height=\u00a0\u00bb100&Prime; shape_bottom_opacity=\u00a0\u00bb100&Prime; shape_bottom_index=\u00a0\u00bb0&Prime; content_parallax=\u00a0\u00bb0&Prime; uncode_shortcode_id=\u00a0\u00bb155360&Prime; overlay_color_type=\u00a0\u00bbuncode-palette\u00a0\u00bb][vc_column column_width_percent=\u00a0\u00bb100&Prime; position_vertical=\u00a0\u00bbmiddle\u00a0\u00bb align_horizontal=\u00a0\u00bbalign_center\u00a0\u00bb gutter_size=\u00a0\u00bb3&Prime; overlay_alpha=\u00a0\u00bb50&Prime; shift_x=\u00a0\u00bb0&Prime; shift_y=\u00a0\u00bb0&Prime; shift_y_down=\u00a0\u00bb0&Prime; z_index=\u00a0\u00bb0&Prime; medium_width=\u00a0\u00bb0&Prime; mobile_width=\u00a0\u00bb0&Prime; width=\u00a0\u00bb1\/1&Prime; uncode_shortcode_id=\u00a0\u00bb197925&Prime;][vc_custom_heading text_color=\u00a0\u00bbcolor-xsdn\u00a0\u00bb heading_semantic=\u00a0\u00bbh1&Prime; text_size=\u00a0\u00bbh1&Prime; text_transform=\u00a0\u00bbcapitalize\u00a0\u00bb uncode_shortcode_id=\u00a0\u00bb138166&Prime; text_color_type=\u00a0\u00bbuncode-palette\u00a0\u00bb]Nos Services[\/vc_custom_heading][vc_custom_heading text_color=\u00a0\u00bbcolor-xsdn\u00a0\u00bb uncode_shortcode_id=\u00a0\u00bb180807&Prime; text_color_type=\u00a0\u00bbuncode-palette\u00a0\u00bb]Nous proposons des services pour les animaux et les humains[\/vc_custom_heading][\/vc_column][\/vc_row][vc_row unlock_row_content=\u00a0\u00bbyes\u00a0\u00bb row_height_percent=\u00a0\u00bb0&Prime; override_padding=\u00a0\u00bbyes\u00a0\u00bb h_padding=\u00a0\u00bb2&Prime; top_padding=\u00a0\u00bb3&Prime; bottom_padding=\u00a0\u00bb7&Prime; overlay_alpha=\u00a0\u00bb50&Prime; gutter_size=\u00a0\u00bb3&Prime; column_width_percent=\u00a0\u00bb100&Prime; shift_y=\u00a0\u00bb0&Prime; z_index=\u00a0\u00bb0&Prime; content_parallax=\u00a0\u00bb0&Prime; uncode_shortcode_id=\u00a0\u00bb452942&Prime;][vc_column column_width_use_pixel=\u00a0\u00bbyes\u00a0\u00bb position_vertical=\u00a0\u00bbmiddle\u00a0\u00bb gutter_size=\u00a0\u00bb3&Prime; overlay_alpha=\u00a0\u00bb50&Prime; shift_x=\u00a0\u00bb0&Prime; shift_y=\u00a0\u00bb0&Prime; shift_y_down=\u00a0\u00bb0&Prime; z_index=\u00a0\u00bb0&Prime; medium_width=\u00a0\u00bb0&Prime; mobile_width=\u00a0\u00bb0&Prime; width=\u00a0\u00bb1\/1&Prime; column_width_pixel=\u00a0\u00bb1200&Prime; uncode_shortcode_id=\u00a0\u00bb213040&Prime;][vc_custom_heading text_color=\u00a0\u00bbaccent\u00a0\u00bb heading_semantic=\u00a0\u00bbh5&Prime; text_size=\u00a0\u00bbh5&Prime; text_transform=\u00a0\u00bbuppercase\u00a0\u00bb uncode_shortcode_id=\u00a0\u00bb406453&Prime; text_color_type=\u00a0\u00bbuncode-palette\u00a0\u00bb]Services d&rsquo;Osta[\/vc_custom_heading][vc_custom_heading uncode_shortcode_id=\u00a0\u00bb104347&Prime;]<span style=\"text-decoration: underline;\">Nos services<\/span>[\/vc_custom_heading][vc_custom_heading heading_semantic=\u00a0\u00bbh4&Prime; text_font=\u00a0\u00bbfont-555555&Prime; text_size=\u00a0\u00bbh4&Prime; uncode_shortcode_id=\u00a0\u00bb120492&Prime;]<strong>OSTA propose des services pour soutenir \u00e0 la fois les humains et les animaux, tous les revenus \u00e9tant directement vers\u00e9s \u00e0 notre organisation.<\/strong>[\/vc_custom_heading][vc_column_text uncode_shortcode_id=\u00a0\u00bb523102&Prime;]<strong>Nous proposons les services suivants :<\/strong><\/p>\n<ul>\n<li><strong>Expertise animale et conseil<\/strong> : conseils et accompagnement dans le domaine animal<\/li>\n<li><strong>Excursions nature aventureuses pour chiens<\/strong> : randonn\u00e9es pour renforcer le lien entre les chiens et la nature<\/li>\n<li><strong>M\u00e9ditation curative :<\/strong> s\u00e9ances inspir\u00e9es de la m\u00e9thode de M. Atsushi Kubo, ax\u00e9es sur la purification, l\u2019auto-gu\u00e9rison et la gu\u00e9rison des autres<\/li>\n<\/ul>\n<p>Contactez-nous \u00e0 info@osta.be pour plus d&rsquo;informations et\/ou un premier entretien.[\/vc_column_text][vc_custom_heading heading_semantic=\u00a0\u00bbh3&Prime; text_size=\u00a0\u00bbh3&Prime; text_weight=\u00a0\u00bb600&Prime; uncode_shortcode_id=\u00a0\u00bb116388&Prime;]<strong><span style=\"text-decoration: underline;\">1. Expertise animale &amp; conseil<\/span><\/strong>[\/vc_custom_heading][vc_column_text uncode_shortcode_id=\u00a0\u00bb137951&Prime;]<strong>OSTA propose des services dans les domaines suivants :<\/strong><\/p>\n<ul>\n<li>Recherche scientifique et conseils sur les animaux<\/li>\n<li>Analyses juridiques et conseils politiques sur les animaux<\/li>\n<li>Gestion de projet et \u00e9tudes d&rsquo;impact animal<\/li>\n<li>Perspectives \u00e9thiques et spirituelles sur les relations homme-animal<\/li>\n<\/ul>\n<p>Notre approche interdisciplinaire combine une expertise acad\u00e9mique avec une exp\u00e9rience pratique en droit, politiques publiques, et dans le secteur non lucratif. Gr\u00e2ce \u00e0 nos comp\u00e9tences en droit, science, \u00e9thique et spiritualit\u00e9, nous offrons une perspective holistique sur les animaux.<\/p>\n<p><span style=\"text-decoration: underline;\"><strong>Tarifs :<\/strong><\/span><\/p>\n<ul>\n<li>Premi\u00e8re consultation gratuite<\/li>\n<li>Taux horaire : 100 \u20ac (tarif r\u00e9duit possible \u00e0 75 \u20ac ou 50 \u20ac pour les clients ayant des difficult\u00e9s financi\u00e8res)<\/li>\n<\/ul>\n<p>[\/vc_column_text][vc_custom_heading heading_semantic=\u00a0\u00bbh3&Prime; text_size=\u00a0\u00bbh3&Prime; text_weight=\u00a0\u00bb600&Prime; uncode_shortcode_id=\u00a0\u00bb571433&Prime;]<strong><span style=\"text-decoration: underline;\">2. Excursions nature pour chiens<\/span><\/strong>[\/vc_custom_heading][vc_column_text uncode_shortcode_id=\u00a0\u00bb114616&Prime;]Nous proposons des promenades en pleine nature pour votre chien en collaboration avec <a href=\"https:\/\/onehappyhound.be\/\" target=\"_blank\" rel=\"noopener\"><strong>One Happy Hound (www.onehappyhound.be)<\/strong><\/a>. \u00c0 Anvers, nous organisons des promenades de groupe avec service de ramassage et de retour \u00e0 domicile, tandis qu\u2019\u00e0 Louvain et Bruxelles, nous offrons des excursions individuelles.<\/p>\n<p>Pour plus d\u2019informations, consultez <a href=\"https:\/\/onehappyhound.be\/\" target=\"_blank\" rel=\"noopener\"><strong>www.onehappyhound.be<\/strong><\/a>.<\/p>\n<p><span style=\"text-decoration: underline;\"><strong>Tarifs :<\/strong><\/span><\/p>\n<ul>\n<li>Tarif journalier pour une promenade en groupe (r\u00e9gion Anvers) : 45 \u20ac<\/li>\n<li>Promenade individuelle (1 \u00e0 2 heures ou plus, selon accord, r\u00e9gion Louvain\/Bruxelles) : 20-30 \u20ac<\/li>\n<\/ul>\n<p>[\/vc_column_text][vc_custom_heading heading_semantic=\u00a0\u00bbh3&Prime; text_size=\u00a0\u00bbh3&Prime; text_weight=\u00a0\u00bb600&Prime; uncode_shortcode_id=\u00a0\u00bb210828&Prime;]<span style=\"text-decoration: underline;\"><strong>3. M\u00e9ditation et gu\u00e9rison \u00e9nerg\u00e9tique<\/strong><\/span>[\/vc_custom_heading][vc_column_text uncode_shortcode_id=\u00a0\u00bb165835&Prime;]En collaboration avec <strong><a href=\"https:\/\/www.shizen.org\/\" target=\"_blank\" rel=\"noopener\">Shizen (www.shizen.org<\/a>)<\/strong>, nous guidons des s\u00e9ances de m\u00e9ditation curative selon la m\u00e9thode de M. Atsushi Kubo, structur\u00e9es en trois \u00e9tapes :<\/p>\n<ul>\n<li><strong>Posture du corps :<\/strong> adopter la posture correcte pour bien recevoir l&rsquo;\u00e9nergie<\/li>\n<li><strong>Purification :<\/strong> m\u00e9diter pour purifier pens\u00e9es et \u00e9motions<\/li>\n<li><strong>Auto-gu\u00e9rison :<\/strong> g\u00e9n\u00e9rer de l\u2019\u00e9nergie pour la gu\u00e9rison personnelle<\/li>\n<\/ul>\n<p>Gr\u00e2ce \u00e0 un parcours personnalis\u00e9, vous pouvez utiliser des symboles et des techniques de gu\u00e9rison pour approfondir votre auto-gu\u00e9rison et aider les autres (humains et animaux).<\/p>\n<p>Cette m\u00e9thode favorise une satisfaction profonde dans la vie, ind\u00e9pendamment de ce qui se passe autour de vous.<\/p>\n<p><strong><span style=\"text-decoration: underline;\">Formules et Tarifs<\/span> :<\/strong><\/p>\n<ul>\n<li>Activit\u00e9s de groupe et \u00e9v\u00e9nements : voir notre agenda dans \u00ab\u00a0Ce que nous faisons\u00a0\u00bb<\/li>\n<li>S\u00e9ance individuelle (1,5 \u00e0 2 heures) &#8211; 75 \u20ac<\/li>\n<li>S\u00e9ance avec animal de compagnie (2 \u00e0 2,5 heures) &#8211; 90 \u20ac<\/li>\n<\/ul>\n<p>Pour des s\u00e9ances individuelles et plus d&rsquo;informations : <strong><a href=\"mailto:info@osta.be\">info@osta.be<\/a><\/strong><br \/>\n[\/vc_column_text][\/vc_column][\/vc_row]<\/p>\n<\/div>","protected":false},"excerpt":{"rendered":"<p>[vc_row unlock_row_content=\u00a0\u00bbyes\u00a0\u00bb row_height_percent=\u00a0\u00bb60&Prime; override_padding=\u00a0\u00bbyes\u00a0\u00bb h_padding=\u00a0\u00bb2&Prime; top_padding=\u00a0\u00bb4&Prime; bottom_padding=\u00a0\u00bb3&Prime; back_image=\u00a0\u00bb132995&Prime; parallax=\u00a0\u00bbyes\u00a0\u00bb overlay_color=\u00a0\u00bbcolor-jevc\u00a0\u00bb overlay_alpha=\u00a0\u00bb40&Prime; gutter_size=\u00a0\u00bb3&Prime; column_width_percent=\u00a0\u00bb100&Prime; shift_y=\u00a0\u00bb0&Prime; z_index=\u00a0\u00bb0&Prime; enable_bottom_divider=\u00a0\u00bbdefault\u00a0\u00bb shape_bottom_invert=\u00a0\u00bbyes\u00a0\u00bb shape_bottom_h_use_pixel=\u00a0\u00bb\u00a0\u00bb shape_bottom_height=\u00a0\u00bb100&Prime; shape_bottom_opacity=\u00a0\u00bb100&Prime; [&hellip;]<\/p>\n","protected":false},"author":1,"featured_media":0,"parent":0,"menu_order":0,"comment_status":"closed","ping_status":"closed","template":"","meta":{"give_campaign_id":0,"footnotes":""},"class_list":["post-133095","page","type-page","status-publish","hentry"],"yoast_head":"<!-- This site is optimized with the Yoast SEO plugin v27.3 - https:\/\/yoast.com\/product\/yoast-seo-wordpress\/ -->\n<title>OSTA &#8212; Nos Services<\/title>\n<meta name=\"description\" content=\"OSTA\u2019s mission is to serve the interests of animals, cultivate a sustainable community, and enhance the bond between humans and animals.\" \/>\n<meta name=\"robots\" content=\"index, follow, max-snippet:-1, max-image-preview:large, max-video-preview:-1\" \/>\n<link rel=\"canonical\" href=\"https:\/\/osta.be\/fr\/our-services\/\" \/>\n<meta property=\"og:locale\" content=\"fr_FR\" \/>\n<meta property=\"og:type\" content=\"article\" \/>\n<meta property=\"og:title\" content=\"OSTA &#8212; Nos Services\" \/>\n<meta property=\"og:description\" content=\"OSTA\u2019s mission is to serve the interests of animals, cultivate a sustainable community, and enhance the bond between humans and animals.\" \/>\n<meta property=\"og:url\" content=\"https:\/\/osta.be\/fr\/our-services\/\" \/>\n<meta property=\"og:site_name\" content=\"OSTA\" \/>\n<meta property=\"article:modified_time\" content=\"2024-12-07T15:38:52+00:00\" \/>\n<meta property=\"og:image\" content=\"https:\/\/osta.be\/wp-content\/uploads\/2024\/06\/osta-activities-seo-01.jpg\" \/>\n\t<meta property=\"og:image:width\" content=\"1200\" \/>\n\t<meta property=\"og:image:height\" content=\"675\" \/>\n\t<meta property=\"og:image:type\" content=\"image\/jpeg\" \/>\n<meta name=\"twitter:card\" content=\"summary_large_image\" \/>\n<meta name=\"twitter:label1\" content=\"Dur\u00e9e de lecture estim\u00e9e\" \/>\n\t<meta name=\"twitter:data1\" content=\"4 minutes\" \/>\n<script type=\"application\/ld+json\" class=\"yoast-schema-graph\">{\"@context\":\"https:\\\/\\\/schema.org\",\"@graph\":[{\"@type\":\"WebPage\",\"@id\":\"https:\\\/\\\/osta.be\\\/fr\\\/our-services\\\/\",\"url\":\"https:\\\/\\\/osta.be\\\/fr\\\/our-services\\\/\",\"name\":\"OSTA &#8212; Nos Services\",\"isPartOf\":{\"@id\":\"https:\\\/\\\/osta.be\\\/fr\\\/#website\"},\"datePublished\":\"2024-05-27T09:36:09+00:00\",\"dateModified\":\"2024-12-07T15:38:52+00:00\",\"description\":\"OSTA\u2019s mission is to serve the interests of animals, cultivate a sustainable community, and enhance the bond between humans and animals.\",\"breadcrumb\":{\"@id\":\"https:\\\/\\\/osta.be\\\/fr\\\/our-services\\\/#breadcrumb\"},\"inLanguage\":\"fr-FR\",\"potentialAction\":[{\"@type\":\"ReadAction\",\"target\":[\"https:\\\/\\\/osta.be\\\/fr\\\/our-services\\\/\"]}]},{\"@type\":\"BreadcrumbList\",\"@id\":\"https:\\\/\\\/osta.be\\\/fr\\\/our-services\\\/#breadcrumb\",\"itemListElement\":[{\"@type\":\"ListItem\",\"position\":1,\"name\":\"Home\",\"item\":\"https:\\\/\\\/osta.be\\\/fr\\\/\"},{\"@type\":\"ListItem\",\"position\":2,\"name\":\"Nos Services\"}]},{\"@type\":\"WebSite\",\"@id\":\"https:\\\/\\\/osta.be\\\/fr\\\/#website\",\"url\":\"https:\\\/\\\/osta.be\\\/fr\\\/\",\"name\":\"OSTA\",\"description\":\"\",\"publisher\":{\"@id\":\"https:\\\/\\\/osta.be\\\/fr\\\/#organization\"},\"potentialAction\":[{\"@type\":\"SearchAction\",\"target\":{\"@type\":\"EntryPoint\",\"urlTemplate\":\"https:\\\/\\\/osta.be\\\/fr\\\/?s={search_term_string}\"},\"query-input\":{\"@type\":\"PropertyValueSpecification\",\"valueRequired\":true,\"valueName\":\"search_term_string\"}}],\"inLanguage\":\"fr-FR\"},{\"@type\":\"Organization\",\"@id\":\"https:\\\/\\\/osta.be\\\/fr\\\/#organization\",\"name\":\"OSTA\",\"url\":\"https:\\\/\\\/osta.be\\\/fr\\\/\",\"logo\":{\"@type\":\"ImageObject\",\"inLanguage\":\"fr-FR\",\"@id\":\"https:\\\/\\\/osta.be\\\/fr\\\/#\\\/schema\\\/logo\\\/image\\\/\",\"url\":\"https:\\\/\\\/osta.be\\\/wp-content\\\/uploads\\\/2024\\\/06\\\/osta-logo.jpg\",\"contentUrl\":\"https:\\\/\\\/osta.be\\\/wp-content\\\/uploads\\\/2024\\\/06\\\/osta-logo.jpg\",\"width\":1000,\"height\":1000,\"caption\":\"OSTA\"},\"image\":{\"@id\":\"https:\\\/\\\/osta.be\\\/fr\\\/#\\\/schema\\\/logo\\\/image\\\/\"}}]}<\/script>\n<!-- \/ Yoast SEO plugin. -->","yoast_head_json":{"title":"OSTA &#8212; Nos Services","description":"OSTA\u2019s mission is to serve the interests of animals, cultivate a sustainable community, and enhance the bond between humans and animals.","robots":{"index":"index","follow":"follow","max-snippet":"max-snippet:-1","max-image-preview":"max-image-preview:large","max-video-preview":"max-video-preview:-1"},"canonical":"https:\/\/osta.be\/fr\/our-services\/","og_locale":"fr_FR","og_type":"article","og_title":"OSTA &#8212; Nos Services","og_description":"OSTA\u2019s mission is to serve the interests of animals, cultivate a sustainable community, and enhance the bond between humans and animals.","og_url":"https:\/\/osta.be\/fr\/our-services\/","og_site_name":"OSTA","article_modified_time":"2024-12-07T15:38:52+00:00","og_image":[{"width":1200,"height":675,"url":"https:\/\/osta.be\/wp-content\/uploads\/2024\/06\/osta-activities-seo-01.jpg","type":"image\/jpeg"}],"twitter_card":"summary_large_image","twitter_misc":{"Dur\u00e9e de lecture estim\u00e9e":"4 minutes"},"schema":{"@context":"https:\/\/schema.org","@graph":[{"@type":"WebPage","@id":"https:\/\/osta.be\/fr\/our-services\/","url":"https:\/\/osta.be\/fr\/our-services\/","name":"OSTA &#8212; Nos Services","isPartOf":{"@id":"https:\/\/osta.be\/fr\/#website"},"datePublished":"2024-05-27T09:36:09+00:00","dateModified":"2024-12-07T15:38:52+00:00","description":"OSTA\u2019s mission is to serve the interests of animals, cultivate a sustainable community, and enhance the bond between humans and animals.","breadcrumb":{"@id":"https:\/\/osta.be\/fr\/our-services\/#breadcrumb"},"inLanguage":"fr-FR","potentialAction":[{"@type":"ReadAction","target":["https:\/\/osta.be\/fr\/our-services\/"]}]},{"@type":"BreadcrumbList","@id":"https:\/\/osta.be\/fr\/our-services\/#breadcrumb","itemListElement":[{"@type":"ListItem","position":1,"name":"Home","item":"https:\/\/osta.be\/fr\/"},{"@type":"ListItem","position":2,"name":"Nos Services"}]},{"@type":"WebSite","@id":"https:\/\/osta.be\/fr\/#website","url":"https:\/\/osta.be\/fr\/","name":"OSTA","description":"","publisher":{"@id":"https:\/\/osta.be\/fr\/#organization"},"potentialAction":[{"@type":"SearchAction","target":{"@type":"EntryPoint","urlTemplate":"https:\/\/osta.be\/fr\/?s={search_term_string}"},"query-input":{"@type":"PropertyValueSpecification","valueRequired":true,"valueName":"search_term_string"}}],"inLanguage":"fr-FR"},{"@type":"Organization","@id":"https:\/\/osta.be\/fr\/#organization","name":"OSTA","url":"https:\/\/osta.be\/fr\/","logo":{"@type":"ImageObject","inLanguage":"fr-FR","@id":"https:\/\/osta.be\/fr\/#\/schema\/logo\/image\/","url":"https:\/\/osta.be\/wp-content\/uploads\/2024\/06\/osta-logo.jpg","contentUrl":"https:\/\/osta.be\/wp-content\/uploads\/2024\/06\/osta-logo.jpg","width":1000,"height":1000,"caption":"OSTA"},"image":{"@id":"https:\/\/osta.be\/fr\/#\/schema\/logo\/image\/"}}]}},"campaignId":"","_links":{"self":[{"href":"https:\/\/osta.be\/fr\/wp-json\/wp\/v2\/pages\/133095","targetHints":{"allow":["GET"]}}],"collection":[{"href":"https:\/\/osta.be\/fr\/wp-json\/wp\/v2\/pages"}],"about":[{"href":"https:\/\/osta.be\/fr\/wp-json\/wp\/v2\/types\/page"}],"author":[{"embeddable":true,"href":"https:\/\/osta.be\/fr\/wp-json\/wp\/v2\/users\/1"}],"replies":[{"embeddable":true,"href":"https:\/\/osta.be\/fr\/wp-json\/wp\/v2\/comments?post=133095"}],"version-history":[{"count":12,"href":"https:\/\/osta.be\/fr\/wp-json\/wp\/v2\/pages\/133095\/revisions"}],"predecessor-version":[{"id":134236,"href":"https:\/\/osta.be\/fr\/wp-json\/wp\/v2\/pages\/133095\/revisions\/134236"}],"wp:attachment":[{"href":"https:\/\/osta.be\/fr\/wp-json\/wp\/v2\/media?parent=133095"}],"curies":[{"name":"wp","href":"https:\/\/api.w.org\/{rel}","templated":true}]}}