{"id":133217,"date":"2024-11-02T09:54:01","date_gmt":"2024-11-02T09:54:01","guid":{"rendered":"https:\/\/osta.be\/cookies-policy\/"},"modified":"2024-12-07T19:23:25","modified_gmt":"2024-12-07T19:23:25","slug":"cookies","status":"publish","type":"page","link":"https:\/\/osta.be\/fr\/cookies\/","title":{"rendered":"Mentions l\u00e9gales et cookies"},"content":{"rendered":"<div class=\"wpb-content-wrapper\"><p>[vc_row row_height_percent=\u00a0\u00bb0&Prime; override_padding=\u00a0\u00bbyes\u00a0\u00bb h_padding=\u00a0\u00bb2&Prime; top_padding=\u00a0\u00bb4&Prime; bottom_padding=\u00a0\u00bb4&Prime; overlay_alpha=\u00a0\u00bb50&Prime; gutter_size=\u00a0\u00bb3&Prime; column_width_percent=\u00a0\u00bb100&Prime; shift_y=\u00a0\u00bb0&Prime; z_index=\u00a0\u00bb0&Prime; uncode_shortcode_id=\u00a0\u00bb861596&Prime;][vc_column column_width_percent=\u00a0\u00bb100&Prime; gutter_size=\u00a0\u00bb3&Prime; back_color=\u00a0\u00bbcolor-lxmt\u00a0\u00bb overlay_alpha=\u00a0\u00bb50&Prime; shift_x=\u00a0\u00bb0&Prime; shift_y=\u00a0\u00bb0&Prime; shift_y_down=\u00a0\u00bb0&Prime; z_index=\u00a0\u00bb0&Prime; medium_width=\u00a0\u00bb0&Prime; mobile_width=\u00a0\u00bb0&Prime; width=\u00a0\u00bb1\/1&Prime; uncode_shortcode_id=\u00a0\u00bb653550&Prime; back_color_type=\u00a0\u00bbuncode-palette\u00a0\u00bb][vc_custom_heading heading_semantic=\u00a0\u00bbh1&Prime; uncode_shortcode_id=\u00a0\u00bb126755&Prime;]<span style=\"text-decoration: underline;\">Mentions l\u00e9gales<\/span>[\/vc_custom_heading][vc_column_text uncode_shortcode_id=\u00a0\u00bb829244&Prime;]Les sections ci-dessous contiennent les informations que vous pouvez vouloir conna\u00eetre sur ce sujet. Nous avons essay\u00e9 de les rendre aussi claires que possible, mais nous comprenons qu&rsquo;il s&rsquo;agit de nombreuses informations. Si vous avez encore des questions, n&rsquo;h\u00e9sitez pas \u00e0 nous contacter par e-mail.[\/vc_column_text][vc_column_text uncode_shortcode_id=\u00a0\u00bb830229&Prime;]Nous ne collectons pas de donn\u00e9es \u00e0 des fins commerciales. Nous ne vendons pas vos donn\u00e9es \u00e0 des tiers et nous n&rsquo;utilisons pas vos donn\u00e9es pour vous cibler avec de la publicit\u00e9. Cependant, certaines applications tierces peuvent collecter certaines donn\u00e9es \u00e0 des fins fonctionnelles. Par exemple, les services de statistiques que nous utilisons collectent des donn\u00e9es sur le trafic de notre site. Ces donn\u00e9es sont utilis\u00e9es pour am\u00e9liorer notre site et nous aider \u00e0 comprendre comment les utilisateurs l\u2019utilisent.[\/vc_column_text][\/vc_column][\/vc_row][vc_row row_height_percent=\u00a0\u00bb0&Prime; override_padding=\u00a0\u00bbyes\u00a0\u00bb h_padding=\u00a0\u00bb2&Prime; top_padding=\u00a0\u00bb0&Prime; bottom_padding=\u00a0\u00bb7&Prime; overlay_alpha=\u00a0\u00bb50&Prime; gutter_size=\u00a0\u00bb5&Prime; column_width_percent=\u00a0\u00bb100&Prime; shift_y=\u00a0\u00bb0&Prime; z_index=\u00a0\u00bb0&Prime; uncode_shortcode_id=\u00a0\u00bb120715&Prime;][vc_column column_width_percent=\u00a0\u00bb100&Prime; position_vertical=\u00a0\u00bbmiddle\u00a0\u00bb gutter_size=\u00a0\u00bb4&Prime; font_family=\u00a0\u00bbfont-846016&Prime; overlay_alpha=\u00a0\u00bb50&Prime; shift_x=\u00a0\u00bb0&Prime; shift_y=\u00a0\u00bb0&Prime; shift_y_down=\u00a0\u00bb0&Prime; z_index=\u00a0\u00bb0&Prime; medium_width=\u00a0\u00bb0&Prime; mobile_width=\u00a0\u00bb0&Prime; css_animation=\u00a0\u00bbalpha-anim\u00a0\u00bb animation_speed=\u00a0\u00bb1000&Prime; width=\u00a0\u00bb1\/1&Prime; uncode_shortcode_id=\u00a0\u00bb743379&Prime;][vc_accordion typography=\u00a0\u00bbadvanced\u00a0\u00bb sign=\u00a0\u00bbplus\u00a0\u00bb sign_size=\u00a0\u00bbmd\u00a0\u00bb content_border=\u00a0\u00bbyes\u00a0\u00bb gutter_simple=\u00a0\u00bb1&Prime; no_h_padding=\u00a0\u00bbyes\u00a0\u00bb active_txt_color=\u00a0\u00bbcolor-jevc\u00a0\u00bb titles_font=\u00a0\u00bbfont-186833&Prime; titles_size=\u00a0\u00bbh3&Prime; titles_weight=\u00a0\u00bb600&Prime; uncode_shortcode_id=\u00a0\u00bb476085&Prime; active_tab=\u00a0\u00bb0&Prime; active_txt_color_type=\u00a0\u00bbuncode-palette\u00a0\u00bb][vc_accordion_tab gutter_size=\u00a0\u00bb2&Prime; column_padding=\u00a0\u00bb0&Prime; title=\u00a0\u00bbPolitique de Cookies\u00a0\u00bb tab_id=\u00a0\u00bb22d6-42f4&Prime;][vc_custom_heading heading_semantic=\u00a0\u00bbh5&Prime; text_font=\u00a0\u00bbfont-555555&Prime; text_size=\u00a0\u00bbh5&Prime; text_weight=\u00a0\u00bb400&Prime; uncode_shortcode_id=\u00a0\u00bb134692&Prime;]OSTA n&rsquo;utilise pas activement de cookies \u00e0 des fins de suivi ou de marketing<br \/>\nNous n&rsquo;utilisons que les cookies n\u00e9cessaires pour assurer les fonctionnalit\u00e9s de base du site<br \/>\nNotre cha\u00eene YouTube, ainsi que nos pages Facebook et Instagram, peuvent utiliser leurs propres cookies, mais ceux-ci ne sont pas contr\u00f4l\u00e9s par OSTA<br \/>\nLes utilisateurs peuvent g\u00e9rer leurs pr\u00e9f\u00e9rences en mati\u00e8re de cookies dans les param\u00e8tres de leur navigateur<br \/>\nPour plus d&rsquo;informations sur la gestion des donn\u00e9es personnelles, veuillez consulter notre d\u00e9claration de confidentialit\u00e9 compl\u00e8te.<\/p>\n<p>Nous utilisons des cookies et des technologies de suivi similaires pour suivre l&rsquo;activit\u00e9 de notre service et conserver certaines informations.<br \/>\n\u200d<br \/>\nLes cookies sont des fichiers contenant une petite quantit\u00e9 de donn\u00e9es, pouvant inclure un identifiant unique anonyme. Les cookies sont envoy\u00e9s \u00e0 votre navigateur depuis un site web et stock\u00e9s sur votre appareil. Les technologies de suivi \u00e9galement utilis\u00e9es incluent des balises, des tags et des scripts pour collecter et suivre les informations, et pour am\u00e9liorer et analyser notre service.<br \/>\n\u200d<br \/>\nVous pouvez configurer votre navigateur pour refuser tous les cookies ou pour indiquer quand un cookie est envoy\u00e9. Cependant, si vous n&rsquo;acceptez pas les cookies, certaines parties de notre service peuvent ne pas \u00eatre accessibles.[\/vc_custom_heading][vc_custom_heading heading_semantic=\u00a0\u00bbh5&Prime; text_font=\u00a0\u00bbfont-555555&Prime; text_size=\u00a0\u00bbh5&Prime; text_weight=\u00a0\u00bb600&Prime; uncode_shortcode_id=\u00a0\u00bb156485&Prime;]<strong><span style=\"text-decoration: underline;\">Exemples de Cookies que nous utilisons :<\/span><\/strong>[\/vc_custom_heading][vc_custom_heading heading_semantic=\u00a0\u00bbh5&Prime; text_font=\u00a0\u00bbfont-555555&Prime; text_size=\u00a0\u00bbh5&Prime; text_weight=\u00a0\u00bb400&Prime; uncode_shortcode_id=\u00a0\u00bb119239&Prime;]<strong><span style=\"text-decoration: underline;\">Cookies de Session<\/span> :<\/strong> Nous utilisons des cookies de session pour faire fonctionner notre service.<br \/>\n<strong><span style=\"text-decoration: underline;\">Cookies de Pr\u00e9f\u00e9rence<\/span> :<\/strong> Nous utilisons des cookies de pr\u00e9f\u00e9rence pour m\u00e9moriser vos pr\u00e9f\u00e9rences et divers param\u00e8tres.<br \/>\n<strong><span style=\"text-decoration: underline;\">Cookies de S\u00e9curit\u00e9<\/span> :<\/strong> Nous utilisons des cookies de s\u00e9curit\u00e9 pour des raisons de s\u00e9curit\u00e9.[\/vc_custom_heading][\/vc_accordion_tab][vc_accordion_tab gutter_size=\u00a0\u00bb2&Prime; column_padding=\u00a0\u00bb0&Prime; title=\u00a0\u00bbPrestataires de services\u00a0\u00bb tab_id=\u00a0\u00bbf2d8-f15e\u00a0\u00bb][vc_custom_heading heading_semantic=\u00a0\u00bbh5&Prime; text_font=\u00a0\u00bbfont-555555&Prime; text_size=\u00a0\u00bbh5&Prime; text_weight=\u00a0\u00bb400&Prime; uncode_shortcode_id=\u00a0\u00bb213669&Prime;]Nous pouvons employer des entreprises et des individus tiers pour faciliter notre service (\u201cPrestataires de services\u201d), pour fournir le service en notre nom, pour ex\u00e9cuter des services li\u00e9s au service ou pour nous aider \u00e0 analyser comment notre service est utilis\u00e9.<br \/>\n\u200d<br \/>\nCes tiers ont acc\u00e8s \u00e0 vos donn\u00e9es personnelles uniquement pour accomplir ces t\u00e2ches en notre nom et sont tenus de ne pas les divulguer ou les utiliser \u00e0 d&rsquo;autres fins.[\/vc_custom_heading][vc_custom_heading heading_semantic=\u00a0\u00bbh5&Prime; text_font=\u00a0\u00bbfont-555555&Prime; text_size=\u00a0\u00bbh5&Prime; text_weight=\u00a0\u00bb600&Prime; uncode_shortcode_id=\u00a0\u00bb349204&Prime;]<strong><span style=\"text-decoration: underline;\">Analytique<\/span><\/strong>[\/vc_custom_heading][vc_custom_heading heading_semantic=\u00a0\u00bbh5&Prime; text_font=\u00a0\u00bbfont-555555&Prime; text_size=\u00a0\u00bbh5&Prime; text_weight=\u00a0\u00bb400&Prime; uncode_shortcode_id=\u00a0\u00bb196600&Prime;]<strong>Google Analytics :<\/strong> Google Analytics est un service d&rsquo;analyse web fourni par Google qui suit et rapporte le trafic du site web. Google utilise les donn\u00e9es collect\u00e9es pour suivre et surveiller l&rsquo;utilisation de notre service. Ces donn\u00e9es sont partag\u00e9es avec d&rsquo;autres services de Google. Google peut utiliser les donn\u00e9es collect\u00e9es pour contextualiser et personnaliser les annonces de son propre r\u00e9seau publicitaire. Pour plus d&rsquo;informations sur les pratiques de confidentialit\u00e9 de Google, <a href=\"https:\/\/policies.google.com\/privacy?hl=fr\" target=\"_blank\" rel=\"noopener\">veuillez consulter la page de confidentialit\u00e9 et de conditions de Google<\/a>.[\/vc_custom_heading][\/vc_accordion_tab][vc_accordion_tab gutter_size=\u00a0\u00bb2&Prime; column_padding=\u00a0\u00bb0&Prime; title=\u00a0\u00bbLiens vers d&rsquo;autres sites\u00a0\u00bb tab_id=\u00a0\u00bb918d-d697&Prime;][vc_custom_heading heading_semantic=\u00a0\u00bbh5&Prime; text_font=\u00a0\u00bbfont-555555&Prime; text_size=\u00a0\u00bbh5&Prime; text_weight=\u00a0\u00bb400&Prime; uncode_shortcode_id=\u00a0\u00bb174879&Prime;]Notre service peut contenir des liens vers d&rsquo;autres sites qui ne sont pas exploit\u00e9s par nous. Si vous cliquez sur un lien tiers, vous serez dirig\u00e9 vers le site de ce tiers. Nous vous conseillons fortement de consulter la politique de confidentialit\u00e9 de chaque site que vous visitez.<br \/>\n\u200d<br \/>\nNous n&rsquo;avons aucun contr\u00f4le sur le contenu, les politiques de confidentialit\u00e9 ou les pratiques de tout site ou service tiers.[\/vc_custom_heading][\/vc_accordion_tab][vc_accordion_tab gutter_size=\u00a0\u00bb2&Prime; column_padding=\u00a0\u00bb0&Prime; title=\u00a0\u00bbD\u00e9finitions\u00a0\u00bb tab_id=\u00a0\u00bbf989-0f17&Prime;][vc_custom_heading heading_semantic=\u00a0\u00bbh5&Prime; text_font=\u00a0\u00bbfont-555555&Prime; text_size=\u00a0\u00bbh5&Prime; text_weight=\u00a0\u00bb400&Prime; uncode_shortcode_id=\u00a0\u00bb134942&Prime;]Compte signifie un compte unique cr\u00e9\u00e9 pour vous permettre d&rsquo;acc\u00e9der \u00e0 notre service ou \u00e0 certaines parties de celui-ci.<\/p>\n<p>&nbsp;<\/p>\n<p>Affili\u00e9 d\u00e9signe une entit\u00e9 qui contr\u00f4le, est contr\u00f4l\u00e9e par ou est sous contr\u00f4le commun avec une partie, o\u00f9 le terme \u00ab\u00a0contr\u00f4le\u00a0\u00bb signifie la d\u00e9tention de 50 % ou plus des actions, des int\u00e9r\u00eats ou des titres de participation avec droit de vote pour l&rsquo;\u00e9lection des administrateurs ou d&rsquo;une autre autorit\u00e9 de gestion.<\/p>\n<p>Cookies sont de petits fichiers plac\u00e9s sur votre ordinateur, appareil mobile ou tout autre appareil par un site web, contenant des informations sur votre historique de navigation sur ce site parmi ses nombreuses utilisations.<\/p>\n<p>Pays fait r\u00e9f\u00e9rence \u00e0 : Belgique<\/p>\n<p>Appareil signifie tout appareil permettant d&rsquo;acc\u00e9der au service tel qu&rsquo;un ordinateur, un t\u00e9l\u00e9phone portable ou une tablette num\u00e9rique.<\/p>\n<p>Donn\u00e9es personnelles d\u00e9signe toute information se rapportant \u00e0 un individu identifi\u00e9 ou identifiable.<\/p>\n<p>Service fait r\u00e9f\u00e9rence au site web.<\/p>\n<p>Prestataire de services d\u00e9signe toute personne physique ou morale qui traite les donn\u00e9es pour le compte de l&rsquo;entreprise. Cela d\u00e9signe les entreprises ou individus tiers employ\u00e9s par l&rsquo;entreprise pour faciliter le service, fournir le service au nom de l&rsquo;entreprise, ex\u00e9cuter des services li\u00e9s au service ou aider l&rsquo;entreprise \u00e0 analyser l&rsquo;utilisation du service.<\/p>\n<p>Donn\u00e9es d&rsquo;utilisation d\u00e9signe les donn\u00e9es collect\u00e9es automatiquement, soit g\u00e9n\u00e9r\u00e9es par l&rsquo;utilisation du service soit provenant de l&rsquo;infrastructure du service elle-m\u00eame (par exemple, la dur\u00e9e d&rsquo;une visite de page).<\/p>\n<p>Site web fait r\u00e9f\u00e9rence \u00e0 OSTA, accessible depuis www.osta.be<\/p>\n<p>Vous signifie l&rsquo;individu acc\u00e9dant ou utilisant le service, ou l&rsquo;entreprise ou autre entit\u00e9 l\u00e9gale pour le compte de laquelle cette personne acc\u00e8de ou utilise le service, le cas \u00e9ch\u00e9ant.[\/vc_custom_heading][\/vc_accordion_tab][vc_accordion_tab gutter_size=\u00a0\u00bb2&Prime; column_padding=\u00a0\u00bb2&Prime; title=\u00a0\u00bbNous contacter\u00a0\u00bb tab_id=\u00a0\u00bb1692177523797-4-5&Prime;][vc_column_text uncode_shortcode_id=\u00a0\u00bb673961&Prime;]<strong>OSTA association sans but lucratif<\/strong> (vzw\/asbl, enregistr\u00e9e sous la loi belge)<br \/>\n30\/21 Varkensmarkt\/Rue du March\u00e9 aux Porcs<br \/>\n1000 Bruxelles, Belgique<br \/>\n<strong>E-mail :<\/strong> <a href=\"mailto:info@osta.be\">info@osta.be<\/a>[\/vc_column_text][\/vc_accordion_tab][\/vc_accordion][\/vc_column][\/vc_row]<\/p>\n<\/div>","protected":false},"excerpt":{"rendered":"<p>[vc_row row_height_percent=\u00a0\u00bb0&Prime; override_padding=\u00a0\u00bbyes\u00a0\u00bb h_padding=\u00a0\u00bb2&Prime; top_padding=\u00a0\u00bb4&Prime; bottom_padding=\u00a0\u00bb4&Prime; overlay_alpha=\u00a0\u00bb50&Prime; gutter_size=\u00a0\u00bb3&Prime; column_width_percent=\u00a0\u00bb100&Prime; shift_y=\u00a0\u00bb0&Prime; z_index=\u00a0\u00bb0&Prime; uncode_shortcode_id=\u00a0\u00bb861596&Prime;][vc_column column_width_percent=\u00a0\u00bb100&Prime; gutter_size=\u00a0\u00bb3&Prime; back_color=\u00a0\u00bbcolor-lxmt\u00a0\u00bb overlay_alpha=\u00a0\u00bb50&Prime; shift_x=\u00a0\u00bb0&Prime; shift_y=\u00a0\u00bb0&Prime; shift_y_down=\u00a0\u00bb0&Prime; z_index=\u00a0\u00bb0&Prime; [&hellip;]<\/p>\n","protected":false},"author":1,"featured_media":0,"parent":0,"menu_order":0,"comment_status":"closed","ping_status":"closed","template":"","meta":{"give_campaign_id":0,"footnotes":""},"class_list":["post-133217","page","type-page","status-publish","hentry"],"yoast_head":"<!-- This site is optimized with the Yoast SEO plugin v27.3 - https:\/\/yoast.com\/product\/yoast-seo-wordpress\/ -->\n<title>OSTA &#8212; Mentions l\u00e9gales et cookies<\/title>\n<meta name=\"description\" content=\"OSTA\u2019s mission is to serve the interests of animals, cultivate a sustainable community, and enhance the bond between humans and animals.\" \/>\n<meta name=\"robots\" content=\"index, follow, max-snippet:-1, max-image-preview:large, max-video-preview:-1\" \/>\n<link rel=\"canonical\" href=\"https:\/\/osta.be\/fr\/cookies\/\" \/>\n<meta property=\"og:locale\" content=\"fr_FR\" \/>\n<meta property=\"og:type\" content=\"article\" \/>\n<meta property=\"og:title\" content=\"OSTA &#8212; Mentions l\u00e9gales et cookies\" \/>\n<meta property=\"og:description\" content=\"OSTA\u2019s mission is to serve the interests of animals, cultivate a sustainable community, and enhance the bond between humans and animals.\" \/>\n<meta property=\"og:url\" content=\"https:\/\/osta.be\/fr\/cookies\/\" \/>\n<meta property=\"og:site_name\" content=\"OSTA\" \/>\n<meta property=\"article:modified_time\" content=\"2024-12-07T19:23:25+00:00\" \/>\n<meta property=\"og:image\" content=\"https:\/\/osta.be\/wp-content\/uploads\/2024\/06\/osta-activities-seo-01.jpg\" \/>\n\t<meta property=\"og:image:width\" content=\"1200\" \/>\n\t<meta property=\"og:image:height\" content=\"675\" \/>\n\t<meta property=\"og:image:type\" content=\"image\/jpeg\" \/>\n<meta name=\"twitter:card\" content=\"summary_large_image\" \/>\n<meta name=\"twitter:label1\" content=\"Dur\u00e9e de lecture estim\u00e9e\" \/>\n\t<meta name=\"twitter:data1\" content=\"5 minutes\" \/>\n<script type=\"application\/ld+json\" class=\"yoast-schema-graph\">{\"@context\":\"https:\\\/\\\/schema.org\",\"@graph\":[{\"@type\":\"WebPage\",\"@id\":\"https:\\\/\\\/osta.be\\\/fr\\\/cookies\\\/\",\"url\":\"https:\\\/\\\/osta.be\\\/fr\\\/cookies\\\/\",\"name\":\"OSTA &#8212; Mentions l\u00e9gales et cookies\",\"isPartOf\":{\"@id\":\"https:\\\/\\\/osta.be\\\/fr\\\/#website\"},\"datePublished\":\"2024-11-02T09:54:01+00:00\",\"dateModified\":\"2024-12-07T19:23:25+00:00\",\"description\":\"OSTA\u2019s mission is to serve the interests of animals, cultivate a sustainable community, and enhance the bond between humans and animals.\",\"breadcrumb\":{\"@id\":\"https:\\\/\\\/osta.be\\\/fr\\\/cookies\\\/#breadcrumb\"},\"inLanguage\":\"fr-FR\",\"potentialAction\":[{\"@type\":\"ReadAction\",\"target\":[\"https:\\\/\\\/osta.be\\\/fr\\\/cookies\\\/\"]}]},{\"@type\":\"BreadcrumbList\",\"@id\":\"https:\\\/\\\/osta.be\\\/fr\\\/cookies\\\/#breadcrumb\",\"itemListElement\":[{\"@type\":\"ListItem\",\"position\":1,\"name\":\"Home\",\"item\":\"https:\\\/\\\/osta.be\\\/fr\\\/\"},{\"@type\":\"ListItem\",\"position\":2,\"name\":\"Mentions l\u00e9gales et cookies\"}]},{\"@type\":\"WebSite\",\"@id\":\"https:\\\/\\\/osta.be\\\/fr\\\/#website\",\"url\":\"https:\\\/\\\/osta.be\\\/fr\\\/\",\"name\":\"OSTA\",\"description\":\"\",\"publisher\":{\"@id\":\"https:\\\/\\\/osta.be\\\/fr\\\/#organization\"},\"potentialAction\":[{\"@type\":\"SearchAction\",\"target\":{\"@type\":\"EntryPoint\",\"urlTemplate\":\"https:\\\/\\\/osta.be\\\/fr\\\/?s={search_term_string}\"},\"query-input\":{\"@type\":\"PropertyValueSpecification\",\"valueRequired\":true,\"valueName\":\"search_term_string\"}}],\"inLanguage\":\"fr-FR\"},{\"@type\":\"Organization\",\"@id\":\"https:\\\/\\\/osta.be\\\/fr\\\/#organization\",\"name\":\"OSTA\",\"url\":\"https:\\\/\\\/osta.be\\\/fr\\\/\",\"logo\":{\"@type\":\"ImageObject\",\"inLanguage\":\"fr-FR\",\"@id\":\"https:\\\/\\\/osta.be\\\/fr\\\/#\\\/schema\\\/logo\\\/image\\\/\",\"url\":\"https:\\\/\\\/osta.be\\\/wp-content\\\/uploads\\\/2024\\\/06\\\/osta-logo.jpg\",\"contentUrl\":\"https:\\\/\\\/osta.be\\\/wp-content\\\/uploads\\\/2024\\\/06\\\/osta-logo.jpg\",\"width\":1000,\"height\":1000,\"caption\":\"OSTA\"},\"image\":{\"@id\":\"https:\\\/\\\/osta.be\\\/fr\\\/#\\\/schema\\\/logo\\\/image\\\/\"}}]}<\/script>\n<!-- \/ Yoast SEO plugin. -->","yoast_head_json":{"title":"OSTA &#8212; Mentions l\u00e9gales et cookies","description":"OSTA\u2019s mission is to serve the interests of animals, cultivate a sustainable community, and enhance the bond between humans and animals.","robots":{"index":"index","follow":"follow","max-snippet":"max-snippet:-1","max-image-preview":"max-image-preview:large","max-video-preview":"max-video-preview:-1"},"canonical":"https:\/\/osta.be\/fr\/cookies\/","og_locale":"fr_FR","og_type":"article","og_title":"OSTA &#8212; Mentions l\u00e9gales et cookies","og_description":"OSTA\u2019s mission is to serve the interests of animals, cultivate a sustainable community, and enhance the bond between humans and animals.","og_url":"https:\/\/osta.be\/fr\/cookies\/","og_site_name":"OSTA","article_modified_time":"2024-12-07T19:23:25+00:00","og_image":[{"width":1200,"height":675,"url":"https:\/\/osta.be\/wp-content\/uploads\/2024\/06\/osta-activities-seo-01.jpg","type":"image\/jpeg"}],"twitter_card":"summary_large_image","twitter_misc":{"Dur\u00e9e de lecture estim\u00e9e":"5 minutes"},"schema":{"@context":"https:\/\/schema.org","@graph":[{"@type":"WebPage","@id":"https:\/\/osta.be\/fr\/cookies\/","url":"https:\/\/osta.be\/fr\/cookies\/","name":"OSTA &#8212; Mentions l\u00e9gales et cookies","isPartOf":{"@id":"https:\/\/osta.be\/fr\/#website"},"datePublished":"2024-11-02T09:54:01+00:00","dateModified":"2024-12-07T19:23:25+00:00","description":"OSTA\u2019s mission is to serve the interests of animals, cultivate a sustainable community, and enhance the bond between humans and animals.","breadcrumb":{"@id":"https:\/\/osta.be\/fr\/cookies\/#breadcrumb"},"inLanguage":"fr-FR","potentialAction":[{"@type":"ReadAction","target":["https:\/\/osta.be\/fr\/cookies\/"]}]},{"@type":"BreadcrumbList","@id":"https:\/\/osta.be\/fr\/cookies\/#breadcrumb","itemListElement":[{"@type":"ListItem","position":1,"name":"Home","item":"https:\/\/osta.be\/fr\/"},{"@type":"ListItem","position":2,"name":"Mentions l\u00e9gales et cookies"}]},{"@type":"WebSite","@id":"https:\/\/osta.be\/fr\/#website","url":"https:\/\/osta.be\/fr\/","name":"OSTA","description":"","publisher":{"@id":"https:\/\/osta.be\/fr\/#organization"},"potentialAction":[{"@type":"SearchAction","target":{"@type":"EntryPoint","urlTemplate":"https:\/\/osta.be\/fr\/?s={search_term_string}"},"query-input":{"@type":"PropertyValueSpecification","valueRequired":true,"valueName":"search_term_string"}}],"inLanguage":"fr-FR"},{"@type":"Organization","@id":"https:\/\/osta.be\/fr\/#organization","name":"OSTA","url":"https:\/\/osta.be\/fr\/","logo":{"@type":"ImageObject","inLanguage":"fr-FR","@id":"https:\/\/osta.be\/fr\/#\/schema\/logo\/image\/","url":"https:\/\/osta.be\/wp-content\/uploads\/2024\/06\/osta-logo.jpg","contentUrl":"https:\/\/osta.be\/wp-content\/uploads\/2024\/06\/osta-logo.jpg","width":1000,"height":1000,"caption":"OSTA"},"image":{"@id":"https:\/\/osta.be\/fr\/#\/schema\/logo\/image\/"}}]}},"campaignId":"","_links":{"self":[{"href":"https:\/\/osta.be\/fr\/wp-json\/wp\/v2\/pages\/133217","targetHints":{"allow":["GET"]}}],"collection":[{"href":"https:\/\/osta.be\/fr\/wp-json\/wp\/v2\/pages"}],"about":[{"href":"https:\/\/osta.be\/fr\/wp-json\/wp\/v2\/types\/page"}],"author":[{"embeddable":true,"href":"https:\/\/osta.be\/fr\/wp-json\/wp\/v2\/users\/1"}],"replies":[{"embeddable":true,"href":"https:\/\/osta.be\/fr\/wp-json\/wp\/v2\/comments?post=133217"}],"version-history":[{"count":2,"href":"https:\/\/osta.be\/fr\/wp-json\/wp\/v2\/pages\/133217\/revisions"}],"predecessor-version":[{"id":134289,"href":"https:\/\/osta.be\/fr\/wp-json\/wp\/v2\/pages\/133217\/revisions\/134289"}],"wp:attachment":[{"href":"https:\/\/osta.be\/fr\/wp-json\/wp\/v2\/media?parent=133217"}],"curies":[{"name":"wp","href":"https:\/\/api.w.org\/{rel}","templated":true}]}}