{"id":133218,"date":"2024-11-02T13:48:34","date_gmt":"2024-11-02T13:48:34","guid":{"rendered":"https:\/\/osta.be\/privacy-statement\/"},"modified":"2024-12-07T17:15:24","modified_gmt":"2024-12-07T17:15:24","slug":"confidentialite","status":"publish","type":"page","link":"https:\/\/osta.be\/fr\/confidentialite\/","title":{"rendered":"Confidentialit\u00e9"},"content":{"rendered":"<div class=\"wpb-content-wrapper\"><p>[vc_row row_height_percent=\u00a0\u00bb0&Prime; override_padding=\u00a0\u00bbyes\u00a0\u00bb h_padding=\u00a0\u00bb2&Prime; top_padding=\u00a0\u00bb4&Prime; bottom_padding=\u00a0\u00bb4&Prime; overlay_alpha=\u00a0\u00bb50&Prime; gutter_size=\u00a0\u00bb3&Prime; column_width_percent=\u00a0\u00bb100&Prime; shift_y=\u00a0\u00bb0&Prime; z_index=\u00a0\u00bb0&Prime; uncode_shortcode_id=\u00a0\u00bb861596&Prime;][vc_column column_width_percent=\u00a0\u00bb100&Prime; gutter_size=\u00a0\u00bb3&Prime; back_color=\u00a0\u00bbcolor-lxmt\u00a0\u00bb overlay_alpha=\u00a0\u00bb50&Prime; shift_x=\u00a0\u00bb0&Prime; shift_y=\u00a0\u00bb0&Prime; shift_y_down=\u00a0\u00bb0&Prime; z_index=\u00a0\u00bb0&Prime; medium_width=\u00a0\u00bb0&Prime; mobile_width=\u00a0\u00bb0&Prime; width=\u00a0\u00bb1\/1&Prime; uncode_shortcode_id=\u00a0\u00bb653550&Prime; back_color_type=\u00a0\u00bbuncode-palette\u00a0\u00bb][vc_custom_heading heading_semantic=\u00a0\u00bbh1&Prime; uncode_shortcode_id=\u00a0\u00bb175785&Prime;]D\u00e9claration de Confidentialit\u00e9 pour l&rsquo;Organisation pour le Traitement Spirituel des Animaux (OSTA)[\/vc_custom_heading][vc_column_text uncode_shortcode_id=\u00a0\u00bb103767&Prime;]Cette d\u00e9claration de confidentialit\u00e9 explique comment l&rsquo;Organisation pour le Traitement Spirituel des Animaux (OSTA vzw\/asbl), enregistr\u00e9e \u00e0 1000 Bruxelles, 30\/21 Varkensmarkt \/ Rue du March\u00e9 aux Porcs (BE1007.369.942), traite les donn\u00e9es personnelles. OSTA respecte votre vie priv\u00e9e et vos droits de contr\u00f4ler vos donn\u00e9es personnelles. Nous traitons toutes les donn\u00e9es en Belgique et ne transf\u00e9rons pas de donn\u00e9es en dehors du pays.[\/vc_column_text][vc_column_text uncode_shortcode_id=\u00a0\u00bb204999&Prime;]Nous prenons des pr\u00e9cautions raisonnables pour prot\u00e9ger vos donn\u00e9es. Nos ordinateurs sont \u00e9quip\u00e9s de logiciels antivirus \u00e0 jour, et nous utilisons une protection par mot de passe pour tous les appareils et comptes traitant des donn\u00e9es personnelles. Nous mettons r\u00e9guli\u00e8rement \u00e0 jour nos logiciels et syst\u00e8mes pour garantir la s\u00e9curit\u00e9.[\/vc_column_text][vc_column_text uncode_shortcode_id=\u00a0\u00bb953085&Prime;]Nous pouvons conserver des donn\u00e9es anonymis\u00e9es ou agr\u00e9g\u00e9es pour des p\u00e9riodes plus longues afin de soutenir des analyses \u00e0 long terme des tendances des soutiens et de l&rsquo;impact de notre organisation.[\/vc_column_text][vc_column_text uncode_shortcode_id=\u00a0\u00bb117516&Prime;]<span style=\"text-decoration: underline;\"><strong>Nous conservons vos donn\u00e9es comme suit :<\/strong><\/span><\/p>\n<ul>\n<li>Les adresses sont conserv\u00e9es pendant 3 ans apr\u00e8s la derni\u00e8re activit\u00e9, sauf demande de suppression anticip\u00e9e<\/li>\n<li>Les adresses e-mail sont conserv\u00e9es jusqu&rsquo;\u00e0 d\u00e9sinscription de la newsletter ou 3 ans apr\u00e8s la derni\u00e8re activit\u00e9<\/li>\n<li>Les num\u00e9ros de t\u00e9l\u00e9phone sont conserv\u00e9s pendant 3 ans apr\u00e8s la derni\u00e8re activit\u00e9, sauf demande de suppression anticip\u00e9e<\/li>\n<li>Les histoires d&rsquo;animaux sont conserv\u00e9es pour utilisation dans nos services et newsletters, sauf demande de suppression<\/li>\n<\/ul>\n<p>Nous appliquons une approche gradu\u00e9e de la conservation des donn\u00e9es, en conservant les informations de contact de base plus longtemps tout en supprimant les donn\u00e9es plus sensibles plus t\u00f4t. Nous r\u00e9visons et mettons \u00e0 jour r\u00e9guli\u00e8rement notre politique de conservation des donn\u00e9es pour assurer la conformit\u00e9 avec les r\u00e9glementations actuelles et les meilleures pratiques pour les organisations \u00e0 but non lucratif. Vous pouvez mettre \u00e0 jour vos informations ou demander leur suppression \u00e0 tout moment via notre site web ou en nous contactant directement.<\/p>\n<p>Pour les mineurs de moins de 16 ans, nous demandons le consentement parental avant de collecter toute information personnelle. Nous conservons ce consentement avec les donn\u00e9es du mineur et les supprimons lorsque le mineur atteint 16 ans ou sur demande.[\/vc_column_text][\/vc_column][\/vc_row][vc_row row_height_percent=\u00a0\u00bb0&Prime; override_padding=\u00a0\u00bbyes\u00a0\u00bb h_padding=\u00a0\u00bb2&Prime; top_padding=\u00a0\u00bb0&Prime; bottom_padding=\u00a0\u00bb7&Prime; overlay_alpha=\u00a0\u00bb50&Prime; gutter_size=\u00a0\u00bb5&Prime; column_width_percent=\u00a0\u00bb100&Prime; shift_y=\u00a0\u00bb0&Prime; z_index=\u00a0\u00bb0&Prime; uncode_shortcode_id=\u00a0\u00bb120715&Prime;][vc_column column_width_percent=\u00a0\u00bb100&Prime; position_vertical=\u00a0\u00bbmiddle\u00a0\u00bb gutter_size=\u00a0\u00bb4&Prime; font_family=\u00a0\u00bbfont-846016&Prime; overlay_alpha=\u00a0\u00bb50&Prime; shift_x=\u00a0\u00bb0&Prime; shift_y=\u00a0\u00bb0&Prime; shift_y_down=\u00a0\u00bb0&Prime; z_index=\u00a0\u00bb0&Prime; medium_width=\u00a0\u00bb0&Prime; mobile_width=\u00a0\u00bb0&Prime; css_animation=\u00a0\u00bbalpha-anim\u00a0\u00bb animation_speed=\u00a0\u00bb1000&Prime; width=\u00a0\u00bb1\/1&Prime; uncode_shortcode_id=\u00a0\u00bb743379&Prime;][vc_accordion typography=\u00a0\u00bbadvanced\u00a0\u00bb sign=\u00a0\u00bbplus\u00a0\u00bb sign_size=\u00a0\u00bbmd\u00a0\u00bb content_border=\u00a0\u00bbyes\u00a0\u00bb gutter_simple=\u00a0\u00bb1&Prime; no_h_padding=\u00a0\u00bbyes\u00a0\u00bb active_txt_color=\u00a0\u00bbcolor-jevc\u00a0\u00bb titles_font=\u00a0\u00bbfont-186833&Prime; titles_size=\u00a0\u00bbh3&Prime; titles_weight=\u00a0\u00bb600&Prime; uncode_shortcode_id=\u00a0\u00bb476085&Prime; active_tab=\u00a0\u00bb0&Prime; active_txt_color_type=\u00a0\u00bbuncode-palette\u00a0\u00bb][vc_accordion_tab gutter_size=\u00a0\u00bb2&Prime; column_padding=\u00a0\u00bb0&Prime; title=\u00a0\u00bbCollecte et Utilisation des Donn\u00e9es\u00a0\u00bb tab_id=\u00a0\u00bb22d6-42f4&Prime;][vc_custom_heading heading_semantic=\u00a0\u00bbh5&Prime; text_font=\u00a0\u00bbfont-555555&Prime; text_size=\u00a0\u00bbh5&Prime; text_weight=\u00a0\u00bb400&Prime; uncode_shortcode_id=\u00a0\u00bb571840&Prime;]<span style=\"text-decoration: underline;\"><strong>OSTA collecte des informations d&rsquo;identification personnelle (nom, adresse postale, adresse e-mail, num\u00e9ro de t\u00e9l\u00e9phone) directement aupr\u00e8s de vous lorsque vous :<\/strong><\/span><\/p>\n<ul>\n<li>demandez \u00e0 participer \u00e0 OSTA en ligne ou via des documents \u00e9crits<\/li>\n<li>vous abonnez \u00e0 la newsletter OSTA<\/li>\n<li>signez une enqu\u00eate ou une p\u00e9tition d&rsquo;OSTA<\/li>\n<li>utilisez le formulaire de contact d&rsquo;OSTA<\/li>\n<li>participez aux \u00e9v\u00e9nements d&rsquo;OSTA, y compris les festivals et activit\u00e9s promotionnelles<\/li>\n<li>traitez et g\u00e9rez les parrainages pour des initiatives de haut niveau pour les animaux<\/li>\n<li>offrez un soutien de premiers secours aux animaux, y compris des conseils juridiques, scientifiques et politiques<\/li>\n<li>partagez des histoires d&rsquo;animaux avec OSTA, en personne ou en ligne<\/li>\n<\/ul>\n<p>[\/vc_custom_heading][vc_custom_heading heading_semantic=\u00a0\u00bbh5&Prime; text_font=\u00a0\u00bbfont-555555&Prime; text_size=\u00a0\u00bbh5&Prime; text_weight=\u00a0\u00bb400&Prime; uncode_shortcode_id=\u00a0\u00bb637155&Prime;]<span style=\"text-decoration: underline;\"><strong>Nous utilisons vos donn\u00e9es pour les finalit\u00e9s suivantes :<\/strong><\/span><\/p>\n<ul>\n<li>Communication par e-mail concernant le service ou les actions pour les animaux<\/li>\n<li>Envoi de la newsletter OSTA (avec option de d\u00e9sinscription)<\/li>\n<li>Traitement des r\u00e9ponses aux enqu\u00eates et p\u00e9titions<\/li>\n<li>Aide \u00e0 la r\u00e9daction d&rsquo;histoires sur vos animaux<\/li>\n<li>Inclusion d&rsquo;histoires d&rsquo;animaux dans notre newsletter (avec votre consentement)<\/li>\n<\/ul>\n<p>[\/vc_custom_heading][\/vc_accordion_tab][vc_accordion_tab gutter_size=\u00a0\u00bb2&Prime; column_padding=\u00a0\u00bb0&Prime; title=\u00a0\u00bbStockage et Conservation des Donn\u00e9es\u00a0\u00bb tab_id=\u00a0\u00bbf2d8-f15e\u00a0\u00bb][vc_custom_heading heading_semantic=\u00a0\u00bbh5&Prime; text_font=\u00a0\u00bbfont-555555&Prime; text_size=\u00a0\u00bbh5&Prime; text_weight=\u00a0\u00bb400&Prime; uncode_shortcode_id=\u00a0\u00bb196302&Prime;]<span style=\"text-decoration: underline;\"><strong>OSTA stocke vos donn\u00e9es dans son bureau \u00e0 Bruxelles. Nous conservons vos donn\u00e9es comme suit :<\/strong><\/span><\/p>\n<ul>\n<li>Les adresses sont supprim\u00e9es sur demande<\/li>\n<li>Les adresses e-mail sont conserv\u00e9es jusqu&rsquo;\u00e0 d\u00e9sinscription de la newsletter<\/li>\n<li>Les num\u00e9ros de t\u00e9l\u00e9phone sont supprim\u00e9s sur demande<\/li>\n<li>Les histoires d&rsquo;animaux sont conserv\u00e9es pour utilisation dans nos services et newsletters, sauf demande de suppression<\/li>\n<\/ul>\n<p>[\/vc_custom_heading][\/vc_accordion_tab][vc_accordion_tab gutter_size=\u00a0\u00bb2&Prime; column_padding=\u00a0\u00bb0&Prime; title=\u00a0\u00bbDroits de Protection des Donn\u00e9es\u00a0\u00bb tab_id=\u00a0\u00bb918d-d697&Prime;][vc_custom_heading heading_semantic=\u00a0\u00bbh5&Prime; text_font=\u00a0\u00bbfont-555555&Prime; text_size=\u00a0\u00bbh5&Prime; text_weight=\u00a0\u00bb400&Prime; uncode_shortcode_id=\u00a0\u00bb148981&Prime;]<span style=\"text-decoration: underline;\"><strong>Vous disposez des droits suivants concernant vos donn\u00e9es personnelles :<\/strong><\/span><\/p>\n<ul>\n<li>Droit d&rsquo;acc\u00e8s<\/li>\n<li>Droit de rectification<\/li>\n<li>Droit d&rsquo;effacement<\/li>\n<li>Droit de restreindre le traitement<\/li>\n<li>Droit \u00e0 la portabilit\u00e9 des donn\u00e9es<\/li>\n<\/ul>\n<p>Pour exercer ces droits, contactez-nous \u00e0\u00a0<a href=\"mailto:info@osta.be\" target=\"_blank\" rel=\"noopener\">info@osta.be<\/a>, appelez le +32487\/90.82.91, ou \u00e9crivez \u00e0 OSTA, 30\/21 Varkensmarkt &#8211; Rue du March\u00e9 aux Porcs &#8211; 1000 Bruxelles.[\/vc_custom_heading][\/vc_accordion_tab][vc_accordion_tab gutter_size=\u00a0\u00bb2&Prime; column_padding=\u00a0\u00bb0&Prime; title=\u00a0\u00bbServices et Traitement des Donn\u00e9es\u00a0\u00bb tab_id=\u00a0\u00bbf989-0f17&Prime;][vc_custom_heading heading_semantic=\u00a0\u00bbh5&Prime; text_font=\u00a0\u00bbfont-555555&Prime; text_size=\u00a0\u00bbh5&Prime; text_weight=\u00a0\u00bb400&Prime; uncode_shortcode_id=\u00a0\u00bb142941&Prime;]<span style=\"text-decoration: underline;\"><strong>OSTA fournit divers services, y compris des conseils, la promenade de chiens, des activit\u00e9s de gu\u00e9rison et g\u00e8re une boutique en ligne. Nous collectons et utilisons \u00e9galement des histoires d&rsquo;animaux dans le cadre de nos activit\u00e9s promotionnelles et services. Pour ces services, nous traitons les donn\u00e9es personnelles comme suit :<\/strong><\/span><\/p>\n<ul>\n<li>Conseil : Informations client pour des conseils d&rsquo;experts<\/li>\n<li>Promenade de Chiens : informations sur les animaux de compagnie et leurs propri\u00e9taires<\/li>\n<li>Activit\u00e9s de Gu\u00e9rison : informations des participants, y compris des donn\u00e9es de sant\u00e9<\/li>\n<li>Boutique en ligne : donn\u00e9es clients pour la r\u00e9alisation de commandes<\/li>\n<li>Programme de parrainage : informations sur les parrains et les initiatives soutenues<\/li>\n<li>Premiers Secours aux Animaux : informations de contact et d\u00e9tails du soutien fourni<\/li>\n<li>Histoires d&rsquo;Animaux : histoires personnelles et informations de contact pour l&rsquo;aide \u00e0 la r\u00e9daction et le contenu de la newsletter<\/li>\n<\/ul>\n<p><span style=\"text-decoration: underline;\"><strong>Pour tous les services, OSTA s&rsquo;engage \u00e0 :<\/strong><\/span><\/p>\n<ul>\n<li>Ne collecter que les donn\u00e9es n\u00e9cessaires<\/li>\n<li>Assurer un stockage s\u00e9curis\u00e9 et une conservation limit\u00e9e<\/li>\n<li>Ne pas partager avec des tiers sans consentement ou obligation l\u00e9gale<\/li>\n<li>Fournir des droits d&rsquo;acc\u00e8s, de correction et de suppression<\/li>\n<\/ul>\n<p>[\/vc_custom_heading][\/vc_accordion_tab][vc_accordion_tab gutter_size=\u00a0\u00bb2&Prime; column_padding=\u00a0\u00bb2&Prime; title=\u00a0\u00bbMarketing\u00a0\u00bb tab_id=\u00a0\u00bb1692177523797-4-5&Prime;][vc_column_text uncode_shortcode_id=\u00a0\u00bb173162&Prime;]OSTA utilise vos informations personnelles \u00e0 des fins de marketing uniquement avec votre consentement explicite, par exemple en incluant vos histoires d&rsquo;animaux dans notre newsletter.<\/p>\n<p>Cette d\u00e9claration de confidentialit\u00e9 vise \u00e0 fournir un aper\u00e7u clair et complet des pratiques de traitement des donn\u00e9es d&rsquo;OSTA. Nous nous engageons \u00e0 prot\u00e9ger votre vie priv\u00e9e et \u00e0 garantir la transparence dans nos proc\u00e9dures de gestion des donn\u00e9es.[\/vc_column_text][\/vc_accordion_tab][vc_accordion_tab gutter_size=\u00a0\u00bb2&Prime; column_padding=\u00a0\u00bb2&Prime; title=\u00a0\u00bbNotification en Cas de Violation de Donn\u00e9es\u00a0\u00bb tab_id=\u00a0\u00bb1692177523797-4-53&Prime;][vc_column_text uncode_shortcode_id=\u00a0\u00bb198765&Prime;]En cas de violation de donn\u00e9es compromettant la s\u00e9curit\u00e9, la confidentialit\u00e9 ou l&rsquo;int\u00e9grit\u00e9 de vos informations personnelles, nous vous en informerons rapidement par e-mail ou par un avis sur notre site web. Nous fournirons des informations sur la nature de la violation, les types de donn\u00e9es concern\u00e9s, et les mesures que nous prenons pour rem\u00e9dier \u00e0 la situation et prot\u00e9ger vos informations.[\/vc_column_text][\/vc_accordion_tab][vc_accordion_tab gutter_size=\u00a0\u00bb2&Prime; column_padding=\u00a0\u00bb2&Prime; title=\u00a0\u00bbMises \u00e0 Jour de la Politique de Confidentialit\u00e9\u00a0\u00bb tab_id=\u00a0\u00bb1692177523797-4-530&Prime;][vc_column_text uncode_shortcode_id=\u00a0\u00bb543038&Prime;]Nous r\u00e9visons cette d\u00e9claration de confidentialit\u00e9 chaque ann\u00e9e et pouvons la mettre \u00e0 jour pour refl\u00e9ter les changements dans nos pratiques de donn\u00e9es ou les lois en vigueur. Si nous apportons des modifications importantes, nous vous en informerons par e-mail ou par un avis sur notre site web avant que les modifications ne deviennent effectives. Nous vous encourageons \u00e0 consulter p\u00e9riodiquement cette d\u00e9claration pour rester inform\u00e9 de la mani\u00e8re dont nous prot\u00e9geons vos informations.[\/vc_column_text][\/vc_accordion_tab][\/vc_accordion][\/vc_column][\/vc_row]<\/p>\n<\/div>","protected":false},"excerpt":{"rendered":"<p>[vc_row row_height_percent=\u00a0\u00bb0&Prime; override_padding=\u00a0\u00bbyes\u00a0\u00bb h_padding=\u00a0\u00bb2&Prime; top_padding=\u00a0\u00bb4&Prime; bottom_padding=\u00a0\u00bb4&Prime; overlay_alpha=\u00a0\u00bb50&Prime; gutter_size=\u00a0\u00bb3&Prime; column_width_percent=\u00a0\u00bb100&Prime; shift_y=\u00a0\u00bb0&Prime; z_index=\u00a0\u00bb0&Prime; uncode_shortcode_id=\u00a0\u00bb861596&Prime;][vc_column column_width_percent=\u00a0\u00bb100&Prime; gutter_size=\u00a0\u00bb3&Prime; back_color=\u00a0\u00bbcolor-lxmt\u00a0\u00bb overlay_alpha=\u00a0\u00bb50&Prime; shift_x=\u00a0\u00bb0&Prime; shift_y=\u00a0\u00bb0&Prime; shift_y_down=\u00a0\u00bb0&Prime; z_index=\u00a0\u00bb0&Prime; [&hellip;]<\/p>\n","protected":false},"author":1,"featured_media":0,"parent":0,"menu_order":0,"comment_status":"closed","ping_status":"closed","template":"","meta":{"give_campaign_id":0,"footnotes":""},"class_list":["post-133218","page","type-page","status-publish","hentry"],"yoast_head":"<!-- This site is optimized with the Yoast SEO plugin v27.3 - https:\/\/yoast.com\/product\/yoast-seo-wordpress\/ -->\n<title>OSTA &#8212; Confidentialit\u00e9<\/title>\n<meta name=\"description\" content=\"OSTA\u2019s mission is to serve the interests of animals, cultivate a sustainable community, and enhance the bond between humans and animals.\" \/>\n<meta name=\"robots\" content=\"index, follow, max-snippet:-1, max-image-preview:large, max-video-preview:-1\" \/>\n<link rel=\"canonical\" href=\"https:\/\/osta.be\/fr\/confidentialite\/\" \/>\n<meta property=\"og:locale\" content=\"fr_FR\" \/>\n<meta property=\"og:type\" content=\"article\" \/>\n<meta property=\"og:title\" content=\"OSTA &#8212; Confidentialit\u00e9\" \/>\n<meta property=\"og:description\" content=\"OSTA\u2019s mission is to serve the interests of animals, cultivate a sustainable community, and enhance the bond between humans and animals.\" \/>\n<meta property=\"og:url\" content=\"https:\/\/osta.be\/fr\/confidentialite\/\" \/>\n<meta property=\"og:site_name\" content=\"OSTA\" \/>\n<meta property=\"article:modified_time\" content=\"2024-12-07T17:15:24+00:00\" \/>\n<meta property=\"og:image\" content=\"https:\/\/osta.be\/wp-content\/uploads\/2024\/06\/osta-activities-seo-01.jpg\" \/>\n\t<meta property=\"og:image:width\" content=\"1200\" \/>\n\t<meta property=\"og:image:height\" content=\"675\" \/>\n\t<meta property=\"og:image:type\" content=\"image\/jpeg\" \/>\n<meta name=\"twitter:card\" content=\"summary_large_image\" \/>\n<meta name=\"twitter:label1\" content=\"Dur\u00e9e de lecture estim\u00e9e\" \/>\n\t<meta name=\"twitter:data1\" content=\"5 minutes\" \/>\n<script type=\"application\/ld+json\" class=\"yoast-schema-graph\">{\"@context\":\"https:\\\/\\\/schema.org\",\"@graph\":[{\"@type\":\"WebPage\",\"@id\":\"https:\\\/\\\/osta.be\\\/fr\\\/confidentialite\\\/\",\"url\":\"https:\\\/\\\/osta.be\\\/fr\\\/confidentialite\\\/\",\"name\":\"OSTA &#8212; Confidentialit\u00e9\",\"isPartOf\":{\"@id\":\"https:\\\/\\\/osta.be\\\/fr\\\/#website\"},\"datePublished\":\"2024-11-02T13:48:34+00:00\",\"dateModified\":\"2024-12-07T17:15:24+00:00\",\"description\":\"OSTA\u2019s mission is to serve the interests of animals, cultivate a sustainable community, and enhance the bond between humans and animals.\",\"breadcrumb\":{\"@id\":\"https:\\\/\\\/osta.be\\\/fr\\\/confidentialite\\\/#breadcrumb\"},\"inLanguage\":\"fr-FR\",\"potentialAction\":[{\"@type\":\"ReadAction\",\"target\":[\"https:\\\/\\\/osta.be\\\/fr\\\/confidentialite\\\/\"]}]},{\"@type\":\"BreadcrumbList\",\"@id\":\"https:\\\/\\\/osta.be\\\/fr\\\/confidentialite\\\/#breadcrumb\",\"itemListElement\":[{\"@type\":\"ListItem\",\"position\":1,\"name\":\"Home\",\"item\":\"https:\\\/\\\/osta.be\\\/fr\\\/\"},{\"@type\":\"ListItem\",\"position\":2,\"name\":\"Confidentialit\u00e9\"}]},{\"@type\":\"WebSite\",\"@id\":\"https:\\\/\\\/osta.be\\\/fr\\\/#website\",\"url\":\"https:\\\/\\\/osta.be\\\/fr\\\/\",\"name\":\"OSTA\",\"description\":\"\",\"publisher\":{\"@id\":\"https:\\\/\\\/osta.be\\\/fr\\\/#organization\"},\"potentialAction\":[{\"@type\":\"SearchAction\",\"target\":{\"@type\":\"EntryPoint\",\"urlTemplate\":\"https:\\\/\\\/osta.be\\\/fr\\\/?s={search_term_string}\"},\"query-input\":{\"@type\":\"PropertyValueSpecification\",\"valueRequired\":true,\"valueName\":\"search_term_string\"}}],\"inLanguage\":\"fr-FR\"},{\"@type\":\"Organization\",\"@id\":\"https:\\\/\\\/osta.be\\\/fr\\\/#organization\",\"name\":\"OSTA\",\"url\":\"https:\\\/\\\/osta.be\\\/fr\\\/\",\"logo\":{\"@type\":\"ImageObject\",\"inLanguage\":\"fr-FR\",\"@id\":\"https:\\\/\\\/osta.be\\\/fr\\\/#\\\/schema\\\/logo\\\/image\\\/\",\"url\":\"https:\\\/\\\/osta.be\\\/wp-content\\\/uploads\\\/2024\\\/06\\\/osta-logo.jpg\",\"contentUrl\":\"https:\\\/\\\/osta.be\\\/wp-content\\\/uploads\\\/2024\\\/06\\\/osta-logo.jpg\",\"width\":1000,\"height\":1000,\"caption\":\"OSTA\"},\"image\":{\"@id\":\"https:\\\/\\\/osta.be\\\/fr\\\/#\\\/schema\\\/logo\\\/image\\\/\"}}]}<\/script>\n<!-- \/ Yoast SEO plugin. -->","yoast_head_json":{"title":"OSTA &#8212; Confidentialit\u00e9","description":"OSTA\u2019s mission is to serve the interests of animals, cultivate a sustainable community, and enhance the bond between humans and animals.","robots":{"index":"index","follow":"follow","max-snippet":"max-snippet:-1","max-image-preview":"max-image-preview:large","max-video-preview":"max-video-preview:-1"},"canonical":"https:\/\/osta.be\/fr\/confidentialite\/","og_locale":"fr_FR","og_type":"article","og_title":"OSTA &#8212; Confidentialit\u00e9","og_description":"OSTA\u2019s mission is to serve the interests of animals, cultivate a sustainable community, and enhance the bond between humans and animals.","og_url":"https:\/\/osta.be\/fr\/confidentialite\/","og_site_name":"OSTA","article_modified_time":"2024-12-07T17:15:24+00:00","og_image":[{"width":1200,"height":675,"url":"https:\/\/osta.be\/wp-content\/uploads\/2024\/06\/osta-activities-seo-01.jpg","type":"image\/jpeg"}],"twitter_card":"summary_large_image","twitter_misc":{"Dur\u00e9e de lecture estim\u00e9e":"5 minutes"},"schema":{"@context":"https:\/\/schema.org","@graph":[{"@type":"WebPage","@id":"https:\/\/osta.be\/fr\/confidentialite\/","url":"https:\/\/osta.be\/fr\/confidentialite\/","name":"OSTA &#8212; Confidentialit\u00e9","isPartOf":{"@id":"https:\/\/osta.be\/fr\/#website"},"datePublished":"2024-11-02T13:48:34+00:00","dateModified":"2024-12-07T17:15:24+00:00","description":"OSTA\u2019s mission is to serve the interests of animals, cultivate a sustainable community, and enhance the bond between humans and animals.","breadcrumb":{"@id":"https:\/\/osta.be\/fr\/confidentialite\/#breadcrumb"},"inLanguage":"fr-FR","potentialAction":[{"@type":"ReadAction","target":["https:\/\/osta.be\/fr\/confidentialite\/"]}]},{"@type":"BreadcrumbList","@id":"https:\/\/osta.be\/fr\/confidentialite\/#breadcrumb","itemListElement":[{"@type":"ListItem","position":1,"name":"Home","item":"https:\/\/osta.be\/fr\/"},{"@type":"ListItem","position":2,"name":"Confidentialit\u00e9"}]},{"@type":"WebSite","@id":"https:\/\/osta.be\/fr\/#website","url":"https:\/\/osta.be\/fr\/","name":"OSTA","description":"","publisher":{"@id":"https:\/\/osta.be\/fr\/#organization"},"potentialAction":[{"@type":"SearchAction","target":{"@type":"EntryPoint","urlTemplate":"https:\/\/osta.be\/fr\/?s={search_term_string}"},"query-input":{"@type":"PropertyValueSpecification","valueRequired":true,"valueName":"search_term_string"}}],"inLanguage":"fr-FR"},{"@type":"Organization","@id":"https:\/\/osta.be\/fr\/#organization","name":"OSTA","url":"https:\/\/osta.be\/fr\/","logo":{"@type":"ImageObject","inLanguage":"fr-FR","@id":"https:\/\/osta.be\/fr\/#\/schema\/logo\/image\/","url":"https:\/\/osta.be\/wp-content\/uploads\/2024\/06\/osta-logo.jpg","contentUrl":"https:\/\/osta.be\/wp-content\/uploads\/2024\/06\/osta-logo.jpg","width":1000,"height":1000,"caption":"OSTA"},"image":{"@id":"https:\/\/osta.be\/fr\/#\/schema\/logo\/image\/"}}]}},"campaignId":"","_links":{"self":[{"href":"https:\/\/osta.be\/fr\/wp-json\/wp\/v2\/pages\/133218","targetHints":{"allow":["GET"]}}],"collection":[{"href":"https:\/\/osta.be\/fr\/wp-json\/wp\/v2\/pages"}],"about":[{"href":"https:\/\/osta.be\/fr\/wp-json\/wp\/v2\/types\/page"}],"author":[{"embeddable":true,"href":"https:\/\/osta.be\/fr\/wp-json\/wp\/v2\/users\/1"}],"replies":[{"embeddable":true,"href":"https:\/\/osta.be\/fr\/wp-json\/wp\/v2\/comments?post=133218"}],"version-history":[{"count":2,"href":"https:\/\/osta.be\/fr\/wp-json\/wp\/v2\/pages\/133218\/revisions"}],"predecessor-version":[{"id":134285,"href":"https:\/\/osta.be\/fr\/wp-json\/wp\/v2\/pages\/133218\/revisions\/134285"}],"wp:attachment":[{"href":"https:\/\/osta.be\/fr\/wp-json\/wp\/v2\/media?parent=133218"}],"curies":[{"name":"wp","href":"https:\/\/api.w.org\/{rel}","templated":true}]}}