{"id":133226,"date":"2024-03-20T13:57:13","date_gmt":"2024-03-20T13:57:13","guid":{"rendered":"https:\/\/osta.be\/our-mission-and-vision\/"},"modified":"2024-12-07T15:43:17","modified_gmt":"2024-12-07T15:43:17","slug":"mission-et-vision","status":"publish","type":"page","link":"https:\/\/osta.be\/fr\/mission-et-vision\/","title":{"rendered":"Mission &#038; Vision"},"content":{"rendered":"<div class=\"wpb-content-wrapper\"><p>[vc_row unlock_row_content=\u00a0\u00bbyes\u00a0\u00bb row_height_percent=\u00a0\u00bb0&Prime; overlay_alpha=\u00a0\u00bb50&Prime; gutter_size=\u00a0\u00bb3&Prime; column_width_percent=\u00a0\u00bb100&Prime; shift_y=\u00a0\u00bb0&Prime; z_index=\u00a0\u00bb0&Prime; content_parallax=\u00a0\u00bb0&Prime; uncode_shortcode_id=\u00a0\u00bb206663&Prime;][vc_column width=\u00a0\u00bb1\/1&Prime;][vc_gallery el_id=\u00a0\u00bbgallery-636697&Prime; type=\u00a0\u00bbcarousel\u00a0\u00bb medias=\u00a0\u00bb131768,131762,131731,131748,131781,131760&Prime; carousel_lg=\u00a0\u00bb4&Prime; carousel_md=\u00a0\u00bb4&Prime; carousel_sm=\u00a0\u00bb1&Prime; thumb_size=\u00a0\u00bbone-one\u00a0\u00bb gutter_size=\u00a0\u00bb2&Prime; media_items=\u00a0\u00bbmedia|nolink|original,icon\u00a0\u00bb carousel_interval=\u00a0\u00bb3000&Prime; carousel_navspeed=\u00a0\u00bb400&Prime; carousel_loop=\u00a0\u00bbyes\u00a0\u00bb carousel_dots=\u00a0\u00bbyes\u00a0\u00bb carousel_dots_mobile=\u00a0\u00bbyes\u00a0\u00bb stage_padding=\u00a0\u00bb0&Prime; single_shape=\u00a0\u00bbround\u00a0\u00bb radius=\u00a0\u00bblg\u00a0\u00bb single_overlay_opacity=\u00a0\u00bb50&Prime; single_overlay_anim=\u00a0\u00bbno\u00a0\u00bb single_text_anim=\u00a0\u00bbno\u00a0\u00bb single_image_anim=\u00a0\u00bbno\u00a0\u00bb single_padding=\u00a0\u00bb2&Prime; uncode_shortcode_id=\u00a0\u00bb127592&Prime;][\/vc_column][\/vc_row][vc_row unlock_row_content=\u00a0\u00bbyes\u00a0\u00bb row_height_percent=\u00a0\u00bb0&Prime; override_padding=\u00a0\u00bbyes\u00a0\u00bb h_padding=\u00a0\u00bb2&Prime; top_padding=\u00a0\u00bb3&Prime; bottom_padding=\u00a0\u00bb7&Prime; overlay_alpha=\u00a0\u00bb50&Prime; gutter_size=\u00a0\u00bb3&Prime; column_width_percent=\u00a0\u00bb100&Prime; shift_y=\u00a0\u00bb0&Prime; z_index=\u00a0\u00bb0&Prime; content_parallax=\u00a0\u00bb0&Prime; uncode_shortcode_id=\u00a0\u00bb127125&Prime;][vc_column column_width_use_pixel=\u00a0\u00bbyes\u00a0\u00bb position_vertical=\u00a0\u00bbmiddle\u00a0\u00bb gutter_size=\u00a0\u00bb3&Prime; overlay_alpha=\u00a0\u00bb50&Prime; shift_x=\u00a0\u00bb0&Prime; shift_y=\u00a0\u00bb0&Prime; shift_y_down=\u00a0\u00bb0&Prime; z_index=\u00a0\u00bb0&Prime; medium_width=\u00a0\u00bb0&Prime; mobile_width=\u00a0\u00bb0&Prime; width=\u00a0\u00bb1\/1&Prime; column_width_pixel=\u00a0\u00bb1200&Prime; uncode_shortcode_id=\u00a0\u00bb289799&Prime;][vc_custom_heading text_color=\u00a0\u00bbaccent\u00a0\u00bb heading_semantic=\u00a0\u00bbh5&Prime; text_size=\u00a0\u00bbh5&Prime; text_transform=\u00a0\u00bbuppercase\u00a0\u00bb uncode_shortcode_id=\u00a0\u00bb146275&Prime; text_color_type=\u00a0\u00bbuncode-palette\u00a0\u00bb]pr\u00e9sentation d&rsquo;OSTA[\/vc_custom_heading][vc_custom_heading uncode_shortcode_id=\u00a0\u00bb149560&Prime;]<span style=\"text-decoration: underline;\">Notre Mission et Vision<\/span>[\/vc_custom_heading][vc_custom_heading uncode_shortcode_id=\u00a0\u00bb108624&Prime;]La mission et la vision de l&rsquo;OSTA sont de servir les animaux, de construire une communaut\u00e9 durable et de renforcer le lien entre les humains et les animaux.[\/vc_custom_heading][vc_separator sep_color=\u00a0\u00bbcolor-jevc\u00a0\u00bb uncode_shortcode_id=\u00a0\u00bb165794&Prime; sep_color_type=\u00a0\u00bbuncode-palette\u00a0\u00bb el_height=\u00a0\u00bb1px\u00a0\u00bb][vc_custom_heading heading_semantic=\u00a0\u00bbh1&Prime; text_size=\u00a0\u00bbh1&Prime; sub_lead=\u00a0\u00bbyes\u00a0\u00bb uncode_shortcode_id=\u00a0\u00bb209073&Prime;]<\/p>\n<h3><span style=\"text-decoration: underline;\">1. Servir les animaux<\/span><\/h3>\n<p>[\/vc_custom_heading][vc_column_text uncode_shortcode_id=\u00a0\u00bb161405&Prime;]<strong>OSTA incarne un esprit de service envers les animaux, en int\u00e9grant leur point de vue. Notre objectif est de repr\u00e9senter des populations animales sp\u00e9cifiques, de la m\u00eame mani\u00e8re que les populations humaines sont repr\u00e9sent\u00e9es par leurs figures politiques. Nous sommes d\u00e9termin\u00e9s \u00e0 am\u00e9liorer leur vie gr\u00e2ce \u00e0 une gamme d&rsquo;initiatives alliant les aspects mat\u00e9riels et spirituels.<\/strong>[\/vc_column_text][vc_custom_heading heading_semantic=\u00a0\u00bbh4&Prime; text_size=\u00a0\u00bbh4&Prime; badge_style=\u00a0\u00bbyes\u00a0\u00bb back_color=\u00a0\u00bbcolor-109268&Prime; radius=\u00a0\u00bbstd\u00a0\u00bb uncode_shortcode_id=\u00a0\u00bb132696&Prime; back_color_type=\u00a0\u00bbuncode-palette\u00a0\u00bb]<em>Comment y parvenons-nous ?<\/em>[\/vc_custom_heading][vc_row_inner limit_content=\u00a0\u00bb\u00a0\u00bb][vc_column_inner column_width_percent=\u00a0\u00bb100&Prime; gutter_size=\u00a0\u00bb2&Prime; overlay_alpha=\u00a0\u00bb50&Prime; shift_x=\u00a0\u00bb0&Prime; shift_y=\u00a0\u00bb0&Prime; shift_y_down=\u00a0\u00bb0&Prime; z_index=\u00a0\u00bb0&Prime; medium_width=\u00a0\u00bb0&Prime; mobile_width=\u00a0\u00bb0&Prime; width=\u00a0\u00bb1\/2&Prime; uncode_shortcode_id=\u00a0\u00bb209912&Prime;][vc_custom_heading heading_semantic=\u00a0\u00bbh4&Prime; text_size=\u00a0\u00bbh4&Prime; uncode_shortcode_id=\u00a0\u00bb186786&Prime;]<span style=\"text-decoration: underline;\">Perspectives sur le Point de Vue des Animaux<\/span>[\/vc_custom_heading][vc_column_text uncode_shortcode_id=\u00a0\u00bb167686&Prime;]Animal Landscapes, notre centre d&rsquo;exploration principal, repose sur quatre piliers qui servent de mod\u00e8le pour comprendre les points de vue des animaux.<\/p>\n<ul>\n<li>La charte des <strong>Aspirations Animales<\/strong> constitue la base, d\u00e9finissant les attentes des animaux envers les humains.<\/li>\n<li>La section Populations Animales au sein de <strong>Horizons des Animaux<\/strong> explore les facteurs influen\u00e7ant le bien-\u00eatre des animaux et les d\u00e9fis qui franchissent leurs limites.<\/li>\n<li>L&rsquo;<strong>Atlas des Animaux<\/strong> offre divers points de vue sur le monde animal, y compris des perspectives scientifiques, juridiques et spirituelles.<\/li>\n<li><strong>Exp\u00e9ditions Animales<\/strong> comprend des initiatives de personnes et d&rsquo;organisations servant les animaux et d\u00e9veloppant des r\u00e9cits animaliers.<\/li>\n<\/ul>\n<p>[\/vc_column_text][\/vc_column_inner][vc_column_inner column_width_percent=\u00a0\u00bb100&Prime; gutter_size=\u00a0\u00bb2&Prime; overlay_alpha=\u00a0\u00bb50&Prime; shift_x=\u00a0\u00bb0&Prime; shift_y=\u00a0\u00bb0&Prime; shift_y_down=\u00a0\u00bb0&Prime; z_index=\u00a0\u00bb0&Prime; medium_width=\u00a0\u00bb0&Prime; mobile_width=\u00a0\u00bb0&Prime; width=\u00a0\u00bb1\/2&Prime; uncode_shortcode_id=\u00a0\u00bb180123&Prime;][vc_custom_heading heading_semantic=\u00a0\u00bbh4&Prime; text_size=\u00a0\u00bbh4&Prime; uncode_shortcode_id=\u00a0\u00bb114392&Prime;]Activit\u00e9s de Soutien aux<span style=\"text-decoration: underline;\">\u00a0Animaux<\/span>[\/vc_custom_heading][vc_column_text uncode_shortcode_id=\u00a0\u00bb138047&Prime;]OSTA est d\u00e9di\u00e9e \u00e0 servir les animaux par diverses initiatives :<\/p>\n<ul>\n<li><strong>Cartographie des populations animales<\/strong> en Flandre, \u00e0 Bruxelles et en Wallonie.<\/li>\n<li><strong>\u00c9v\u00e9nements animaliers :<\/strong> Pour approfondir la compr\u00e9hension des populations animales sp\u00e9cifiques<\/li>\n<li><strong>Plateforme pour les initiatives animali\u00e8res <\/strong>avec des normes \u00e9thiques\/spirituelles \u00e9lev\u00e9es.<\/li>\n<li><strong>Sorties nature aventureuses pour chiens <\/strong><\/li>\n<\/ul>\n<p>[\/vc_column_text][\/vc_column_inner][\/vc_row_inner][vc_column_text uncode_shortcode_id=\u00a0\u00bb374370&Prime;]<a href=\"https:\/\/osta.be\/animal-landscape\/\">Pour des informations d\u00e9taill\u00e9es, veuillez visiter la section Animal Landscapes sur notre site web.<\/a>[\/vc_column_text][vc_separator sep_color=\u00a0\u00bbcolor-jevc\u00a0\u00bb uncode_shortcode_id=\u00a0\u00bb530058&Prime; sep_color_type=\u00a0\u00bbuncode-palette\u00a0\u00bb el_height=\u00a0\u00bb1px\u00a0\u00bb][vc_custom_heading heading_semantic=\u00a0\u00bbh1&Prime; text_size=\u00a0\u00bbh1&Prime; uncode_shortcode_id=\u00a0\u00bb738275&Prime;]<\/p>\n<h3><span style=\"text-decoration: underline;\">2. Une communaut\u00e9 durable<\/span><\/h3>\n<p>[\/vc_custom_heading][vc_column_text uncode_shortcode_id=\u00a0\u00bb209462&Prime;]<strong><span class=\"notion-enable-hover\" data-token-index=\"0\">OSTA construit une communaut\u00e9 durable o\u00f9 les relations positives entre les personnes, ainsi qu&rsquo;entre les personnes et les animaux, sont au c\u0153ur de notre mission. Nous accueillons tout le monde \u2013 individus, organisations et communaut\u00e9s \u2013 pour faire partie de la famille OSTA.<\/span><!-- notionvc: 9ff04583-6203-417f-8c61-edd4040b372d --><\/strong>[\/vc_column_text][vc_custom_heading heading_semantic=\u00a0\u00bbh4&Prime; text_size=\u00a0\u00bbh4&Prime; badge_style=\u00a0\u00bbyes\u00a0\u00bb back_color=\u00a0\u00bbcolor-109268&Prime; radius=\u00a0\u00bbstd\u00a0\u00bb uncode_shortcode_id=\u00a0\u00bb106747&Prime; back_color_type=\u00a0\u00bbuncode-palette\u00a0\u00bb]<em>Comment r\u00e9alisons-nous cela ?<\/em>[\/vc_custom_heading][vc_row_inner limit_content=\u00a0\u00bb\u00a0\u00bb][vc_column_inner column_width_percent=\u00a0\u00bb100&Prime; gutter_size=\u00a0\u00bb2&Prime; overlay_alpha=\u00a0\u00bb50&Prime; shift_x=\u00a0\u00bb0&Prime; shift_y=\u00a0\u00bb0&Prime; shift_y_down=\u00a0\u00bb0&Prime; z_index=\u00a0\u00bb0&Prime; medium_width=\u00a0\u00bb0&Prime; mobile_width=\u00a0\u00bb0&Prime; width=\u00a0\u00bb1\/2&Prime; uncode_shortcode_id=\u00a0\u00bb157903&Prime;][vc_custom_heading heading_semantic=\u00a0\u00bbh4&Prime; text_size=\u00a0\u00bbh4&Prime; uncode_shortcode_id=\u00a0\u00bb164061&Prime;]<span style=\"text-decoration: underline;\">Une Communaut\u00e9 Durable<\/span>[\/vc_custom_heading][vc_column_text uncode_shortcode_id=\u00a0\u00bb147046&Prime;] OSTA est une organisation communautaire qui rassemble les gens \u00e0 travers leur lien partag\u00e9 avec les animaux et la spiritualit\u00e9. Avec une gamme diverse d&rsquo;activit\u00e9s &#8211; des \u00e9v\u00e9nements communautaires au yoga et aux m\u00e9ditations de gu\u00e9rison &#8211; nous cr\u00e9ons un environnement favorable o\u00f9 les personnes partageant les m\u00eames id\u00e9es peuvent se rencontrer.[\/vc_column_text][\/vc_column_inner][vc_column_inner column_width_percent=\u00a0\u00bb100&Prime; gutter_size=\u00a0\u00bb2&Prime; overlay_alpha=\u00a0\u00bb50&Prime; shift_x=\u00a0\u00bb0&Prime; shift_y=\u00a0\u00bb0&Prime; shift_y_down=\u00a0\u00bb0&Prime; z_index=\u00a0\u00bb0&Prime; medium_width=\u00a0\u00bb0&Prime; mobile_width=\u00a0\u00bb0&Prime; width=\u00a0\u00bb1\/2&Prime; uncode_shortcode_id=\u00a0\u00bb140930&Prime;][vc_custom_heading heading_semantic=\u00a0\u00bbh4&Prime; text_size=\u00a0\u00bbh4&Prime; uncode_shortcode_id=\u00a0\u00bb181355&Prime;]<span style=\"text-decoration: underline;\">S&rsquo;impliquer<\/span>[\/vc_custom_heading][vc_column_text uncode_shortcode_id=\u00a0\u00bb105217&Prime;]OSTA propose une plate-forme collaborative o\u00f9 individus et organisations peuvent s\u2019entraider tout en faisant progresser notre mission commune.[\/vc_column_text][\/vc_column_inner][\/vc_row_inner][vc_column_text uncode_shortcode_id=\u00a0\u00bb766469&Prime;]<a href=\"https:\/\/osta.be\/get-involved\/\">Nous invitons tous les individus et organisations \u00e0 participer \u00e0 nos initiatives. Cliquez sur le bouton \u00ab S&rsquo;impliquer \u00bb dans le coin sup\u00e9rieur droit du site, dans la navigation.<\/a>[\/vc_column_text][vc_separator sep_color=\u00a0\u00bbcolor-jevc\u00a0\u00bb uncode_shortcode_id=\u00a0\u00bb108827&Prime; sep_color_type=\u00a0\u00bbuncode-palette\u00a0\u00bb el_height=\u00a0\u00bb1px\u00a0\u00bb][vc_custom_heading heading_semantic=\u00a0\u00bbh1&Prime; text_size=\u00a0\u00bbh1&Prime; uncode_shortcode_id=\u00a0\u00bb118875&Prime;]<\/p>\n<h3><span style=\"text-decoration: underline;\">3. Renforcer les liens humains-animaux<\/span><\/h3>\n<p>[\/vc_custom_heading][vc_column_text uncode_shortcode_id=\u00a0\u00bb802506&Prime;]<strong>OSTA travaille \u00e0 renforcer le lien entre les humains et les animaux.<\/strong>[\/vc_column_text][vc_custom_heading heading_semantic=\u00a0\u00bbh4&Prime; text_size=\u00a0\u00bbh4&Prime; badge_style=\u00a0\u00bbyes\u00a0\u00bb back_color=\u00a0\u00bbcolor-109268&Prime; radius=\u00a0\u00bbstd\u00a0\u00bb uncode_shortcode_id=\u00a0\u00bb116616&Prime; back_color_type=\u00a0\u00bbuncode-palette\u00a0\u00bb]<em>Comment y parvenons-nous ?<\/em>[\/vc_custom_heading][vc_row_inner limit_content=\u00a0\u00bb\u00a0\u00bb][vc_column_inner column_width_percent=\u00a0\u00bb100&Prime; gutter_size=\u00a0\u00bb2&Prime; overlay_alpha=\u00a0\u00bb50&Prime; shift_x=\u00a0\u00bb0&Prime; shift_y=\u00a0\u00bb0&Prime; shift_y_down=\u00a0\u00bb0&Prime; z_index=\u00a0\u00bb0&Prime; medium_width=\u00a0\u00bb0&Prime; mobile_width=\u00a0\u00bb0&Prime; width=\u00a0\u00bb1\/2&Prime; uncode_shortcode_id=\u00a0\u00bb938906&Prime;][vc_custom_heading heading_semantic=\u00a0\u00bbh4&Prime; text_size=\u00a0\u00bbh4&Prime; uncode_shortcode_id=\u00a0\u00bb195818&Prime;]<span style=\"text-decoration: underline;\">Activit\u00e9s avec les Animaux<\/span>[\/vc_custom_heading][vc_column_text uncode_shortcode_id=\u00a0\u00bb983603&Prime;] Nous organisons diverses r\u00e9unions dans des endroits o\u00f9 les animaux sont pr\u00e9sents, comme les refuges pour animaux. De plus, nous organisons des promenades en groupe pour les chiens et leurs propri\u00e9taires. Ces activit\u00e9s avec les animaux renforcent non seulement les liens au sein de notre communaut\u00e9, mais permettent \u00e9galement des interactions significatives avec les animaux. [\/vc_column_text][\/vc_column_inner][vc_column_inner column_width_percent=\u00a0\u00bb100&Prime; gutter_size=\u00a0\u00bb2&Prime; overlay_alpha=\u00a0\u00bb50&Prime; shift_x=\u00a0\u00bb0&Prime; shift_y=\u00a0\u00bb0&Prime; shift_y_down=\u00a0\u00bb0&Prime; z_index=\u00a0\u00bb0&Prime; medium_width=\u00a0\u00bb0&Prime; mobile_width=\u00a0\u00bb0&Prime; width=\u00a0\u00bb1\/2&Prime; uncode_shortcode_id=\u00a0\u00bb199137&Prime;][vc_custom_heading heading_semantic=\u00a0\u00bbh4&Prime; text_size=\u00a0\u00bbh4&Prime; uncode_shortcode_id=\u00a0\u00bb542033&Prime;]<span style=\"text-decoration: underline;\">Activit\u00e9s de Gu\u00e9rison<\/span>[\/vc_custom_heading][vc_column_text uncode_shortcode_id=\u00a0\u00bb121273&Prime;] Nous proposons des activit\u00e9s de gu\u00e9rison pour les animaux comme pour les humains. Le yoga, la m\u00e9ditation et d&rsquo;autres activit\u00e9s th\u00e9rapeutiques constituent en effet une partie essentielle de notre mission. Nous visons ainsi \u00e0 cr\u00e9er une connexion plus profonde entre l&rsquo;homme et l&rsquo;animal. [\/vc_column_text][\/vc_column_inner][\/vc_row_inner][\/vc_column][\/vc_row][vc_row unlock_row_content=\u00a0\u00bbyes\u00a0\u00bb row_height_percent=\u00a0\u00bb0&Prime; override_padding=\u00a0\u00bbyes\u00a0\u00bb h_padding=\u00a0\u00bb2&Prime; top_padding=\u00a0\u00bb4&Prime; bottom_padding=\u00a0\u00bb4&Prime; back_color=\u00a0\u00bbcolor-gyho\u00a0\u00bb overlay_alpha=\u00a0\u00bb50&Prime; gutter_size=\u00a0\u00bb3&Prime; column_width_percent=\u00a0\u00bb100&Prime; shift_y=\u00a0\u00bb0&Prime; z_index=\u00a0\u00bb0&Prime; content_parallax=\u00a0\u00bb0&Prime; uncode_shortcode_id=\u00a0\u00bb680450&Prime; back_color_type=\u00a0\u00bbuncode-palette\u00a0\u00bb][vc_column column_width_use_pixel=\u00a0\u00bbyes\u00a0\u00bb gutter_size=\u00a0\u00bb3&Prime; overlay_alpha=\u00a0\u00bb50&Prime; shift_x=\u00a0\u00bb0&Prime; shift_y=\u00a0\u00bb0&Prime; shift_y_down=\u00a0\u00bb0&Prime; z_index=\u00a0\u00bb0&Prime; medium_width=\u00a0\u00bb0&Prime; mobile_width=\u00a0\u00bb0&Prime; width=\u00a0\u00bb1\/1&Prime; uncode_shortcode_id=\u00a0\u00bb177559&Prime; column_width_pixel=\u00a0\u00bb1200&Prime;][vc_single_image media=\u00a0\u00bb131704&Prime; media_width_percent=\u00a0\u00bb100&Prime; uncode_shortcode_id=\u00a0\u00bb191163&Prime;][\/vc_column][\/vc_row][vc_row unlock_row_content=\u00a0\u00bbyes\u00a0\u00bb row_height_percent=\u00a0\u00bb0&Prime; override_padding=\u00a0\u00bbyes\u00a0\u00bb h_padding=\u00a0\u00bb2&Prime; top_padding=\u00a0\u00bb5&Prime; bottom_padding=\u00a0\u00bb5&Prime; back_color=\u00a0\u00bbcolor-xsdn\u00a0\u00bb overlay_alpha=\u00a0\u00bb50&Prime; gutter_size=\u00a0\u00bb3&Prime; column_width_percent=\u00a0\u00bb100&Prime; shift_y=\u00a0\u00bb0&Prime; z_index=\u00a0\u00bb0&Prime; enable_top_divider=\u00a0\u00bbdefault\u00a0\u00bb shape_top_invert=\u00a0\u00bbyes\u00a0\u00bb shape_top_h_use_pixel=\u00a0\u00bb\u00a0\u00bb shape_top_height=\u00a0\u00bb50&Prime; shape_top_color=\u00a0\u00bbcolor-gyho\u00a0\u00bb shape_top_opacity=\u00a0\u00bb100&Prime; shape_top_index=\u00a0\u00bb0&Prime; content_parallax=\u00a0\u00bb0&Prime; uncode_shortcode_id=\u00a0\u00bb170964&Prime; back_color_type=\u00a0\u00bbuncode-palette\u00a0\u00bb shape_top_color_type=\u00a0\u00bbuncode-palette\u00a0\u00bb][vc_column column_width_use_pixel=\u00a0\u00bbyes\u00a0\u00bb gutter_size=\u00a0\u00bb3&Prime; style=\u00a0\u00bbdark\u00a0\u00bb overlay_alpha=\u00a0\u00bb50&Prime; shift_x=\u00a0\u00bb0&Prime; shift_y=\u00a0\u00bb0&Prime; shift_y_down=\u00a0\u00bb0&Prime; z_index=\u00a0\u00bb0&Prime; medium_width=\u00a0\u00bb0&Prime; mobile_width=\u00a0\u00bb0&Prime; width=\u00a0\u00bb1\/1&Prime; column_width_pixel=\u00a0\u00bb1200&Prime; uncode_shortcode_id=\u00a0\u00bb135105&Prime;][vc_custom_heading text_color=\u00a0\u00bbcolor-wvjs\u00a0\u00bb heading_semantic=\u00a0\u00bbh3&Prime; uncode_shortcode_id=\u00a0\u00bb942371&Prime; text_color_type=\u00a0\u00bbuncode-palette\u00a0\u00bb]\u00ab<!-- notionvc: 150250e6-3271-4438-a23c-ed73b7ba7edf -->Notre mission et vision chez OSTA est simple mais profonde : servir tous les animaux, o\u00f9 qu&rsquo;ils vivent\u00bb<!-- notionvc: 82e879e2-4ec2-45ff-9117-1b7fa6f1bf05 -->[\/vc_custom_heading][\/vc_column][\/vc_row]<\/p>\n<\/div>","protected":false},"excerpt":{"rendered":"<p>[vc_row unlock_row_content=\u00a0\u00bbyes\u00a0\u00bb row_height_percent=\u00a0\u00bb0&Prime; overlay_alpha=\u00a0\u00bb50&Prime; gutter_size=\u00a0\u00bb3&Prime; column_width_percent=\u00a0\u00bb100&Prime; shift_y=\u00a0\u00bb0&Prime; z_index=\u00a0\u00bb0&Prime; content_parallax=\u00a0\u00bb0&Prime; uncode_shortcode_id=\u00a0\u00bb206663&Prime;][vc_column width=\u00a0\u00bb1\/1&Prime;][vc_gallery el_id=\u00a0\u00bbgallery-636697&Prime; type=\u00a0\u00bbcarousel\u00a0\u00bb medias=\u00a0\u00bb131768,131762,131731,131748,131781,131760&Prime; carousel_lg=\u00a0\u00bb4&Prime; carousel_md=\u00a0\u00bb4&Prime; carousel_sm=\u00a0\u00bb1&Prime; thumb_size=\u00a0\u00bbone-one\u00a0\u00bb gutter_size=\u00a0\u00bb2&Prime; media_items=\u00a0\u00bbmedia|nolink|original,icon\u00a0\u00bb [&hellip;]<\/p>\n","protected":false},"author":1,"featured_media":0,"parent":0,"menu_order":0,"comment_status":"closed","ping_status":"closed","template":"","meta":{"give_campaign_id":0,"footnotes":""},"class_list":["post-133226","page","type-page","status-publish","hentry"],"yoast_head":"<!-- This site is optimized with the Yoast SEO plugin v27.3 - https:\/\/yoast.com\/product\/yoast-seo-wordpress\/ -->\n<title>OSTA &#8212; Mission &amp; Vision<\/title>\n<meta name=\"description\" content=\"OSTA\u2019s mission is to serve the interests of animals, cultivate a sustainable community, and enhance the bond between humans and animals.\" \/>\n<meta name=\"robots\" content=\"index, follow, max-snippet:-1, max-image-preview:large, max-video-preview:-1\" \/>\n<link rel=\"canonical\" href=\"https:\/\/osta.be\/fr\/mission-et-vision\/\" \/>\n<meta property=\"og:locale\" content=\"fr_FR\" \/>\n<meta property=\"og:type\" content=\"article\" \/>\n<meta property=\"og:title\" content=\"OSTA &#8212; Mission &amp; Vision\" \/>\n<meta property=\"og:description\" content=\"OSTA\u2019s mission is to serve the interests of animals, cultivate a sustainable community, and enhance the bond between humans and animals.\" \/>\n<meta property=\"og:url\" content=\"https:\/\/osta.be\/fr\/mission-et-vision\/\" \/>\n<meta property=\"og:site_name\" content=\"OSTA\" \/>\n<meta property=\"article:modified_time\" content=\"2024-12-07T15:43:17+00:00\" \/>\n<meta property=\"og:image\" content=\"https:\/\/osta.be\/wp-content\/uploads\/2024\/06\/osta-activities-seo-01.jpg\" \/>\n\t<meta property=\"og:image:width\" content=\"1200\" \/>\n\t<meta property=\"og:image:height\" content=\"675\" \/>\n\t<meta property=\"og:image:type\" content=\"image\/jpeg\" \/>\n<meta name=\"twitter:card\" content=\"summary_large_image\" \/>\n<meta name=\"twitter:label1\" content=\"Dur\u00e9e de lecture estim\u00e9e\" \/>\n\t<meta name=\"twitter:data1\" content=\"4 minutes\" \/>\n<script type=\"application\/ld+json\" class=\"yoast-schema-graph\">{\"@context\":\"https:\\\/\\\/schema.org\",\"@graph\":[{\"@type\":\"WebPage\",\"@id\":\"https:\\\/\\\/osta.be\\\/fr\\\/mission-et-vision\\\/\",\"url\":\"https:\\\/\\\/osta.be\\\/fr\\\/mission-et-vision\\\/\",\"name\":\"OSTA &#8212; Mission & Vision\",\"isPartOf\":{\"@id\":\"https:\\\/\\\/osta.be\\\/fr\\\/#website\"},\"datePublished\":\"2024-03-20T13:57:13+00:00\",\"dateModified\":\"2024-12-07T15:43:17+00:00\",\"description\":\"OSTA\u2019s mission is to serve the interests of animals, cultivate a sustainable community, and enhance the bond between humans and animals.\",\"breadcrumb\":{\"@id\":\"https:\\\/\\\/osta.be\\\/fr\\\/mission-et-vision\\\/#breadcrumb\"},\"inLanguage\":\"fr-FR\",\"potentialAction\":[{\"@type\":\"ReadAction\",\"target\":[\"https:\\\/\\\/osta.be\\\/fr\\\/mission-et-vision\\\/\"]}]},{\"@type\":\"BreadcrumbList\",\"@id\":\"https:\\\/\\\/osta.be\\\/fr\\\/mission-et-vision\\\/#breadcrumb\",\"itemListElement\":[{\"@type\":\"ListItem\",\"position\":1,\"name\":\"Home\",\"item\":\"https:\\\/\\\/osta.be\\\/fr\\\/\"},{\"@type\":\"ListItem\",\"position\":2,\"name\":\"Mission &#038; Vision\"}]},{\"@type\":\"WebSite\",\"@id\":\"https:\\\/\\\/osta.be\\\/fr\\\/#website\",\"url\":\"https:\\\/\\\/osta.be\\\/fr\\\/\",\"name\":\"OSTA\",\"description\":\"\",\"publisher\":{\"@id\":\"https:\\\/\\\/osta.be\\\/fr\\\/#organization\"},\"potentialAction\":[{\"@type\":\"SearchAction\",\"target\":{\"@type\":\"EntryPoint\",\"urlTemplate\":\"https:\\\/\\\/osta.be\\\/fr\\\/?s={search_term_string}\"},\"query-input\":{\"@type\":\"PropertyValueSpecification\",\"valueRequired\":true,\"valueName\":\"search_term_string\"}}],\"inLanguage\":\"fr-FR\"},{\"@type\":\"Organization\",\"@id\":\"https:\\\/\\\/osta.be\\\/fr\\\/#organization\",\"name\":\"OSTA\",\"url\":\"https:\\\/\\\/osta.be\\\/fr\\\/\",\"logo\":{\"@type\":\"ImageObject\",\"inLanguage\":\"fr-FR\",\"@id\":\"https:\\\/\\\/osta.be\\\/fr\\\/#\\\/schema\\\/logo\\\/image\\\/\",\"url\":\"https:\\\/\\\/osta.be\\\/wp-content\\\/uploads\\\/2024\\\/06\\\/osta-logo.jpg\",\"contentUrl\":\"https:\\\/\\\/osta.be\\\/wp-content\\\/uploads\\\/2024\\\/06\\\/osta-logo.jpg\",\"width\":1000,\"height\":1000,\"caption\":\"OSTA\"},\"image\":{\"@id\":\"https:\\\/\\\/osta.be\\\/fr\\\/#\\\/schema\\\/logo\\\/image\\\/\"}}]}<\/script>\n<!-- \/ Yoast SEO plugin. -->","yoast_head_json":{"title":"OSTA &#8212; Mission & Vision","description":"OSTA\u2019s mission is to serve the interests of animals, cultivate a sustainable community, and enhance the bond between humans and animals.","robots":{"index":"index","follow":"follow","max-snippet":"max-snippet:-1","max-image-preview":"max-image-preview:large","max-video-preview":"max-video-preview:-1"},"canonical":"https:\/\/osta.be\/fr\/mission-et-vision\/","og_locale":"fr_FR","og_type":"article","og_title":"OSTA &#8212; Mission & Vision","og_description":"OSTA\u2019s mission is to serve the interests of animals, cultivate a sustainable community, and enhance the bond between humans and animals.","og_url":"https:\/\/osta.be\/fr\/mission-et-vision\/","og_site_name":"OSTA","article_modified_time":"2024-12-07T15:43:17+00:00","og_image":[{"width":1200,"height":675,"url":"https:\/\/osta.be\/wp-content\/uploads\/2024\/06\/osta-activities-seo-01.jpg","type":"image\/jpeg"}],"twitter_card":"summary_large_image","twitter_misc":{"Dur\u00e9e de lecture estim\u00e9e":"4 minutes"},"schema":{"@context":"https:\/\/schema.org","@graph":[{"@type":"WebPage","@id":"https:\/\/osta.be\/fr\/mission-et-vision\/","url":"https:\/\/osta.be\/fr\/mission-et-vision\/","name":"OSTA &#8212; Mission & Vision","isPartOf":{"@id":"https:\/\/osta.be\/fr\/#website"},"datePublished":"2024-03-20T13:57:13+00:00","dateModified":"2024-12-07T15:43:17+00:00","description":"OSTA\u2019s mission is to serve the interests of animals, cultivate a sustainable community, and enhance the bond between humans and animals.","breadcrumb":{"@id":"https:\/\/osta.be\/fr\/mission-et-vision\/#breadcrumb"},"inLanguage":"fr-FR","potentialAction":[{"@type":"ReadAction","target":["https:\/\/osta.be\/fr\/mission-et-vision\/"]}]},{"@type":"BreadcrumbList","@id":"https:\/\/osta.be\/fr\/mission-et-vision\/#breadcrumb","itemListElement":[{"@type":"ListItem","position":1,"name":"Home","item":"https:\/\/osta.be\/fr\/"},{"@type":"ListItem","position":2,"name":"Mission &#038; Vision"}]},{"@type":"WebSite","@id":"https:\/\/osta.be\/fr\/#website","url":"https:\/\/osta.be\/fr\/","name":"OSTA","description":"","publisher":{"@id":"https:\/\/osta.be\/fr\/#organization"},"potentialAction":[{"@type":"SearchAction","target":{"@type":"EntryPoint","urlTemplate":"https:\/\/osta.be\/fr\/?s={search_term_string}"},"query-input":{"@type":"PropertyValueSpecification","valueRequired":true,"valueName":"search_term_string"}}],"inLanguage":"fr-FR"},{"@type":"Organization","@id":"https:\/\/osta.be\/fr\/#organization","name":"OSTA","url":"https:\/\/osta.be\/fr\/","logo":{"@type":"ImageObject","inLanguage":"fr-FR","@id":"https:\/\/osta.be\/fr\/#\/schema\/logo\/image\/","url":"https:\/\/osta.be\/wp-content\/uploads\/2024\/06\/osta-logo.jpg","contentUrl":"https:\/\/osta.be\/wp-content\/uploads\/2024\/06\/osta-logo.jpg","width":1000,"height":1000,"caption":"OSTA"},"image":{"@id":"https:\/\/osta.be\/fr\/#\/schema\/logo\/image\/"}}]}},"campaignId":"","_links":{"self":[{"href":"https:\/\/osta.be\/fr\/wp-json\/wp\/v2\/pages\/133226","targetHints":{"allow":["GET"]}}],"collection":[{"href":"https:\/\/osta.be\/fr\/wp-json\/wp\/v2\/pages"}],"about":[{"href":"https:\/\/osta.be\/fr\/wp-json\/wp\/v2\/types\/page"}],"author":[{"embeddable":true,"href":"https:\/\/osta.be\/fr\/wp-json\/wp\/v2\/users\/1"}],"replies":[{"embeddable":true,"href":"https:\/\/osta.be\/fr\/wp-json\/wp\/v2\/comments?post=133226"}],"version-history":[{"count":13,"href":"https:\/\/osta.be\/fr\/wp-json\/wp\/v2\/pages\/133226\/revisions"}],"predecessor-version":[{"id":134239,"href":"https:\/\/osta.be\/fr\/wp-json\/wp\/v2\/pages\/133226\/revisions\/134239"}],"wp:attachment":[{"href":"https:\/\/osta.be\/fr\/wp-json\/wp\/v2\/media?parent=133226"}],"curies":[{"name":"wp","href":"https:\/\/api.w.org\/{rel}","templated":true}]}}