{"id":133542,"date":"2024-11-18T09:41:23","date_gmt":"2024-11-18T09:41:23","guid":{"rendered":"https:\/\/osta.be\/animal-atlas\/"},"modified":"2024-12-07T18:00:10","modified_gmt":"2024-12-07T18:00:10","slug":"atlas-des-animaux","status":"publish","type":"page","link":"https:\/\/osta.be\/fr\/atlas-des-animaux\/","title":{"rendered":"Atlas des Animaux"},"content":{"rendered":"<div class=\"wpb-content-wrapper\"><p>[vc_row unlock_row_content=\u00a0\u00bbyes\u00a0\u00bb row_height_percent=\u00a0\u00bb60&Prime; override_padding=\u00a0\u00bbyes\u00a0\u00bb h_padding=\u00a0\u00bb2&Prime; top_padding=\u00a0\u00bb4&Prime; bottom_padding=\u00a0\u00bb3&Prime; back_image=\u00a0\u00bb133395&Prime; parallax=\u00a0\u00bbyes\u00a0\u00bb overlay_color=\u00a0\u00bbcolor-jevc\u00a0\u00bb overlay_alpha=\u00a0\u00bb40&Prime; gutter_size=\u00a0\u00bb3&Prime; column_width_percent=\u00a0\u00bb100&Prime; shift_y=\u00a0\u00bb0&Prime; z_index=\u00a0\u00bb0&Prime; enable_bottom_divider=\u00a0\u00bbdefault\u00a0\u00bb shape_bottom_invert=\u00a0\u00bbyes\u00a0\u00bb shape_bottom_h_use_pixel=\u00a0\u00bb\u00a0\u00bb shape_bottom_height=\u00a0\u00bb100&Prime; shape_bottom_opacity=\u00a0\u00bb100&Prime; shape_bottom_index=\u00a0\u00bb0&Prime; content_parallax=\u00a0\u00bb0&Prime; uncode_shortcode_id=\u00a0\u00bb107725&Prime; overlay_color_type=\u00a0\u00bbuncode-palette\u00a0\u00bb][vc_column column_width_percent=\u00a0\u00bb100&Prime; position_vertical=\u00a0\u00bbmiddle\u00a0\u00bb align_horizontal=\u00a0\u00bbalign_center\u00a0\u00bb gutter_size=\u00a0\u00bb3&Prime; overlay_alpha=\u00a0\u00bb50&Prime; shift_x=\u00a0\u00bb0&Prime; shift_y=\u00a0\u00bb0&Prime; shift_y_down=\u00a0\u00bb0&Prime; z_index=\u00a0\u00bb0&Prime; medium_width=\u00a0\u00bb0&Prime; mobile_width=\u00a0\u00bb0&Prime; width=\u00a0\u00bb1\/1&Prime; uncode_shortcode_id=\u00a0\u00bb197925&Prime;][vc_custom_heading text_color=\u00a0\u00bbcolor-xsdn\u00a0\u00bb heading_semantic=\u00a0\u00bbh1&Prime; text_size=\u00a0\u00bbh1&Prime; text_transform=\u00a0\u00bbcapitalize\u00a0\u00bb uncode_shortcode_id=\u00a0\u00bb693375&Prime; text_color_type=\u00a0\u00bbuncode-palette\u00a0\u00bb]Atlas des Animaux[\/vc_custom_heading][vc_custom_heading text_color=\u00a0\u00bbcolor-xsdn\u00a0\u00bb uncode_shortcode_id=\u00a0\u00bb169495&Prime; text_color_type=\u00a0\u00bbuncode-palette\u00a0\u00bb]En construction[\/vc_custom_heading][\/vc_column][\/vc_row][vc_row unlock_row_content=\u00a0\u00bbyes\u00a0\u00bb row_height_percent=\u00a0\u00bb0&Prime; override_padding=\u00a0\u00bbyes\u00a0\u00bb h_padding=\u00a0\u00bb2&Prime; top_padding=\u00a0\u00bb4&Prime; bottom_padding=\u00a0\u00bb4&Prime; overlay_alpha=\u00a0\u00bb50&Prime; gutter_size=\u00a0\u00bb3&Prime; column_width_percent=\u00a0\u00bb100&Prime; shift_y=\u00a0\u00bb0&Prime; z_index=\u00a0\u00bb0&Prime; uncode_shortcode_id=\u00a0\u00bb590621&Prime; row_name=\u00a0\u00bbanimal-atlas\u00a0\u00bb][vc_column column_width_use_pixel=\u00a0\u00bbyes\u00a0\u00bb position_vertical=\u00a0\u00bbmiddle\u00a0\u00bb gutter_size=\u00a0\u00bb3&Prime; overlay_alpha=\u00a0\u00bb50&Prime; shift_x=\u00a0\u00bb0&Prime; shift_y=\u00a0\u00bb0&Prime; shift_y_down=\u00a0\u00bb0&Prime; z_index=\u00a0\u00bb0&Prime; medium_width=\u00a0\u00bb0&Prime; mobile_width=\u00a0\u00bb0&Prime; width=\u00a0\u00bb1\/1&Prime; column_width_pixel=\u00a0\u00bb1200&Prime; uncode_shortcode_id=\u00a0\u00bb289799&Prime;][vc_custom_heading text_color=\u00a0\u00bbaccent\u00a0\u00bb heading_semantic=\u00a0\u00bbh5&Prime; text_size=\u00a0\u00bbh5&Prime; text_transform=\u00a0\u00bbuppercase\u00a0\u00bb uncode_shortcode_id=\u00a0\u00bb147164&Prime; text_color_type=\u00a0\u00bbuncode-palette\u00a0\u00bb]Atlas des Animaux[\/vc_custom_heading][vc_custom_heading uncode_shortcode_id=\u00a0\u00bb192807&Prime; subheading=\u00a0\u00bbL&rsquo;Atlas des Animaux offre un aper\u00e7u du monde animal. Cette base de donn\u00e9es met en lumi\u00e8re des sujets sur les animaux selon des perspectives scientifiques, juridiques, politiques, \u00e9thiques et spirituelles.\u00a0\u00bb]<span style=\"text-decoration: underline;\">Aper\u00e7u des animaux<\/span>[\/vc_custom_heading][\/vc_column][\/vc_row][vc_row unlock_row_content=\u00a0\u00bbyes\u00a0\u00bb row_height_percent=\u00a0\u00bb0&Prime; override_padding=\u00a0\u00bbyes\u00a0\u00bb h_padding=\u00a0\u00bb2&Prime; top_padding=\u00a0\u00bb5&Prime; bottom_padding=\u00a0\u00bb5&Prime; back_color=\u00a0\u00bbcolor-725701&Prime; overlay_alpha=\u00a0\u00bb50&Prime; gutter_size=\u00a0\u00bb3&Prime; column_width_percent=\u00a0\u00bb100&Prime; shift_y=\u00a0\u00bb0&Prime; z_index=\u00a0\u00bb0&Prime; enable_top_divider=\u00a0\u00bbdefault\u00a0\u00bb shape_top_invert=\u00a0\u00bbyes\u00a0\u00bb shape_top_h_use_pixel=\u00a0\u00bb\u00a0\u00bb shape_top_height=\u00a0\u00bb100&Prime; shape_top_opacity=\u00a0\u00bb100&Prime; shape_top_index=\u00a0\u00bb0&Prime; content_parallax=\u00a0\u00bb0&Prime; uncode_shortcode_id=\u00a0\u00bb245419&Prime; back_color_type=\u00a0\u00bbuncode-palette\u00a0\u00bb][vc_column column_width_use_pixel=\u00a0\u00bbyes\u00a0\u00bb gutter_size=\u00a0\u00bb3&Prime; style=\u00a0\u00bbdark\u00a0\u00bb overlay_alpha=\u00a0\u00bb50&Prime; shift_x=\u00a0\u00bb0&Prime; shift_y=\u00a0\u00bb0&Prime; shift_y_down=\u00a0\u00bb0&Prime; z_index=\u00a0\u00bb0&Prime; medium_width=\u00a0\u00bb0&Prime; mobile_width=\u00a0\u00bb0&Prime; width=\u00a0\u00bb1\/1&Prime; column_width_pixel=\u00a0\u00bb1200&Prime; uncode_shortcode_id=\u00a0\u00bb913991&Prime;][vc_custom_heading text_color=\u00a0\u00bbcolor-wvjs\u00a0\u00bb heading_semantic=\u00a0\u00bbh3&Prime; uncode_shortcode_id=\u00a0\u00bb509576&Prime; text_color_type=\u00a0\u00bbuncode-palette\u00a0\u00bb]\u00abLa plateforme Paysages Animaliers agissent comme notre centre d&rsquo;exploration principal, guidant nos efforts pour incarner et repr\u00e9senter le point de vue des animaux.\u00bb[\/vc_custom_heading][\/vc_column][\/vc_row]<\/p>\n<\/div>","protected":false},"excerpt":{"rendered":"<p>[vc_row unlock_row_content=\u00a0\u00bbyes\u00a0\u00bb row_height_percent=\u00a0\u00bb60&Prime; override_padding=\u00a0\u00bbyes\u00a0\u00bb h_padding=\u00a0\u00bb2&Prime; top_padding=\u00a0\u00bb4&Prime; bottom_padding=\u00a0\u00bb3&Prime; back_image=\u00a0\u00bb133395&Prime; parallax=\u00a0\u00bbyes\u00a0\u00bb overlay_color=\u00a0\u00bbcolor-jevc\u00a0\u00bb overlay_alpha=\u00a0\u00bb40&Prime; gutter_size=\u00a0\u00bb3&Prime; column_width_percent=\u00a0\u00bb100&Prime; shift_y=\u00a0\u00bb0&Prime; z_index=\u00a0\u00bb0&Prime; enable_bottom_divider=\u00a0\u00bbdefault\u00a0\u00bb shape_bottom_invert=\u00a0\u00bbyes\u00a0\u00bb shape_bottom_h_use_pixel=\u00a0\u00bb\u00a0\u00bb shape_bottom_height=\u00a0\u00bb100&Prime; shape_bottom_opacity=\u00a0\u00bb100&Prime; [&hellip;]<\/p>\n","protected":false},"author":1,"featured_media":0,"parent":0,"menu_order":0,"comment_status":"closed","ping_status":"closed","template":"","meta":{"give_campaign_id":0,"footnotes":""},"class_list":["post-133542","page","type-page","status-publish","hentry"],"yoast_head":"<!-- This site is optimized with the Yoast SEO plugin v27.3 - https:\/\/yoast.com\/product\/yoast-seo-wordpress\/ -->\n<title>OSTA &#8212; Atlas des Animaux<\/title>\n<meta name=\"description\" content=\"OSTA\u2019s mission is to serve the interests of animals, cultivate a sustainable community, and enhance the bond between humans and animals.\" \/>\n<meta name=\"robots\" content=\"index, follow, max-snippet:-1, max-image-preview:large, max-video-preview:-1\" \/>\n<link rel=\"canonical\" href=\"https:\/\/osta.be\/fr\/atlas-des-animaux\/\" \/>\n<meta property=\"og:locale\" content=\"fr_FR\" \/>\n<meta property=\"og:type\" content=\"article\" \/>\n<meta property=\"og:title\" content=\"OSTA &#8212; Atlas des Animaux\" \/>\n<meta property=\"og:description\" content=\"OSTA\u2019s mission is to serve the interests of animals, cultivate a sustainable community, and enhance the bond between humans and animals.\" \/>\n<meta property=\"og:url\" content=\"https:\/\/osta.be\/fr\/atlas-des-animaux\/\" \/>\n<meta property=\"og:site_name\" content=\"OSTA\" \/>\n<meta property=\"article:modified_time\" content=\"2024-12-07T18:00:10+00:00\" \/>\n<meta property=\"og:image\" content=\"https:\/\/osta.be\/wp-content\/uploads\/2024\/06\/osta-activities-seo-01.jpg\" \/>\n\t<meta property=\"og:image:width\" content=\"1200\" \/>\n\t<meta property=\"og:image:height\" content=\"675\" \/>\n\t<meta property=\"og:image:type\" content=\"image\/jpeg\" \/>\n<meta name=\"twitter:card\" content=\"summary_large_image\" \/>\n<meta name=\"twitter:label1\" content=\"Dur\u00e9e de lecture estim\u00e9e\" \/>\n\t<meta name=\"twitter:data1\" content=\"1 minute\" \/>\n<script type=\"application\/ld+json\" class=\"yoast-schema-graph\">{\"@context\":\"https:\\\/\\\/schema.org\",\"@graph\":[{\"@type\":\"WebPage\",\"@id\":\"https:\\\/\\\/osta.be\\\/fr\\\/atlas-des-animaux\\\/\",\"url\":\"https:\\\/\\\/osta.be\\\/fr\\\/atlas-des-animaux\\\/\",\"name\":\"OSTA &#8212; Atlas des Animaux\",\"isPartOf\":{\"@id\":\"https:\\\/\\\/osta.be\\\/fr\\\/#website\"},\"datePublished\":\"2024-11-18T09:41:23+00:00\",\"dateModified\":\"2024-12-07T18:00:10+00:00\",\"description\":\"OSTA\u2019s mission is to serve the interests of animals, cultivate a sustainable community, and enhance the bond between humans and animals.\",\"breadcrumb\":{\"@id\":\"https:\\\/\\\/osta.be\\\/fr\\\/atlas-des-animaux\\\/#breadcrumb\"},\"inLanguage\":\"fr-FR\",\"potentialAction\":[{\"@type\":\"ReadAction\",\"target\":[\"https:\\\/\\\/osta.be\\\/fr\\\/atlas-des-animaux\\\/\"]}]},{\"@type\":\"BreadcrumbList\",\"@id\":\"https:\\\/\\\/osta.be\\\/fr\\\/atlas-des-animaux\\\/#breadcrumb\",\"itemListElement\":[{\"@type\":\"ListItem\",\"position\":1,\"name\":\"Home\",\"item\":\"https:\\\/\\\/osta.be\\\/fr\\\/\"},{\"@type\":\"ListItem\",\"position\":2,\"name\":\"Atlas des Animaux\"}]},{\"@type\":\"WebSite\",\"@id\":\"https:\\\/\\\/osta.be\\\/fr\\\/#website\",\"url\":\"https:\\\/\\\/osta.be\\\/fr\\\/\",\"name\":\"OSTA\",\"description\":\"\",\"publisher\":{\"@id\":\"https:\\\/\\\/osta.be\\\/fr\\\/#organization\"},\"potentialAction\":[{\"@type\":\"SearchAction\",\"target\":{\"@type\":\"EntryPoint\",\"urlTemplate\":\"https:\\\/\\\/osta.be\\\/fr\\\/?s={search_term_string}\"},\"query-input\":{\"@type\":\"PropertyValueSpecification\",\"valueRequired\":true,\"valueName\":\"search_term_string\"}}],\"inLanguage\":\"fr-FR\"},{\"@type\":\"Organization\",\"@id\":\"https:\\\/\\\/osta.be\\\/fr\\\/#organization\",\"name\":\"OSTA\",\"url\":\"https:\\\/\\\/osta.be\\\/fr\\\/\",\"logo\":{\"@type\":\"ImageObject\",\"inLanguage\":\"fr-FR\",\"@id\":\"https:\\\/\\\/osta.be\\\/fr\\\/#\\\/schema\\\/logo\\\/image\\\/\",\"url\":\"https:\\\/\\\/osta.be\\\/wp-content\\\/uploads\\\/2024\\\/06\\\/osta-logo.jpg\",\"contentUrl\":\"https:\\\/\\\/osta.be\\\/wp-content\\\/uploads\\\/2024\\\/06\\\/osta-logo.jpg\",\"width\":1000,\"height\":1000,\"caption\":\"OSTA\"},\"image\":{\"@id\":\"https:\\\/\\\/osta.be\\\/fr\\\/#\\\/schema\\\/logo\\\/image\\\/\"}}]}<\/script>\n<!-- \/ Yoast SEO plugin. -->","yoast_head_json":{"title":"OSTA &#8212; Atlas des Animaux","description":"OSTA\u2019s mission is to serve the interests of animals, cultivate a sustainable community, and enhance the bond between humans and animals.","robots":{"index":"index","follow":"follow","max-snippet":"max-snippet:-1","max-image-preview":"max-image-preview:large","max-video-preview":"max-video-preview:-1"},"canonical":"https:\/\/osta.be\/fr\/atlas-des-animaux\/","og_locale":"fr_FR","og_type":"article","og_title":"OSTA &#8212; Atlas des Animaux","og_description":"OSTA\u2019s mission is to serve the interests of animals, cultivate a sustainable community, and enhance the bond between humans and animals.","og_url":"https:\/\/osta.be\/fr\/atlas-des-animaux\/","og_site_name":"OSTA","article_modified_time":"2024-12-07T18:00:10+00:00","og_image":[{"width":1200,"height":675,"url":"https:\/\/osta.be\/wp-content\/uploads\/2024\/06\/osta-activities-seo-01.jpg","type":"image\/jpeg"}],"twitter_card":"summary_large_image","twitter_misc":{"Dur\u00e9e de lecture estim\u00e9e":"1 minute"},"schema":{"@context":"https:\/\/schema.org","@graph":[{"@type":"WebPage","@id":"https:\/\/osta.be\/fr\/atlas-des-animaux\/","url":"https:\/\/osta.be\/fr\/atlas-des-animaux\/","name":"OSTA &#8212; Atlas des Animaux","isPartOf":{"@id":"https:\/\/osta.be\/fr\/#website"},"datePublished":"2024-11-18T09:41:23+00:00","dateModified":"2024-12-07T18:00:10+00:00","description":"OSTA\u2019s mission is to serve the interests of animals, cultivate a sustainable community, and enhance the bond between humans and animals.","breadcrumb":{"@id":"https:\/\/osta.be\/fr\/atlas-des-animaux\/#breadcrumb"},"inLanguage":"fr-FR","potentialAction":[{"@type":"ReadAction","target":["https:\/\/osta.be\/fr\/atlas-des-animaux\/"]}]},{"@type":"BreadcrumbList","@id":"https:\/\/osta.be\/fr\/atlas-des-animaux\/#breadcrumb","itemListElement":[{"@type":"ListItem","position":1,"name":"Home","item":"https:\/\/osta.be\/fr\/"},{"@type":"ListItem","position":2,"name":"Atlas des Animaux"}]},{"@type":"WebSite","@id":"https:\/\/osta.be\/fr\/#website","url":"https:\/\/osta.be\/fr\/","name":"OSTA","description":"","publisher":{"@id":"https:\/\/osta.be\/fr\/#organization"},"potentialAction":[{"@type":"SearchAction","target":{"@type":"EntryPoint","urlTemplate":"https:\/\/osta.be\/fr\/?s={search_term_string}"},"query-input":{"@type":"PropertyValueSpecification","valueRequired":true,"valueName":"search_term_string"}}],"inLanguage":"fr-FR"},{"@type":"Organization","@id":"https:\/\/osta.be\/fr\/#organization","name":"OSTA","url":"https:\/\/osta.be\/fr\/","logo":{"@type":"ImageObject","inLanguage":"fr-FR","@id":"https:\/\/osta.be\/fr\/#\/schema\/logo\/image\/","url":"https:\/\/osta.be\/wp-content\/uploads\/2024\/06\/osta-logo.jpg","contentUrl":"https:\/\/osta.be\/wp-content\/uploads\/2024\/06\/osta-logo.jpg","width":1000,"height":1000,"caption":"OSTA"},"image":{"@id":"https:\/\/osta.be\/fr\/#\/schema\/logo\/image\/"}}]}},"campaignId":"","_links":{"self":[{"href":"https:\/\/osta.be\/fr\/wp-json\/wp\/v2\/pages\/133542","targetHints":{"allow":["GET"]}}],"collection":[{"href":"https:\/\/osta.be\/fr\/wp-json\/wp\/v2\/pages"}],"about":[{"href":"https:\/\/osta.be\/fr\/wp-json\/wp\/v2\/types\/page"}],"author":[{"embeddable":true,"href":"https:\/\/osta.be\/fr\/wp-json\/wp\/v2\/users\/1"}],"replies":[{"embeddable":true,"href":"https:\/\/osta.be\/fr\/wp-json\/wp\/v2\/comments?post=133542"}],"version-history":[{"count":9,"href":"https:\/\/osta.be\/fr\/wp-json\/wp\/v2\/pages\/133542\/revisions"}],"predecessor-version":[{"id":134300,"href":"https:\/\/osta.be\/fr\/wp-json\/wp\/v2\/pages\/133542\/revisions\/134300"}],"wp:attachment":[{"href":"https:\/\/osta.be\/fr\/wp-json\/wp\/v2\/media?parent=133542"}],"curies":[{"name":"wp","href":"https:\/\/api.w.org\/{rel}","templated":true}]}}