{"id":133742,"date":"2024-11-16T16:45:20","date_gmt":"2024-11-16T16:45:20","guid":{"rendered":"https:\/\/osta.be\/agenda\/"},"modified":"2025-01-25T11:23:25","modified_gmt":"2025-01-25T11:23:25","slug":"agenda","status":"publish","type":"page","link":"https:\/\/osta.be\/fr\/agenda\/","title":{"rendered":"Agenda"},"content":{"rendered":"<div class=\"wpb-content-wrapper\"><p>[vc_row unlock_row_content=\u00a0\u00bbyes\u00a0\u00bb row_height_percent=\u00a0\u00bb60&Prime; override_padding=\u00a0\u00bbyes\u00a0\u00bb h_padding=\u00a0\u00bb2&Prime; top_padding=\u00a0\u00bb4&Prime; bottom_padding=\u00a0\u00bb3&Prime; back_image=\u00a0\u00bb133692&Prime; parallax=\u00a0\u00bbyes\u00a0\u00bb overlay_color=\u00a0\u00bbcolor-jevc\u00a0\u00bb overlay_alpha=\u00a0\u00bb40&Prime; gutter_size=\u00a0\u00bb3&Prime; column_width_percent=\u00a0\u00bb100&Prime; shift_y=\u00a0\u00bb0&Prime; z_index=\u00a0\u00bb0&Prime; enable_bottom_divider=\u00a0\u00bbdefault\u00a0\u00bb shape_bottom_invert=\u00a0\u00bbyes\u00a0\u00bb shape_bottom_h_use_pixel=\u00a0\u00bb\u00a0\u00bb shape_bottom_height=\u00a0\u00bb100&Prime; shape_bottom_opacity=\u00a0\u00bb100&Prime; shape_bottom_index=\u00a0\u00bb0&Prime; content_parallax=\u00a0\u00bb0&Prime; uncode_shortcode_id=\u00a0\u00bb965143&Prime; overlay_color_type=\u00a0\u00bbuncode-palette\u00a0\u00bb][vc_column column_width_percent=\u00a0\u00bb100&Prime; position_vertical=\u00a0\u00bbmiddle\u00a0\u00bb align_horizontal=\u00a0\u00bbalign_center\u00a0\u00bb gutter_size=\u00a0\u00bb3&Prime; overlay_alpha=\u00a0\u00bb50&Prime; shift_x=\u00a0\u00bb0&Prime; shift_y=\u00a0\u00bb0&Prime; shift_y_down=\u00a0\u00bb0&Prime; z_index=\u00a0\u00bb0&Prime; medium_width=\u00a0\u00bb0&Prime; mobile_width=\u00a0\u00bb0&Prime; width=\u00a0\u00bb1\/1&Prime; uncode_shortcode_id=\u00a0\u00bb197925&Prime;][vc_custom_heading text_color=\u00a0\u00bbcolor-xsdn\u00a0\u00bb heading_semantic=\u00a0\u00bbh1&Prime; text_size=\u00a0\u00bbh1&Prime; text_transform=\u00a0\u00bbcapitalize\u00a0\u00bb uncode_shortcode_id=\u00a0\u00bb692659&Prime; text_color_type=\u00a0\u00bbuncode-palette\u00a0\u00bb]Notre Agenda[\/vc_custom_heading][vc_custom_heading text_color=\u00a0\u00bbcolor-xsdn\u00a0\u00bb uncode_shortcode_id=\u00a0\u00bb183679&Prime; text_color_type=\u00a0\u00bbuncode-palette\u00a0\u00bb]Nos Activit\u00e9s[\/vc_custom_heading][\/vc_column][\/vc_row][vc_row unlock_row_content=\u00a0\u00bbyes\u00a0\u00bb row_height_percent=\u00a0\u00bb0&Prime; override_padding=\u00a0\u00bbyes\u00a0\u00bb h_padding=\u00a0\u00bb2&Prime; top_padding=\u00a0\u00bb3&Prime; bottom_padding=\u00a0\u00bb7&Prime; back_color=\u00a0\u00bbcolor-xsdn\u00a0\u00bb overlay_alpha=\u00a0\u00bb50&Prime; gutter_size=\u00a0\u00bb3&Prime; column_width_percent=\u00a0\u00bb100&Prime; shift_y=\u00a0\u00bb0&Prime; z_index=\u00a0\u00bb0&Prime; content_parallax=\u00a0\u00bb0&Prime; uncode_shortcode_id=\u00a0\u00bb209560&Prime; back_color_type=\u00a0\u00bbuncode-palette\u00a0\u00bb][vc_column column_width_use_pixel=\u00a0\u00bbyes\u00a0\u00bb position_vertical=\u00a0\u00bbmiddle\u00a0\u00bb gutter_size=\u00a0\u00bb3&Prime; overlay_alpha=\u00a0\u00bb50&Prime; shift_x=\u00a0\u00bb0&Prime; shift_y=\u00a0\u00bb0&Prime; shift_y_down=\u00a0\u00bb0&Prime; z_index=\u00a0\u00bb0&Prime; medium_width=\u00a0\u00bb0&Prime; mobile_width=\u00a0\u00bb0&Prime; width=\u00a0\u00bb1\/1&Prime; column_width_pixel=\u00a0\u00bb1200&Prime; uncode_shortcode_id=\u00a0\u00bb289799&Prime;][vc_custom_heading text_color=\u00a0\u00bbaccent\u00a0\u00bb heading_semantic=\u00a0\u00bbh5&Prime; text_size=\u00a0\u00bbh5&Prime; text_transform=\u00a0\u00bbuppercase\u00a0\u00bb uncode_shortcode_id=\u00a0\u00bb114825&Prime; text_color_type=\u00a0\u00bbuncode-palette\u00a0\u00bb]osta agenda[\/vc_custom_heading][vc_custom_heading uncode_shortcode_id=\u00a0\u00bb141179&Prime;]<span style=\"text-decoration: underline;\">Nos activit\u00e9s<\/span>[\/vc_custom_heading][vc_custom_heading uncode_shortcode_id=\u00a0\u00bb168478&Prime;]Nous sommes heureux d&rsquo;annoncer nos activit\u00e9s.[\/vc_custom_heading][vc_custom_heading heading_semantic=\u00a0\u00bbh3&Prime; text_size=\u00a0\u00bbh3&Prime; uncode_shortcode_id=\u00a0\u00bb130718&Prime;]Rejoignez-nous pour des \u00e9v\u00e9nements pendant l&rsquo;hiver\/printemps 2025.[\/vc_custom_heading][vc_separator sep_color=\u00a0\u00bbcolor-jevc\u00a0\u00bb uncode_shortcode_id=\u00a0\u00bb165794&Prime; sep_color_type=\u00a0\u00bbuncode-palette\u00a0\u00bb el_height=\u00a0\u00bb1px\u00a0\u00bb][vc_custom_heading uncode_shortcode_id=\u00a0\u00bb122242&Prime;]<span style=\"text-decoration: underline;\">Festivals<\/span>[\/vc_custom_heading][vc_column_text uncode_shortcode_id=\u00a0\u00bb548755&Prime;]<mark class=\"custom-mark\"><span class=\"notion-enable-hover\" data-token-index=\"0\">P\u00e8lerinage<\/span><!-- notionvc: b93f0428-260a-475f-a707-1435fb16b0e0 --><\/mark><\/p>\n<p><strong>P\u00e8lerinage &lsquo;Walk of Wisdom&rsquo; (5-12 avril 2025)<\/strong><\/p>\n<p>OSTA organise une marche le long du <a href=\"https:\/\/walkofwisdom.org\/pelgrimsroute\/de-walk-of-wisdom-pelgrimsroute-rondom-nijmegen\/\">Walk of Wisdom<\/a> (147 km autour de Nim\u00e8gue, Pays-Bas). Les participants prennent en charge leurs propres frais d&rsquo;h\u00e9bergement et de repas. Ce p\u00e8lerinage offre un espace de r\u00e9flexion collective sur le lien entre les humains, les animaux et la nature.<\/p>\n<p><em>Email :<\/em> <strong><a href=\"mailto:info@osta.be\">info@osta.be<\/a><\/strong> pour plus d&rsquo;informations et\/ou pour s&rsquo;inscrire<\/p>\n<p><!-- notionvc: 903115aa-0ad3-402c-b604-730ee35287e0 -->\u00a0[\/vc_column_text][vc_custom_heading uncode_shortcode_id=\u00a0\u00bb207486&Prime;]<span style=\"text-decoration: underline;\">M\u00e9ditation<\/span>[\/vc_custom_heading][vc_column_text uncode_shortcode_id=\u00a0\u00bb212030&Prime;]<mark class=\"custom-mark\">Sessions de m\u00e9ditation via Zoom<\/mark><\/p>\n<p>En tant qu&rsquo;assistante du ma\u00eetre Reiki japonais Atsushi Kubo, Jennifer Duvillers guide des s\u00e9ances de m\u00e9ditation gu\u00e9rissante qui se concentrent sur la posture corporelle correcte, la purification des pens\u00e9es et des \u00e9motions, et l&rsquo;auto-gu\u00e9rison. Les s\u00e9ances sont propos\u00e9es sur la base d&rsquo;une contribution libre.<!-- notionvc: 1f5536c8-d674-4772-b3b4-e3f3b9c8cc86 --><\/p>\n<p><em><span style=\"text-decoration: underline;\">Email :<\/span><\/em> <strong><span style=\"text-decoration: underline;\"><a rel=\"noopener\">info@osta.be<\/a><\/span><\/strong> pour recevoir le lien Zoom.<\/p>\n<p>Tous les mardis en 2025 | 19:30 \u2013 20:30[\/vc_column_text][vc_custom_heading uncode_shortcode_id=\u00a0\u00bb321233&Prime;]<span style=\"text-decoration: underline;\">\u00c9v\u00e9nements Sp\u00e9ciaux<\/span>[\/vc_custom_heading][vc_column_text uncode_shortcode_id=\u00a0\u00bb534626&Prime;]<mark class=\"custom-mark\">Atelier de M\u00e9ditation Reiki Japonais<\/mark><br \/>\n<span style=\"text-decoration: underline;\"><em>Lieu<\/em><\/span><em> :<\/em> Yoga Zuid, Louvain<br \/>\n<span style=\"text-decoration: underline;\"><em>Date<\/em><\/span><em> :<\/em> Dimanche 2 f\u00e9vrier, 9 mars et 20 avril 2025 | 13h30 \u2013 15h30<br \/>\n<span style=\"text-decoration: underline;\">Register<\/span>:\u00a0<a class=\"cursor-init\" href=\"https:\/\/studiozuidleuven.be\/japanese-reiki-meditation-workshop\/\" target=\"_blank\" rel=\"noopener\">https:\/\/studiozuidleuven.be\/japanese-reiki-meditation-workshop\/<\/a><br \/>\n<span style=\"text-decoration: underline;\">Healer<\/span>: Atsushi Kubo, Jennifer Duvillers est un de ces assistants<!-- notionvc: daa3f4f8-359f-4195-b910-06d7a150b595 --><\/p>\n<p><!-- notionvc: eadaa779-b3eb-4f63-8e49-22a52d1a2285 --><mark class=\"custom-mark\">Cercles de Respiration<\/mark><br \/>\n<span style=\"text-decoration: underline;\"><em>Lieu<\/em><\/span><em> :<\/em> Yoga Zuid, Louvain<br \/>\n<span style=\"text-decoration: underline;\"><em>Date<\/em><\/span><em> :<\/em> Samedi\u00a022 f\u00e9vrier, 22 mars et 26 avril 2025 | 14h00 \u2013 16h00<!-- notionvc: c1aa8c5f-918c-4172-b79b-b715de9be151 --><br \/>\n<span style=\"text-decoration: underline;\">Register<\/span>:\u00a0<a href=\"https:\/\/studiozuidleuven.be\/ademcirkels\/\">https:\/\/studiozuidleuven.be\/ademcirkels\/<\/a><br \/>\n<span style=\"text-decoration: underline;\">Co-anim\u00e9<\/span> par Elisabeth Claes et Jennifer Duvillers[\/vc_column_text][\/vc_column][\/vc_row][vc_row row_height_percent=\u00a0\u00bb50&Prime; override_padding=\u00a0\u00bbyes\u00a0\u00bb h_padding=\u00a0\u00bb2&Prime; top_padding=\u00a0\u00bb5&Prime; bottom_padding=\u00a0\u00bb5&Prime; back_color=\u00a0\u00bbcolor-725701&Prime; overlay_alpha=\u00a0\u00bb0&Prime; equal_height=\u00a0\u00bbyes\u00a0\u00bb gutter_size=\u00a0\u00bb4&Prime; column_width_percent=\u00a0\u00bb100&Prime; shift_y=\u00a0\u00bb0&Prime; z_index=\u00a0\u00bb0&Prime; enable_top_divider=\u00a0\u00bbdefault\u00a0\u00bb shape_top_invert=\u00a0\u00bbyes\u00a0\u00bb shape_top_h_use_pixel=\u00a0\u00bb\u00a0\u00bb shape_top_height=\u00a0\u00bb100&Prime; shape_top_color=\u00a0\u00bbcolor-xsdn\u00a0\u00bb shape_top_opacity=\u00a0\u00bb100&Prime; shape_top_index=\u00a0\u00bb0&Prime; content_parallax=\u00a0\u00bb0&Prime; uncode_shortcode_id=\u00a0\u00bb535611&Prime; back_color_type=\u00a0\u00bbuncode-palette\u00a0\u00bb shape_top_color_type=\u00a0\u00bbuncode-palette\u00a0\u00bb][vc_column column_width_percent=\u00a0\u00bb100&Prime; position_vertical=\u00a0\u00bbmiddle\u00a0\u00bb align_horizontal=\u00a0\u00bbalign_center\u00a0\u00bb gutter_size=\u00a0\u00bb3&Prime; style=\u00a0\u00bbdark\u00a0\u00bb overlay_alpha=\u00a0\u00bb50&Prime; shift_x=\u00a0\u00bb0&Prime; shift_y=\u00a0\u00bb0&Prime; shift_y_down=\u00a0\u00bb0&Prime; z_index=\u00a0\u00bb0&Prime; medium_width=\u00a0\u00bb0&Prime; mobile_width=\u00a0\u00bb0&Prime; width=\u00a0\u00bb1\/1&Prime;][vc_custom_heading text_color=\u00a0\u00bbcolor-jevc\u00a0\u00bb heading_semantic=\u00a0\u00bbh6&Prime; text_size=\u00a0\u00bbh6&Prime; text_transform=\u00a0\u00bbuppercase\u00a0\u00bb uncode_shortcode_id=\u00a0\u00bb176640&Prime; text_color_type=\u00a0\u00bbuncode-palette\u00a0\u00bb]Nous nous ferons un plaisir de r\u00e9pondre \u00e0 votre demande[\/vc_custom_heading][vc_custom_heading text_color=\u00a0\u00bbcolor-wvjs\u00a0\u00bb heading_semantic=\u00a0\u00bbh3&Prime; text_size=\u00a0\u00bbh1&Prime; uncode_shortcode_id=\u00a0\u00bb419081&Prime; text_color_type=\u00a0\u00bbuncode-palette\u00a0\u00bb]<span class=\"notion-enable-hover\" data-token-index=\"0\">Veuillez nous envoyer un email pour r\u00e9server votre place.<\/span><!-- notionvc: a4508d82-0351-4d6c-bef9-f2c48741a85e -->[\/vc_custom_heading][vc_button border_width=\u00a0\u00bb0&Prime; link=\u00a0\u00bburl:%23||target:%20_blank|\u00a0\u00bb uncode_shortcode_id=\u00a0\u00bb110620&Prime;]info@osta.be[\/vc_button][\/vc_column][\/vc_row]<\/p>\n<\/div>","protected":false},"excerpt":{"rendered":"<p>[vc_row unlock_row_content=\u00a0\u00bbyes\u00a0\u00bb row_height_percent=\u00a0\u00bb60&Prime; override_padding=\u00a0\u00bbyes\u00a0\u00bb h_padding=\u00a0\u00bb2&Prime; top_padding=\u00a0\u00bb4&Prime; bottom_padding=\u00a0\u00bb3&Prime; back_image=\u00a0\u00bb133692&Prime; parallax=\u00a0\u00bbyes\u00a0\u00bb overlay_color=\u00a0\u00bbcolor-jevc\u00a0\u00bb overlay_alpha=\u00a0\u00bb40&Prime; gutter_size=\u00a0\u00bb3&Prime; column_width_percent=\u00a0\u00bb100&Prime; shift_y=\u00a0\u00bb0&Prime; z_index=\u00a0\u00bb0&Prime; enable_bottom_divider=\u00a0\u00bbdefault\u00a0\u00bb shape_bottom_invert=\u00a0\u00bbyes\u00a0\u00bb shape_bottom_h_use_pixel=\u00a0\u00bb\u00a0\u00bb shape_bottom_height=\u00a0\u00bb100&Prime; shape_bottom_opacity=\u00a0\u00bb100&Prime; [&hellip;]<\/p>\n","protected":false},"author":1,"featured_media":0,"parent":0,"menu_order":0,"comment_status":"closed","ping_status":"closed","template":"","meta":{"give_campaign_id":0,"footnotes":""},"class_list":["post-133742","page","type-page","status-publish","hentry"],"yoast_head":"<!-- This site is optimized with the Yoast SEO plugin v27.3 - https:\/\/yoast.com\/product\/yoast-seo-wordpress\/ -->\n<title>OSTA &#8212; Agenda<\/title>\n<meta name=\"description\" content=\"OSTA\u2019s mission is to serve the interests of animals, cultivate a sustainable community, and enhance the bond between humans and animals.\" \/>\n<meta name=\"robots\" content=\"index, follow, max-snippet:-1, max-image-preview:large, max-video-preview:-1\" \/>\n<link rel=\"canonical\" href=\"https:\/\/osta.be\/fr\/agenda\/\" \/>\n<meta property=\"og:locale\" content=\"fr_FR\" \/>\n<meta property=\"og:type\" content=\"article\" \/>\n<meta property=\"og:title\" content=\"OSTA &#8212; Agenda\" \/>\n<meta property=\"og:description\" content=\"OSTA\u2019s mission is to serve the interests of animals, cultivate a sustainable community, and enhance the bond between humans and animals.\" \/>\n<meta property=\"og:url\" content=\"https:\/\/osta.be\/fr\/agenda\/\" \/>\n<meta property=\"og:site_name\" content=\"OSTA\" \/>\n<meta property=\"article:modified_time\" content=\"2025-01-25T11:23:25+00:00\" \/>\n<meta property=\"og:image\" content=\"https:\/\/osta.be\/wp-content\/uploads\/2024\/06\/osta-activities-seo-01.jpg\" \/>\n\t<meta property=\"og:image:width\" content=\"1200\" \/>\n\t<meta property=\"og:image:height\" content=\"675\" \/>\n\t<meta property=\"og:image:type\" content=\"image\/jpeg\" \/>\n<meta name=\"twitter:card\" content=\"summary_large_image\" \/>\n<meta name=\"twitter:label1\" content=\"Dur\u00e9e de lecture estim\u00e9e\" \/>\n\t<meta name=\"twitter:data1\" content=\"2 minutes\" \/>\n<script type=\"application\/ld+json\" class=\"yoast-schema-graph\">{\"@context\":\"https:\\\/\\\/schema.org\",\"@graph\":[{\"@type\":\"WebPage\",\"@id\":\"https:\\\/\\\/osta.be\\\/fr\\\/agenda\\\/\",\"url\":\"https:\\\/\\\/osta.be\\\/fr\\\/agenda\\\/\",\"name\":\"OSTA &#8212; Agenda\",\"isPartOf\":{\"@id\":\"https:\\\/\\\/osta.be\\\/fr\\\/#website\"},\"datePublished\":\"2024-11-16T16:45:20+00:00\",\"dateModified\":\"2025-01-25T11:23:25+00:00\",\"description\":\"OSTA\u2019s mission is to serve the interests of animals, cultivate a sustainable community, and enhance the bond between humans and animals.\",\"breadcrumb\":{\"@id\":\"https:\\\/\\\/osta.be\\\/fr\\\/agenda\\\/#breadcrumb\"},\"inLanguage\":\"fr-FR\",\"potentialAction\":[{\"@type\":\"ReadAction\",\"target\":[\"https:\\\/\\\/osta.be\\\/fr\\\/agenda\\\/\"]}]},{\"@type\":\"BreadcrumbList\",\"@id\":\"https:\\\/\\\/osta.be\\\/fr\\\/agenda\\\/#breadcrumb\",\"itemListElement\":[{\"@type\":\"ListItem\",\"position\":1,\"name\":\"Home\",\"item\":\"https:\\\/\\\/osta.be\\\/fr\\\/\"},{\"@type\":\"ListItem\",\"position\":2,\"name\":\"Agenda\"}]},{\"@type\":\"WebSite\",\"@id\":\"https:\\\/\\\/osta.be\\\/fr\\\/#website\",\"url\":\"https:\\\/\\\/osta.be\\\/fr\\\/\",\"name\":\"OSTA\",\"description\":\"\",\"publisher\":{\"@id\":\"https:\\\/\\\/osta.be\\\/fr\\\/#organization\"},\"potentialAction\":[{\"@type\":\"SearchAction\",\"target\":{\"@type\":\"EntryPoint\",\"urlTemplate\":\"https:\\\/\\\/osta.be\\\/fr\\\/?s={search_term_string}\"},\"query-input\":{\"@type\":\"PropertyValueSpecification\",\"valueRequired\":true,\"valueName\":\"search_term_string\"}}],\"inLanguage\":\"fr-FR\"},{\"@type\":\"Organization\",\"@id\":\"https:\\\/\\\/osta.be\\\/fr\\\/#organization\",\"name\":\"OSTA\",\"url\":\"https:\\\/\\\/osta.be\\\/fr\\\/\",\"logo\":{\"@type\":\"ImageObject\",\"inLanguage\":\"fr-FR\",\"@id\":\"https:\\\/\\\/osta.be\\\/fr\\\/#\\\/schema\\\/logo\\\/image\\\/\",\"url\":\"https:\\\/\\\/osta.be\\\/wp-content\\\/uploads\\\/2024\\\/06\\\/osta-logo.jpg\",\"contentUrl\":\"https:\\\/\\\/osta.be\\\/wp-content\\\/uploads\\\/2024\\\/06\\\/osta-logo.jpg\",\"width\":1000,\"height\":1000,\"caption\":\"OSTA\"},\"image\":{\"@id\":\"https:\\\/\\\/osta.be\\\/fr\\\/#\\\/schema\\\/logo\\\/image\\\/\"}}]}<\/script>\n<!-- \/ Yoast SEO plugin. -->","yoast_head_json":{"title":"OSTA &#8212; Agenda","description":"OSTA\u2019s mission is to serve the interests of animals, cultivate a sustainable community, and enhance the bond between humans and animals.","robots":{"index":"index","follow":"follow","max-snippet":"max-snippet:-1","max-image-preview":"max-image-preview:large","max-video-preview":"max-video-preview:-1"},"canonical":"https:\/\/osta.be\/fr\/agenda\/","og_locale":"fr_FR","og_type":"article","og_title":"OSTA &#8212; Agenda","og_description":"OSTA\u2019s mission is to serve the interests of animals, cultivate a sustainable community, and enhance the bond between humans and animals.","og_url":"https:\/\/osta.be\/fr\/agenda\/","og_site_name":"OSTA","article_modified_time":"2025-01-25T11:23:25+00:00","og_image":[{"width":1200,"height":675,"url":"https:\/\/osta.be\/wp-content\/uploads\/2024\/06\/osta-activities-seo-01.jpg","type":"image\/jpeg"}],"twitter_card":"summary_large_image","twitter_misc":{"Dur\u00e9e de lecture estim\u00e9e":"2 minutes"},"schema":{"@context":"https:\/\/schema.org","@graph":[{"@type":"WebPage","@id":"https:\/\/osta.be\/fr\/agenda\/","url":"https:\/\/osta.be\/fr\/agenda\/","name":"OSTA &#8212; Agenda","isPartOf":{"@id":"https:\/\/osta.be\/fr\/#website"},"datePublished":"2024-11-16T16:45:20+00:00","dateModified":"2025-01-25T11:23:25+00:00","description":"OSTA\u2019s mission is to serve the interests of animals, cultivate a sustainable community, and enhance the bond between humans and animals.","breadcrumb":{"@id":"https:\/\/osta.be\/fr\/agenda\/#breadcrumb"},"inLanguage":"fr-FR","potentialAction":[{"@type":"ReadAction","target":["https:\/\/osta.be\/fr\/agenda\/"]}]},{"@type":"BreadcrumbList","@id":"https:\/\/osta.be\/fr\/agenda\/#breadcrumb","itemListElement":[{"@type":"ListItem","position":1,"name":"Home","item":"https:\/\/osta.be\/fr\/"},{"@type":"ListItem","position":2,"name":"Agenda"}]},{"@type":"WebSite","@id":"https:\/\/osta.be\/fr\/#website","url":"https:\/\/osta.be\/fr\/","name":"OSTA","description":"","publisher":{"@id":"https:\/\/osta.be\/fr\/#organization"},"potentialAction":[{"@type":"SearchAction","target":{"@type":"EntryPoint","urlTemplate":"https:\/\/osta.be\/fr\/?s={search_term_string}"},"query-input":{"@type":"PropertyValueSpecification","valueRequired":true,"valueName":"search_term_string"}}],"inLanguage":"fr-FR"},{"@type":"Organization","@id":"https:\/\/osta.be\/fr\/#organization","name":"OSTA","url":"https:\/\/osta.be\/fr\/","logo":{"@type":"ImageObject","inLanguage":"fr-FR","@id":"https:\/\/osta.be\/fr\/#\/schema\/logo\/image\/","url":"https:\/\/osta.be\/wp-content\/uploads\/2024\/06\/osta-logo.jpg","contentUrl":"https:\/\/osta.be\/wp-content\/uploads\/2024\/06\/osta-logo.jpg","width":1000,"height":1000,"caption":"OSTA"},"image":{"@id":"https:\/\/osta.be\/fr\/#\/schema\/logo\/image\/"}}]}},"campaignId":"","_links":{"self":[{"href":"https:\/\/osta.be\/fr\/wp-json\/wp\/v2\/pages\/133742","targetHints":{"allow":["GET"]}}],"collection":[{"href":"https:\/\/osta.be\/fr\/wp-json\/wp\/v2\/pages"}],"about":[{"href":"https:\/\/osta.be\/fr\/wp-json\/wp\/v2\/types\/page"}],"author":[{"embeddable":true,"href":"https:\/\/osta.be\/fr\/wp-json\/wp\/v2\/users\/1"}],"replies":[{"embeddable":true,"href":"https:\/\/osta.be\/fr\/wp-json\/wp\/v2\/comments?post=133742"}],"version-history":[{"count":13,"href":"https:\/\/osta.be\/fr\/wp-json\/wp\/v2\/pages\/133742\/revisions"}],"predecessor-version":[{"id":134359,"href":"https:\/\/osta.be\/fr\/wp-json\/wp\/v2\/pages\/133742\/revisions\/134359"}],"wp:attachment":[{"href":"https:\/\/osta.be\/fr\/wp-json\/wp\/v2\/media?parent=133742"}],"curies":[{"name":"wp","href":"https:\/\/api.w.org\/{rel}","templated":true}]}}