{"id":133963,"date":"2024-10-31T11:22:41","date_gmt":"2024-10-31T11:22:41","guid":{"rendered":"https:\/\/osta.be\/contribution-failed\/"},"modified":"2024-12-03T10:04:32","modified_gmt":"2024-12-03T10:04:32","slug":"contribution-failed","status":"publish","type":"page","link":"https:\/\/osta.be\/fr\/contribution-failed\/","title":{"rendered":"Contribution \u00e9chou\u00e9e"},"content":{"rendered":"<p>Nous sommes d\u00e9sol\u00e9s, votre contribution n&rsquo;a pas pu \u00eatre trait\u00e9e. Veuillez r\u00e9essayer ou contacter le support du site.<\/p>\n","protected":false},"excerpt":{"rendered":"<p>Nous sommes d\u00e9sol\u00e9s, votre contribution n&rsquo;a pas pu \u00eatre trait\u00e9e. Veuillez r\u00e9essayer ou contacter le support du site.<\/p>\n","protected":false},"author":1,"featured_media":0,"parent":0,"menu_order":0,"comment_status":"closed","ping_status":"closed","template":"","meta":{"give_campaign_id":0,"footnotes":""},"class_list":["post-133963","page","type-page","status-publish","hentry"],"yoast_head":"<!-- This site is optimized with the Yoast SEO plugin v27.3 - https:\/\/yoast.com\/product\/yoast-seo-wordpress\/ -->\n<title>OSTA &#8212; Contribution \u00e9chou\u00e9e<\/title>\n<meta name=\"description\" content=\"OSTA\u2019s mission is to serve the interests of animals, cultivate a sustainable community, and enhance the bond between humans and animals.\" \/>\n<meta name=\"robots\" content=\"index, follow, max-snippet:-1, max-image-preview:large, max-video-preview:-1\" \/>\n<link rel=\"canonical\" href=\"https:\/\/osta.be\/fr\/contribution-failed\/\" \/>\n<meta property=\"og:locale\" content=\"fr_FR\" \/>\n<meta property=\"og:type\" content=\"article\" \/>\n<meta property=\"og:title\" content=\"OSTA &#8212; Contribution \u00e9chou\u00e9e\" \/>\n<meta property=\"og:description\" content=\"OSTA\u2019s mission is to serve the interests of animals, cultivate a sustainable community, and enhance the bond between humans and animals.\" \/>\n<meta property=\"og:url\" content=\"https:\/\/osta.be\/fr\/contribution-failed\/\" \/>\n<meta property=\"og:site_name\" content=\"OSTA\" \/>\n<meta property=\"article:modified_time\" content=\"2024-12-03T10:04:32+00:00\" \/>\n<meta property=\"og:image\" content=\"https:\/\/osta.be\/wp-content\/uploads\/2024\/06\/osta-activities-seo-01.jpg\" \/>\n\t<meta property=\"og:image:width\" content=\"1200\" \/>\n\t<meta property=\"og:image:height\" content=\"675\" \/>\n\t<meta property=\"og:image:type\" content=\"image\/jpeg\" \/>\n<meta name=\"twitter:card\" content=\"summary_large_image\" \/>\n<meta name=\"twitter:label1\" content=\"Dur\u00e9e de lecture estim\u00e9e\" \/>\n\t<meta name=\"twitter:data1\" content=\"1 minute\" \/>\n<script type=\"application\/ld+json\" class=\"yoast-schema-graph\">{\"@context\":\"https:\\\/\\\/schema.org\",\"@graph\":[{\"@type\":\"WebPage\",\"@id\":\"https:\\\/\\\/osta.be\\\/fr\\\/contribution-failed\\\/\",\"url\":\"https:\\\/\\\/osta.be\\\/fr\\\/contribution-failed\\\/\",\"name\":\"OSTA &#8212; Contribution \u00e9chou\u00e9e\",\"isPartOf\":{\"@id\":\"https:\\\/\\\/osta.be\\\/fr\\\/#website\"},\"datePublished\":\"2024-10-31T11:22:41+00:00\",\"dateModified\":\"2024-12-03T10:04:32+00:00\",\"description\":\"OSTA\u2019s mission is to serve the interests of animals, cultivate a sustainable community, and enhance the bond between humans and animals.\",\"breadcrumb\":{\"@id\":\"https:\\\/\\\/osta.be\\\/fr\\\/contribution-failed\\\/#breadcrumb\"},\"inLanguage\":\"fr-FR\",\"potentialAction\":[{\"@type\":\"ReadAction\",\"target\":[\"https:\\\/\\\/osta.be\\\/fr\\\/contribution-failed\\\/\"]}]},{\"@type\":\"BreadcrumbList\",\"@id\":\"https:\\\/\\\/osta.be\\\/fr\\\/contribution-failed\\\/#breadcrumb\",\"itemListElement\":[{\"@type\":\"ListItem\",\"position\":1,\"name\":\"Home\",\"item\":\"https:\\\/\\\/osta.be\\\/fr\\\/\"},{\"@type\":\"ListItem\",\"position\":2,\"name\":\"Contribution \u00e9chou\u00e9e\"}]},{\"@type\":\"WebSite\",\"@id\":\"https:\\\/\\\/osta.be\\\/fr\\\/#website\",\"url\":\"https:\\\/\\\/osta.be\\\/fr\\\/\",\"name\":\"OSTA\",\"description\":\"\",\"publisher\":{\"@id\":\"https:\\\/\\\/osta.be\\\/fr\\\/#organization\"},\"potentialAction\":[{\"@type\":\"SearchAction\",\"target\":{\"@type\":\"EntryPoint\",\"urlTemplate\":\"https:\\\/\\\/osta.be\\\/fr\\\/?s={search_term_string}\"},\"query-input\":{\"@type\":\"PropertyValueSpecification\",\"valueRequired\":true,\"valueName\":\"search_term_string\"}}],\"inLanguage\":\"fr-FR\"},{\"@type\":\"Organization\",\"@id\":\"https:\\\/\\\/osta.be\\\/fr\\\/#organization\",\"name\":\"OSTA\",\"url\":\"https:\\\/\\\/osta.be\\\/fr\\\/\",\"logo\":{\"@type\":\"ImageObject\",\"inLanguage\":\"fr-FR\",\"@id\":\"https:\\\/\\\/osta.be\\\/fr\\\/#\\\/schema\\\/logo\\\/image\\\/\",\"url\":\"https:\\\/\\\/osta.be\\\/wp-content\\\/uploads\\\/2024\\\/06\\\/osta-logo.jpg\",\"contentUrl\":\"https:\\\/\\\/osta.be\\\/wp-content\\\/uploads\\\/2024\\\/06\\\/osta-logo.jpg\",\"width\":1000,\"height\":1000,\"caption\":\"OSTA\"},\"image\":{\"@id\":\"https:\\\/\\\/osta.be\\\/fr\\\/#\\\/schema\\\/logo\\\/image\\\/\"}}]}<\/script>\n<!-- \/ Yoast SEO plugin. -->","yoast_head_json":{"title":"OSTA &#8212; Contribution \u00e9chou\u00e9e","description":"OSTA\u2019s mission is to serve the interests of animals, cultivate a sustainable community, and enhance the bond between humans and animals.","robots":{"index":"index","follow":"follow","max-snippet":"max-snippet:-1","max-image-preview":"max-image-preview:large","max-video-preview":"max-video-preview:-1"},"canonical":"https:\/\/osta.be\/fr\/contribution-failed\/","og_locale":"fr_FR","og_type":"article","og_title":"OSTA &#8212; Contribution \u00e9chou\u00e9e","og_description":"OSTA\u2019s mission is to serve the interests of animals, cultivate a sustainable community, and enhance the bond between humans and animals.","og_url":"https:\/\/osta.be\/fr\/contribution-failed\/","og_site_name":"OSTA","article_modified_time":"2024-12-03T10:04:32+00:00","og_image":[{"width":1200,"height":675,"url":"https:\/\/osta.be\/wp-content\/uploads\/2024\/06\/osta-activities-seo-01.jpg","type":"image\/jpeg"}],"twitter_card":"summary_large_image","twitter_misc":{"Dur\u00e9e de lecture estim\u00e9e":"1 minute"},"schema":{"@context":"https:\/\/schema.org","@graph":[{"@type":"WebPage","@id":"https:\/\/osta.be\/fr\/contribution-failed\/","url":"https:\/\/osta.be\/fr\/contribution-failed\/","name":"OSTA &#8212; Contribution \u00e9chou\u00e9e","isPartOf":{"@id":"https:\/\/osta.be\/fr\/#website"},"datePublished":"2024-10-31T11:22:41+00:00","dateModified":"2024-12-03T10:04:32+00:00","description":"OSTA\u2019s mission is to serve the interests of animals, cultivate a sustainable community, and enhance the bond between humans and animals.","breadcrumb":{"@id":"https:\/\/osta.be\/fr\/contribution-failed\/#breadcrumb"},"inLanguage":"fr-FR","potentialAction":[{"@type":"ReadAction","target":["https:\/\/osta.be\/fr\/contribution-failed\/"]}]},{"@type":"BreadcrumbList","@id":"https:\/\/osta.be\/fr\/contribution-failed\/#breadcrumb","itemListElement":[{"@type":"ListItem","position":1,"name":"Home","item":"https:\/\/osta.be\/fr\/"},{"@type":"ListItem","position":2,"name":"Contribution \u00e9chou\u00e9e"}]},{"@type":"WebSite","@id":"https:\/\/osta.be\/fr\/#website","url":"https:\/\/osta.be\/fr\/","name":"OSTA","description":"","publisher":{"@id":"https:\/\/osta.be\/fr\/#organization"},"potentialAction":[{"@type":"SearchAction","target":{"@type":"EntryPoint","urlTemplate":"https:\/\/osta.be\/fr\/?s={search_term_string}"},"query-input":{"@type":"PropertyValueSpecification","valueRequired":true,"valueName":"search_term_string"}}],"inLanguage":"fr-FR"},{"@type":"Organization","@id":"https:\/\/osta.be\/fr\/#organization","name":"OSTA","url":"https:\/\/osta.be\/fr\/","logo":{"@type":"ImageObject","inLanguage":"fr-FR","@id":"https:\/\/osta.be\/fr\/#\/schema\/logo\/image\/","url":"https:\/\/osta.be\/wp-content\/uploads\/2024\/06\/osta-logo.jpg","contentUrl":"https:\/\/osta.be\/wp-content\/uploads\/2024\/06\/osta-logo.jpg","width":1000,"height":1000,"caption":"OSTA"},"image":{"@id":"https:\/\/osta.be\/fr\/#\/schema\/logo\/image\/"}}]}},"campaignId":"","_links":{"self":[{"href":"https:\/\/osta.be\/fr\/wp-json\/wp\/v2\/pages\/133963","targetHints":{"allow":["GET"]}}],"collection":[{"href":"https:\/\/osta.be\/fr\/wp-json\/wp\/v2\/pages"}],"about":[{"href":"https:\/\/osta.be\/fr\/wp-json\/wp\/v2\/types\/page"}],"author":[{"embeddable":true,"href":"https:\/\/osta.be\/fr\/wp-json\/wp\/v2\/users\/1"}],"replies":[{"embeddable":true,"href":"https:\/\/osta.be\/fr\/wp-json\/wp\/v2\/comments?post=133963"}],"version-history":[{"count":1,"href":"https:\/\/osta.be\/fr\/wp-json\/wp\/v2\/pages\/133963\/revisions"}],"predecessor-version":[{"id":133967,"href":"https:\/\/osta.be\/fr\/wp-json\/wp\/v2\/pages\/133963\/revisions\/133967"}],"wp:attachment":[{"href":"https:\/\/osta.be\/fr\/wp-json\/wp\/v2\/media?parent=133963"}],"curies":[{"name":"wp","href":"https:\/\/api.w.org\/{rel}","templated":true}]}}