{"id":132505,"date":"2024-05-23T11:44:22","date_gmt":"2024-05-23T10:44:22","guid":{"rendered":"https:\/\/osta.be\/faq\/"},"modified":"2025-03-31T15:50:38","modified_gmt":"2025-03-31T14:50:38","slug":"faq","status":"publish","type":"page","link":"https:\/\/osta.be\/nl\/faq\/","title":{"rendered":"Veelgestelde vragen"},"content":{"rendered":"<div class=\"wpb-content-wrapper\"><p>[vc_row unlock_row_content=&#8221;yes&#8221; row_height_percent=&#8221;60&#8243; override_padding=&#8221;yes&#8221; h_padding=&#8221;2&#8243; top_padding=&#8221;4&#8243; bottom_padding=&#8221;3&#8243; back_image=&#8221;133165&#8243; parallax=&#8221;yes&#8221; overlay_color=&#8221;color-jevc&#8221; overlay_alpha=&#8221;40&#8243; gutter_size=&#8221;3&#8243; column_width_percent=&#8221;100&#8243; shift_y=&#8221;0&#8243; z_index=&#8221;0&#8243; enable_bottom_divider=&#8221;default&#8221; shape_bottom_invert=&#8221;yes&#8221; shape_bottom_h_use_pixel=&#8221;&#8221; shape_bottom_height=&#8221;100&#8243; shape_bottom_opacity=&#8221;100&#8243; shape_bottom_index=&#8221;0&#8243; content_parallax=&#8221;0&#8243; uncode_shortcode_id=&#8221;169906&#8243; overlay_color_type=&#8221;uncode-palette&#8221;][vc_column column_width_percent=&#8221;100&#8243; position_vertical=&#8221;middle&#8221; align_horizontal=&#8221;align_center&#8221; gutter_size=&#8221;3&#8243; overlay_alpha=&#8221;50&#8243; shift_x=&#8221;0&#8243; shift_y=&#8221;0&#8243; shift_y_down=&#8221;0&#8243; z_index=&#8221;0&#8243; medium_width=&#8221;0&#8243; mobile_width=&#8221;0&#8243; width=&#8221;1\/1&#8243; uncode_shortcode_id=&#8221;197925&#8243;][vc_custom_heading text_color=&#8221;color-xsdn&#8221; heading_semantic=&#8221;h1&#8243; text_size=&#8221;h1&#8243; text_transform=&#8221;capitalize&#8221; sub_reduced=&#8221;yes&#8221; uncode_shortcode_id=&#8221;571764&#8243; text_color_type=&#8221;uncode-palette&#8221;]Veelgestelde Vragen[\/vc_custom_heading][vc_custom_heading text_color=&#8221;color-xsdn&#8221; uncode_shortcode_id=&#8221;387581&#8243; text_color_type=&#8221;uncode-palette&#8221;]Hier vindt u antwoorden op de meest gestelde vragen[\/vc_custom_heading][\/vc_column][\/vc_row][vc_row unlock_row_content=&#8221;yes&#8221; row_height_percent=&#8221;0&#8243; override_padding=&#8221;yes&#8221; h_padding=&#8221;2&#8243; top_padding=&#8221;3&#8243; bottom_padding=&#8221;2&#8243; overlay_alpha=&#8221;50&#8243; gutter_size=&#8221;3&#8243; column_width_percent=&#8221;100&#8243; shift_y=&#8221;0&#8243; z_index=&#8221;0&#8243; content_parallax=&#8221;0&#8243; uncode_shortcode_id=&#8221;113201&#8243;][vc_column column_width_use_pixel=&#8221;yes&#8221; gutter_size=&#8221;3&#8243; overlay_alpha=&#8221;50&#8243; shift_x=&#8221;0&#8243; shift_y=&#8221;0&#8243; shift_y_down=&#8221;0&#8243; z_index=&#8221;0&#8243; medium_width=&#8221;0&#8243; mobile_width=&#8221;0&#8243; width=&#8221;1\/1&#8243; uncode_shortcode_id=&#8221;651159&#8243; column_width_pixel=&#8221;1200&#8243;][vc_custom_heading text_color=&#8221;accent&#8221; heading_semantic=&#8221;h5&#8243; text_size=&#8221;h5&#8243; text_transform=&#8221;uppercase&#8221; uncode_shortcode_id=&#8221;113083&#8243; text_color_type=&#8221;uncode-palette&#8221;]osta uitgelegd[\/vc_custom_heading][vc_custom_heading text_transform=&#8221;capitalize&#8221; sub_reduced=&#8221;yes&#8221; uncode_shortcode_id=&#8221;896359&#8243;]<span style=\"text-decoration: underline;\">FAQ<\/span>[\/vc_custom_heading][\/vc_column][\/vc_row][vc_row unlock_row_content=&#8221;yes&#8221; row_height_percent=&#8221;0&#8243; override_padding=&#8221;yes&#8221; h_padding=&#8221;2&#8243; top_padding=&#8221;2&#8243; bottom_padding=&#8221;3&#8243; overlay_alpha=&#8221;50&#8243; gutter_size=&#8221;3&#8243; column_width_percent=&#8221;100&#8243; shift_y=&#8221;0&#8243; z_index=&#8221;0&#8243; content_parallax=&#8221;0&#8243; uncode_shortcode_id=&#8221;748672&#8243;][vc_column column_width_use_pixel=&#8221;yes&#8221; gutter_size=&#8221;3&#8243; back_color=&#8221;color-725701&#8243; overlay_alpha=&#8221;50&#8243; radius=&#8221;std&#8221; shift_x=&#8221;0&#8243; shift_y=&#8221;0&#8243; shift_y_down=&#8221;0&#8243; z_index=&#8221;0&#8243; medium_width=&#8221;0&#8243; mobile_width=&#8221;0&#8243; width=&#8221;1\/1&#8243; uncode_shortcode_id=&#8221;132438&#8243; column_width_pixel=&#8221;1200&#8243; back_color_type=&#8221;uncode-palette&#8221;][vc_accordion typography=&#8221;advanced&#8221; sign=&#8221;plus&#8221; gutter_simple=&#8221;0&#8243; titles_font=&#8221;font-186833&#8243; titles_size=&#8221;h3&#8243; titles_weight=&#8221;600&#8243; uncode_shortcode_id=&#8221;982655&#8243; active_tab=&#8221;0&#8243;][vc_accordion_tab gutter_size=&#8221;2&#8243; column_padding=&#8221;2&#8243; title=&#8221;Wat is OSTA ?&#8221; tab_id=&#8221;1716460489-1-710&#8243;][vc_column_text uncode_shortcode_id=&#8221;192421&#8243;]<strong>OSTA, de &#8220;<em>Organization for the Spiritual Treatment of Animals<\/em>&#8220;, zet zich in voor dieren en mensen via een combinatie van materi\u00eble en spirituele initiatieven.<\/strong><\/p>\n<ul>\n<li>Wij dienen dieren, bevorderen een duurzame gemeenschap en versterken de band tussen mens en dier.<\/li>\n<li>Liefde, respect en integriteit vormen onze kernwaarden. Deze principes sturen zowel onze interne als externe relaties.<\/li>\n<li>We hechten groot belang aan financi\u00eble transparantie, waarbij we onze toewijding aan dieren in balans brengen met praktische strategie\u00ebn en solide financi\u00eble planning.<\/li>\n<li>De beloega walvis is onze \u201c<em>Animal Spirit<\/em>\u201d, symbool voor genuanceerde communicatie, aanpassingsvermogen en leven in gemeenschap.<\/li>\n<li>OSTA symbolen: de <em>\u201cLotusbloem\u201d<\/em> (transitie van duisternis naar licht), de <em>\u201cCaduceus\u201d<\/em> (verbindende kracht van communicatie), het <em>\u201cHart\u201d<\/em> (onvoorwaardelijke liefde) en de <em>\u201cPijl\u201d<\/em> (onze verantwoordelijkheid om op te komen voor dieren).<\/li>\n<\/ul>\n<p>Bezoek de &#8216;Over Ons&#8217; sectie op onze website voor meer inzicht in onze missie en visie, ons team en onze waarden.[\/vc_column_text][\/vc_accordion_tab][vc_accordion_tab gutter_size=&#8221;2&#8243; column_padding=&#8221;2&#8243; title=&#8221;Hoe is OSTA ontstaan en het team samengesteld?&#8221; tab_id=&#8221;1716460489-2-228&#8243;][vc_column_text uncode_shortcode_id=&#8221;854211&#8243;]OSTA, opgericht op 20 maart 2024, is ontstaan vanuit een spirituele visie op dieren. Door onze sterke band met dieren kunnen we hun volledige wezen begrijpen en vertegenwoordigen &#8211; van fysiek tot emotioneel, mentaal en spiritueel.<\/p>\n<p>Door tijd met dieren door te brengen, leren we rechtstreeks van hen. Als brug tussen de dieren- en mensenwereld brengen we hun perspectief helder over. We willen een organisatie zijn die dieren zelf zouden kiezen, hun visie staat centraal in alles wat we doen.<\/p>\n<p>Als oprichtster en Chief Animal Officer brengt Jennifer Duvillers haar expertise in dieren en spiritualiteit samen om OSTA te leiden.<\/p>\n<p>OSTA wordt gedragen door een Adviesraad en een netwerk van consultants. Met een combinatie van idealisme, pragmatisme en financieel inzicht zet ons team expertise in op verschillende vlakken: strategie, onderzoek, communicatie en specialistische kennis. We werken vanuit spiritueel bewustzijn om mensen en dieren zo goed mogelijk te dienen.<\/p>\n<p>De volgende stap is OSTA verder uitbreiden met teamleden die de Adviesraad en Chief Animal Officer ondersteunen.[\/vc_column_text][\/vc_accordion_tab][vc_accordion_tab gutter_size=&#8221;2&#8243; column_padding=&#8221;2&#8243; title=&#8221;Wat zijn OSTA&#8217;s drie fundamentele pijlers?&#8221; tab_id=&#8221;1716465107799-3-34&#8243;][vc_column_text uncode_shortcode_id=&#8221;177385&#8243;]<strong>OSTA\u2019s drie pijlers richten zich op het ondersteunen van dieren, het ondersteunen van mensen en het ontwikkelen van activiteiten die de band tussen mens en dier versterken:<\/strong><\/p>\n<ol>\n<li><strong>Dieren dienen<\/strong>: OSTA streeft ernaar om het perspectief van dieren te belichamen en te vertegenwoordigen<\/li>\n<li><strong>Een duurzame OSTA-gemeenschap opbouwen<\/strong>: OSTA cre\u00ebert en ondersteunt een gemeenschap van mensen die een band hebben met dieren<\/li>\n<li><strong>Mens-dier relatie versterken:<\/strong> OSTA ontwikkelt initiatieven om de band tussen mens en dier te verdiepen.<\/li>\n<\/ol>\n<p>Voor een uitgebreide toelichting over onze pijlers, bezoek de sectie &#8220;Onze missie en visie&#8221; onder de &#8220;Over ons&#8221; tab op de website.[\/vc_column_text][\/vc_accordion_tab][vc_accordion_tab gutter_size=&#8221;2&#8243; column_padding=&#8221;2&#8243; title=&#8221;Hoe wordt OSTA&#8217;s strategie voor 2024 en 2025 vormgegeven?&#8221; tab_id=&#8221;1716465064649-2-05&#8243;][vc_column_text uncode_shortcode_id=&#8221;198541&#8243;]<strong>In 2024-2025 verdiepen we ons inzicht in de Vlaamse, Brusselse en Waalse dierenpopulaties en breiden we de OSTA gemeenschap uit met individuen, gemeenschappen en organisaties.\u00a0<\/strong>Onze doelstellingen:<\/p>\n<ul>\n<li><strong>Dieren beter begrijpen:<\/strong>we krijgen meer inzicht in de Vlaamse, Brusselse en Waalse dierenpopulaties en organiseren events, gericht op het beter begrijpen van deze populaties.<\/li>\n<li><strong>OSTA&#8217;s zichtbaarheid vergroten:<\/strong> Deelname aan festivals en evenementen, onderhouden van een online aanwezigheid en relaties bouwen met ge\u00efnteresseerde individuen en organisaties in het veld.<\/li>\n<li><strong>Opbouwen van een OSTA gemeenschap:<\/strong> Versterken van de collectieve kracht van de OSTA-gemeenschap door gelijkgestemde mensen te zoeken en vinden.<\/li>\n<li><strong>Bouwen aan een sterk fundament:<\/strong> versterken van de OSTA brand, implementatie van eenmarketing- en communicatiestrategie en het ontwikkelen van duurzame financi\u00eble strategie\u00ebn.<\/li>\n<li><strong>Partnerschappen aangaan:<\/strong>Identificeren en samenwerken met organisaties die OSTA\u2019s missie delen en win-win situaties cre\u00ebren.<\/li>\n<\/ul>\n<p>Deze doelstellingen, evenals de langetermijnvisie en OSTA brand, werden uitvoerig besproken tijdens OSTA&#8217;s inaugurale vergadering van 1 mei 2024. Tijdens de tweede vergadering van de adviesraad op 11 november 2024 lag de focus op de marketing- en communicatiestrategie\u00ebn. Een samenvatting van de eerste vergadering is te vinden onder het &#8220;Nieuws&#8221; tabblad op de website, getiteld: &#8220;Het Fundament Leggen: OSTA&#8217;s Eerste Adviesraad op 1 mei 2024&#8243;.[\/vc_column_text][\/vc_accordion_tab][vc_accordion_tab gutter_size=&#8221;2&#8243; column_padding=&#8221;2&#8243; title=&#8221;Hoe kan ik meewerken met OSTA voor dieren?&#8221; tab_id=&#8221;1716465132600-4-75&#8243;][vc_column_text uncode_shortcode_id=&#8221;176800&#8243;]Wij bouwen samen aan een duurzame gemeenschap, die zich inzet voor dieren, met focus op samenwerking en wederzijds vertrouwen. <strong>Zo kan jij meedoen :<\/strong><\/p>\n<ul>\n<li>Schrijf je in voor onze nieuwsbrief via het formulier onderaan<\/li>\n<li>Werk mee aan Dierprojecten<\/li>\n<li>Zet je eigen talenten in of vraag steun bij OSTA voor uw eigen initiatief<\/li>\n<li>Word lid van onze gemeenschap<\/li>\n<li>Versterk ons kernteam<\/li>\n<li>Steun ons met een financi\u00eble bijdrage.<\/li>\n<\/ul>\n<p>Ontdek alle mogelijkheden via de &#8220;Doe mee&#8221; knop bovenaan.[\/vc_column_text][\/vc_accordion_tab][vc_accordion_tab gutter_size=&#8221;2&#8243; column_padding=&#8221;2&#8243; title=&#8221;Wat is het Dierenlandschap?&#8221; tab_id=&#8221;1716465234785-5-46&#8243;][vc_column_text uncode_shortcode_id=&#8221;188951&#8243;]<strong>Het Dierenlandschap vormt ons centrale platform waar we dieren onderzoeken, begrijpen en representeren. We bouwen dit op rond vier kernpijlers: het Dierenhandvest, de Dierenhorizonten, de Dierenatlas en de Dierenexpedities.<\/strong><\/p>\n<ul>\n<li><strong>Dierenhandvest: <\/strong>Het OSTA Handvest beschrijft wat dieren van mensen nodig hebben. Deze tien kernpunten vormen het fundament van onze activiteiten.<\/li>\n<li><strong>Dierenhorizonten: <\/strong>In ons Dierenhorizonten-initiatief brengen we dierenpopulaties in kaart, identificeren we welzijnsfactoren en onderzoeken we uitdagingen voor dieren.<\/li>\n<li><strong>Dierenatlas: <\/strong>De Dierenatlas biedt een overzicht van het dierenrijk, met inzichten uit wetenschap, ethiek, beleid en spiritualiteit.<\/li>\n<li><strong>Dierenexpedities:\u00a0<\/strong>We belichten diereninitiatieven met hoge ethische en spirituele normen, die streven naar een duurzame mens-dier relatie.<\/li>\n<\/ul>\n<p>[\/vc_column_text][\/vc_accordion_tab][vc_accordion_tab gutter_size=&#8221;2&#8243; column_padding=&#8221;2&#8243; title=&#8221;Hoe kan ik OSTA contacteren?&#8221; tab_id=&#8221;1716465282137-6-14&#8243;][vc_column_text uncode_shortcode_id=&#8221;881030&#8243;]<strong>Zitten we op dezelfde golflengte?<\/strong> Neem contact met ons op! U kan ons bereiken via:<\/p>\n<ul>\n<li>Het contactformulier in de &#8216;Contacteer ons&#8217; sectie van onze website<\/li>\n<li>E-mail: <a href=\"mailto:info@osta.be\">info@osta.be<\/a><\/li>\n<\/ul>\n<p>We kijken er naar uit om met u in contact te komen.[\/vc_column_text][\/vc_accordion_tab][\/vc_accordion][\/vc_column][\/vc_row][vc_row unlock_row_content=&#8221;yes&#8221; row_height_percent=&#8221;0&#8243; overlay_alpha=&#8221;50&#8243; gutter_size=&#8221;3&#8243; column_width_percent=&#8221;100&#8243; shift_y=&#8221;0&#8243; z_index=&#8221;0&#8243; content_parallax=&#8221;0&#8243; uncode_shortcode_id=&#8221;126636&#8243;][vc_column width=&#8221;1\/1&#8243;][vc_gallery el_id=&#8221;gallery-636697&#8243; type=&#8221;carousel&#8221; medias=&#8221;131777,131775,131753,131741,131730,131732&#8243; carousel_lg=&#8221;4&#8243; carousel_md=&#8221;4&#8243; carousel_sm=&#8221;1&#8243; thumb_size=&#8221;one-one&#8221; gutter_size=&#8221;2&#8243; media_items=&#8221;media|nolink|original,icon&#8221; carousel_interval=&#8221;3000&#8243; carousel_navspeed=&#8221;400&#8243; carousel_loop=&#8221;yes&#8221; carousel_dots=&#8221;yes&#8221; carousel_dots_mobile=&#8221;yes&#8221; stage_padding=&#8221;0&#8243; single_shape=&#8221;round&#8221; radius=&#8221;lg&#8221; single_overlay_opacity=&#8221;50&#8243; single_overlay_anim=&#8221;no&#8221; single_text_anim=&#8221;no&#8221; single_image_anim=&#8221;no&#8221; single_padding=&#8221;2&#8243; uncode_shortcode_id=&#8221;150198&#8243;][\/vc_column][\/vc_row][vc_row unlock_row_content=&#8221;yes&#8221; row_height_percent=&#8221;0&#8243; override_padding=&#8221;yes&#8221; h_padding=&#8221;2&#8243; top_padding=&#8221;2&#8243; bottom_padding=&#8221;5&#8243; overlay_alpha=&#8221;50&#8243; gutter_size=&#8221;3&#8243; column_width_percent=&#8221;100&#8243; shift_y=&#8221;0&#8243; z_index=&#8221;0&#8243; content_parallax=&#8221;0&#8243; uncode_shortcode_id=&#8221;170391&#8243;][vc_column column_width_use_pixel=&#8221;yes&#8221; gutter_size=&#8221;3&#8243; overlay_alpha=&#8221;50&#8243; shift_x=&#8221;0&#8243; shift_y=&#8221;0&#8243; shift_y_down=&#8221;0&#8243; z_index=&#8221;0&#8243; medium_width=&#8221;0&#8243; mobile_width=&#8221;0&#8243; width=&#8221;1\/1&#8243; uncode_shortcode_id=&#8221;651159&#8243; column_width_pixel=&#8221;1200&#8243;][vc_row_inner limit_content=&#8221;&#8221;][vc_column_inner column_width_percent=&#8221;100&#8243; gutter_size=&#8221;3&#8243; override_padding=&#8221;yes&#8221; column_padding=&#8221;3&#8243; style=&#8221;light&#8221; back_color=&#8221;color-lxmt&#8221; overlay_alpha=&#8221;50&#8243; radius=&#8221;lg&#8221; shift_x=&#8221;0&#8243; shift_y=&#8221;0&#8243; shift_y_down=&#8221;0&#8243; z_index=&#8221;0&#8243; medium_width=&#8221;0&#8243; mobile_width=&#8221;0&#8243; width=&#8221;1\/1&#8243; uncode_shortcode_id=&#8221;711941&#8243; back_color_type=&#8221;uncode-palette&#8221;][vc_custom_heading uncode_shortcode_id=&#8221;506364&#8243;]Zitten we op dezelfde golflengte ? Neem dan contact met ons op.[\/vc_custom_heading][vc_button radius=&#8221;btn-circle&#8221; custom_typo=&#8221;yes&#8221; font_family=&#8221;font-555555&#8243; font_weight=&#8221;600&#8243; border_width=&#8221;0&#8243; icon_position=&#8221;right&#8221; icon=&#8221;fa fa-arrow-right2&#8243; uncode_shortcode_id=&#8221;124750&#8243; link=&#8221;url:https%3A%2F%2Fosta.be%2Fcontact%2F&#8221;]Contacteer ons[\/vc_button][\/vc_column_inner][\/vc_row_inner][\/vc_column][\/vc_row][vc_row unlock_row_content=&#8221;yes&#8221; row_height_percent=&#8221;0&#8243; override_padding=&#8221;yes&#8221; h_padding=&#8221;2&#8243; top_padding=&#8221;5&#8243; bottom_padding=&#8221;5&#8243; back_color=&#8221;color-725701&#8243; overlay_alpha=&#8221;50&#8243; gutter_size=&#8221;3&#8243; column_width_percent=&#8221;100&#8243; shift_y=&#8221;0&#8243; z_index=&#8221;0&#8243; enable_top_divider=&#8221;default&#8221; shape_top_invert=&#8221;yes&#8221; shape_top_h_use_pixel=&#8221;&#8221; shape_top_height=&#8221;100&#8243; shape_top_opacity=&#8221;100&#8243; shape_top_index=&#8221;0&#8243; content_parallax=&#8221;0&#8243; uncode_shortcode_id=&#8221;129311&#8243; back_color_type=&#8221;uncode-palette&#8221;][vc_column column_width_use_pixel=&#8221;yes&#8221; gutter_size=&#8221;3&#8243; style=&#8221;dark&#8221; overlay_alpha=&#8221;50&#8243; shift_x=&#8221;0&#8243; shift_y=&#8221;0&#8243; shift_y_down=&#8221;0&#8243; z_index=&#8221;0&#8243; medium_width=&#8221;0&#8243; mobile_width=&#8221;0&#8243; width=&#8221;1\/1&#8243; column_width_pixel=&#8221;1200&#8243; uncode_shortcode_id=&#8221;174709&#8243;][vc_custom_heading text_color=&#8221;color-wvjs&#8221; heading_semantic=&#8221;h3&#8243; uncode_shortcode_id=&#8221;109738&#8243; text_color_type=&#8221;uncode-palette&#8221;]&#8221;OSTA gelooft in duurzame samenwerking tussen mens en dier.&#8221;[\/vc_custom_heading][\/vc_column][\/vc_row]<\/p>\n<\/div>","protected":false},"excerpt":{"rendered":"<p>[vc_row unlock_row_content=&#8221;yes&#8221; row_height_percent=&#8221;60&#8243; override_padding=&#8221;yes&#8221; h_padding=&#8221;2&#8243; top_padding=&#8221;4&#8243; bottom_padding=&#8221;3&#8243; back_image=&#8221;133165&#8243; parallax=&#8221;yes&#8221; overlay_color=&#8221;color-jevc&#8221; overlay_alpha=&#8221;40&#8243; gutter_size=&#8221;3&#8243; column_width_percent=&#8221;100&#8243; shift_y=&#8221;0&#8243; z_index=&#8221;0&#8243; enable_bottom_divider=&#8221;default&#8221; shape_bottom_invert=&#8221;yes&#8221; shape_bottom_h_use_pixel=&#8221;&#8221; shape_bottom_height=&#8221;100&#8243; shape_bottom_opacity=&#8221;100&#8243; [&hellip;]<\/p>\n","protected":false},"author":1,"featured_media":0,"parent":0,"menu_order":0,"comment_status":"closed","ping_status":"closed","template":"","meta":{"give_campaign_id":0,"footnotes":""},"class_list":["post-132505","page","type-page","status-publish","hentry"],"yoast_head":"<!-- This site is optimized with the Yoast SEO plugin v27.3 - https:\/\/yoast.com\/product\/yoast-seo-wordpress\/ -->\n<title>OSTA &#8212; Veelgestelde vragen<\/title>\n<meta name=\"description\" content=\"OSTA\u2019s mission is to serve the interests of animals, cultivate a sustainable community, and enhance the bond between humans and animals.\" \/>\n<meta name=\"robots\" content=\"index, follow, max-snippet:-1, max-image-preview:large, max-video-preview:-1\" \/>\n<link rel=\"canonical\" href=\"https:\/\/osta.be\/nl\/faq\/\" \/>\n<meta property=\"og:locale\" content=\"nl_NL\" \/>\n<meta property=\"og:type\" content=\"article\" \/>\n<meta property=\"og:title\" content=\"OSTA &#8212; Veelgestelde vragen\" \/>\n<meta property=\"og:description\" content=\"OSTA\u2019s mission is to serve the interests of animals, cultivate a sustainable community, and enhance the bond between humans and animals.\" \/>\n<meta property=\"og:url\" content=\"https:\/\/osta.be\/nl\/faq\/\" \/>\n<meta property=\"og:site_name\" content=\"OSTA\" \/>\n<meta property=\"article:modified_time\" content=\"2025-03-31T14:50:38+00:00\" \/>\n<meta property=\"og:image\" content=\"https:\/\/osta.be\/wp-content\/uploads\/2024\/06\/osta-activities-seo-01.jpg\" \/>\n\t<meta property=\"og:image:width\" content=\"1200\" \/>\n\t<meta property=\"og:image:height\" content=\"675\" \/>\n\t<meta property=\"og:image:type\" content=\"image\/jpeg\" \/>\n<meta name=\"twitter:card\" content=\"summary_large_image\" \/>\n<meta name=\"twitter:label1\" content=\"Geschatte leestijd\" \/>\n\t<meta name=\"twitter:data1\" content=\"6 minuten\" \/>\n<script type=\"application\/ld+json\" class=\"yoast-schema-graph\">{\"@context\":\"https:\\\/\\\/schema.org\",\"@graph\":[{\"@type\":\"WebPage\",\"@id\":\"https:\\\/\\\/osta.be\\\/nl\\\/faq\\\/\",\"url\":\"https:\\\/\\\/osta.be\\\/nl\\\/faq\\\/\",\"name\":\"OSTA &#8212; Veelgestelde vragen\",\"isPartOf\":{\"@id\":\"https:\\\/\\\/osta.be\\\/nl\\\/#website\"},\"datePublished\":\"2024-05-23T10:44:22+00:00\",\"dateModified\":\"2025-03-31T14:50:38+00:00\",\"description\":\"OSTA\u2019s mission is to serve the interests of animals, cultivate a sustainable community, and enhance the bond between humans and animals.\",\"breadcrumb\":{\"@id\":\"https:\\\/\\\/osta.be\\\/nl\\\/faq\\\/#breadcrumb\"},\"inLanguage\":\"nl-NL\",\"potentialAction\":[{\"@type\":\"ReadAction\",\"target\":[\"https:\\\/\\\/osta.be\\\/nl\\\/faq\\\/\"]}]},{\"@type\":\"BreadcrumbList\",\"@id\":\"https:\\\/\\\/osta.be\\\/nl\\\/faq\\\/#breadcrumb\",\"itemListElement\":[{\"@type\":\"ListItem\",\"position\":1,\"name\":\"Home\",\"item\":\"https:\\\/\\\/osta.be\\\/nl\\\/\"},{\"@type\":\"ListItem\",\"position\":2,\"name\":\"Veelgestelde vragen\"}]},{\"@type\":\"WebSite\",\"@id\":\"https:\\\/\\\/osta.be\\\/nl\\\/#website\",\"url\":\"https:\\\/\\\/osta.be\\\/nl\\\/\",\"name\":\"OSTA\",\"description\":\"\",\"publisher\":{\"@id\":\"https:\\\/\\\/osta.be\\\/nl\\\/#organization\"},\"potentialAction\":[{\"@type\":\"SearchAction\",\"target\":{\"@type\":\"EntryPoint\",\"urlTemplate\":\"https:\\\/\\\/osta.be\\\/nl\\\/?s={search_term_string}\"},\"query-input\":{\"@type\":\"PropertyValueSpecification\",\"valueRequired\":true,\"valueName\":\"search_term_string\"}}],\"inLanguage\":\"nl-NL\"},{\"@type\":\"Organization\",\"@id\":\"https:\\\/\\\/osta.be\\\/nl\\\/#organization\",\"name\":\"OSTA\",\"url\":\"https:\\\/\\\/osta.be\\\/nl\\\/\",\"logo\":{\"@type\":\"ImageObject\",\"inLanguage\":\"nl-NL\",\"@id\":\"https:\\\/\\\/osta.be\\\/nl\\\/#\\\/schema\\\/logo\\\/image\\\/\",\"url\":\"https:\\\/\\\/osta.be\\\/wp-content\\\/uploads\\\/2024\\\/06\\\/osta-logo.jpg\",\"contentUrl\":\"https:\\\/\\\/osta.be\\\/wp-content\\\/uploads\\\/2024\\\/06\\\/osta-logo.jpg\",\"width\":1000,\"height\":1000,\"caption\":\"OSTA\"},\"image\":{\"@id\":\"https:\\\/\\\/osta.be\\\/nl\\\/#\\\/schema\\\/logo\\\/image\\\/\"}}]}<\/script>\n<!-- \/ Yoast SEO plugin. -->","yoast_head_json":{"title":"OSTA &#8212; Veelgestelde vragen","description":"OSTA\u2019s mission is to serve the interests of animals, cultivate a sustainable community, and enhance the bond between humans and animals.","robots":{"index":"index","follow":"follow","max-snippet":"max-snippet:-1","max-image-preview":"max-image-preview:large","max-video-preview":"max-video-preview:-1"},"canonical":"https:\/\/osta.be\/nl\/faq\/","og_locale":"nl_NL","og_type":"article","og_title":"OSTA &#8212; Veelgestelde vragen","og_description":"OSTA\u2019s mission is to serve the interests of animals, cultivate a sustainable community, and enhance the bond between humans and animals.","og_url":"https:\/\/osta.be\/nl\/faq\/","og_site_name":"OSTA","article_modified_time":"2025-03-31T14:50:38+00:00","og_image":[{"width":1200,"height":675,"url":"https:\/\/osta.be\/wp-content\/uploads\/2024\/06\/osta-activities-seo-01.jpg","type":"image\/jpeg"}],"twitter_card":"summary_large_image","twitter_misc":{"Geschatte leestijd":"6 minuten"},"schema":{"@context":"https:\/\/schema.org","@graph":[{"@type":"WebPage","@id":"https:\/\/osta.be\/nl\/faq\/","url":"https:\/\/osta.be\/nl\/faq\/","name":"OSTA &#8212; Veelgestelde vragen","isPartOf":{"@id":"https:\/\/osta.be\/nl\/#website"},"datePublished":"2024-05-23T10:44:22+00:00","dateModified":"2025-03-31T14:50:38+00:00","description":"OSTA\u2019s mission is to serve the interests of animals, cultivate a sustainable community, and enhance the bond between humans and animals.","breadcrumb":{"@id":"https:\/\/osta.be\/nl\/faq\/#breadcrumb"},"inLanguage":"nl-NL","potentialAction":[{"@type":"ReadAction","target":["https:\/\/osta.be\/nl\/faq\/"]}]},{"@type":"BreadcrumbList","@id":"https:\/\/osta.be\/nl\/faq\/#breadcrumb","itemListElement":[{"@type":"ListItem","position":1,"name":"Home","item":"https:\/\/osta.be\/nl\/"},{"@type":"ListItem","position":2,"name":"Veelgestelde vragen"}]},{"@type":"WebSite","@id":"https:\/\/osta.be\/nl\/#website","url":"https:\/\/osta.be\/nl\/","name":"OSTA","description":"","publisher":{"@id":"https:\/\/osta.be\/nl\/#organization"},"potentialAction":[{"@type":"SearchAction","target":{"@type":"EntryPoint","urlTemplate":"https:\/\/osta.be\/nl\/?s={search_term_string}"},"query-input":{"@type":"PropertyValueSpecification","valueRequired":true,"valueName":"search_term_string"}}],"inLanguage":"nl-NL"},{"@type":"Organization","@id":"https:\/\/osta.be\/nl\/#organization","name":"OSTA","url":"https:\/\/osta.be\/nl\/","logo":{"@type":"ImageObject","inLanguage":"nl-NL","@id":"https:\/\/osta.be\/nl\/#\/schema\/logo\/image\/","url":"https:\/\/osta.be\/wp-content\/uploads\/2024\/06\/osta-logo.jpg","contentUrl":"https:\/\/osta.be\/wp-content\/uploads\/2024\/06\/osta-logo.jpg","width":1000,"height":1000,"caption":"OSTA"},"image":{"@id":"https:\/\/osta.be\/nl\/#\/schema\/logo\/image\/"}}]}},"campaignId":"","_links":{"self":[{"href":"https:\/\/osta.be\/nl\/wp-json\/wp\/v2\/pages\/132505","targetHints":{"allow":["GET"]}}],"collection":[{"href":"https:\/\/osta.be\/nl\/wp-json\/wp\/v2\/pages"}],"about":[{"href":"https:\/\/osta.be\/nl\/wp-json\/wp\/v2\/types\/page"}],"author":[{"embeddable":true,"href":"https:\/\/osta.be\/nl\/wp-json\/wp\/v2\/users\/1"}],"replies":[{"embeddable":true,"href":"https:\/\/osta.be\/nl\/wp-json\/wp\/v2\/comments?post=132505"}],"version-history":[{"count":38,"href":"https:\/\/osta.be\/nl\/wp-json\/wp\/v2\/pages\/132505\/revisions"}],"predecessor-version":[{"id":134467,"href":"https:\/\/osta.be\/nl\/wp-json\/wp\/v2\/pages\/132505\/revisions\/134467"}],"wp:attachment":[{"href":"https:\/\/osta.be\/nl\/wp-json\/wp\/v2\/media?parent=132505"}],"curies":[{"name":"wp","href":"https:\/\/api.w.org\/{rel}","templated":true}]}}